{"id":1013,"date":"2026-01-15T20:27:43","date_gmt":"2026-01-15T19:27:43","guid":{"rendered":"https:\/\/termtud.eltetrefort.hu\/?page_id=1013"},"modified":"2026-01-16T07:22:00","modified_gmt":"2026-01-16T06:22:00","slug":"vezetotanarok-orarendje-foldrajz","status":"publish","type":"page","link":"https:\/\/termtud.eltetrefort.hu\/?page_id=1013","title":{"rendered":"Vezet\u0151tan\u00e1rok \u00f3rarendje &#8211; f\u00f6ldrajz"},"content":{"rendered":"\n<p class=\"kozepre sorkizart has-contrast-color has-accent-2-background-color has-text-color has-background has-link-color has-medium-font-size wp-elements-2eab98da406b72fb9c0022a691a43c7f\" style=\"border-width:2px;margin-top:var(--wp--preset--spacing--30);margin-right:var(--wp--preset--spacing--50);margin-bottom:var(--wp--preset--spacing--30);margin-left:var(--wp--preset--spacing--50)\">A gyakorlatok sor\u00e1n az egyetemi \u00f3r\u00e1kat \u00e9s egy\u00e9b elfoglalts\u00e1gokat \u00f6ssze kell egyeztetni az iskolai \u00f3r\u00e1kkal. A vezet\u0151tan\u00e1r szem\u00e9lye \u00e1ltal\u00e1ban az \u00f3rarendje alapj\u00e1n d\u0151l el. K\u00e9rj\u00fck a hallgat\u00f3kat, vegy\u00e9k figyelembe, hogy vannak bizonyos szempontok, amelyek az iskola di\u00e1kjai \u00e9rdek\u00e9ben fontosak a gyakorlat elv\u00e9gz\u00e9se sor\u00e1n!<\/p>\n\n\n\n<div class=\"wp-block-group kozepre sorkizart has-global-padding is-layout-constrained wp-block-group-is-layout-constrained\">\n<ul class=\"wp-block-list\">\n<li class=\"has-medium-font-size\">Lehet\u0151leg egy oszt\u00e1lyban\/csoportban egy nagyobb \u00edv\u0171 t\u00e9mak\u00f6rt tan\u00edtson v\u00e9gig a tan\u00e1rjel\u00f6lt.<\/li>\n\n\n\n<li class=\"has-medium-font-size\">12.-esek fakult\u00e1ci\u00f3s \u00f3r\u00e1in nem szoktunk jel\u00f6lteket fogadni.<\/li>\n\n\n\n<li class=\"sorkizart has-medium-font-size\">Az RTAK-os hallgat\u00f3k vegy\u00e9k figyelembe, hogy nem tudj\u00e1k egy-k\u00e9t nap alatt elv\u00e9gezni a gyakorlatot, hiszen az \u00f3r\u00e1k ut\u00e1ni reflekt\u00edv besz\u00e9lget\u00e9s alapj\u00e1n kell a k\u00f6vetkez\u0151 \u00f3r\u00e1ra felk\u00e9sz\u00fclni a fejl\u0151d\u00e9s \u00e9rdek\u00e9ben.<\/li>\n<\/ul>\n<\/div>\n\n\n\n<figure class=\"wp-block-image aligncenter size-large\"><img loading=\"lazy\" decoding=\"async\" width=\"1024\" height=\"717\" src=\"http:\/\/termtud.eltetrefort.hu\/wp-content\/uploads\/2026\/01\/BHZS-1024x717.jpg\" alt=\"\" class=\"wp-image-1093\" srcset=\"https:\/\/termtud.eltetrefort.hu\/wp-content\/uploads\/2026\/01\/BHZS-1024x717.jpg 1024w, https:\/\/termtud.eltetrefort.hu\/wp-content\/uploads\/2026\/01\/BHZS-300x210.jpg 300w, https:\/\/termtud.eltetrefort.hu\/wp-content\/uploads\/2026\/01\/BHZS-768x538.jpg 768w, https:\/\/termtud.eltetrefort.hu\/wp-content\/uploads\/2026\/01\/BHZS.jpg 1125w\" sizes=\"auto, (max-width: 1024px) 100vw, 1024px\" \/><\/figure>\n\n\n\n<figure class=\"wp-block-image aligncenter size-large\"><img loading=\"lazy\" decoding=\"async\" width=\"1024\" height=\"711\" src=\"http:\/\/termtud.eltetrefort.hu\/wp-content\/uploads\/2026\/01\/KK-1024x711.jpg\" alt=\"\" class=\"wp-image-1095\" srcset=\"https:\/\/termtud.eltetrefort.hu\/wp-content\/uploads\/2026\/01\/KK-1024x711.jpg 1024w, https:\/\/termtud.eltetrefort.hu\/wp-content\/uploads\/2026\/01\/KK-300x208.jpg 300w, https:\/\/termtud.eltetrefort.hu\/wp-content\/uploads\/2026\/01\/KK-768x534.jpg 768w, https:\/\/termtud.eltetrefort.hu\/wp-content\/uploads\/2026\/01\/KK.jpg 1189w\" sizes=\"auto, (max-width: 1024px) 100vw, 1024px\" \/><\/figure>\n","protected":false},"excerpt":{"rendered":"<p>A gyakorlatok sor\u00e1n az egyetemi \u00f3r\u00e1kat \u00e9s egy\u00e9b elfoglalts\u00e1gokat \u00f6ssze kell egyeztetni az iskolai \u00f3r\u00e1kkal. A vezet\u0151tan\u00e1r szem\u00e9lye \u00e1ltal\u00e1ban az \u00f3rarendje alapj\u00e1n d\u0151l el. K\u00e9rj\u00fck a hallgat\u00f3kat, vegy\u00e9k figyelembe, hogy vannak bizonyos szempontok, amelyek az iskola di\u00e1kjai \u00e9rdek\u00e9ben fontosak a gyakorlat elv\u00e9gz\u00e9se sor\u00e1n!<\/p>\n","protected":false},"author":1,"featured_media":0,"parent":0,"menu_order":0,"comment_status":"closed","ping_status":"closed","template":"c-mlap","meta":{"footnotes":""},"class_list":["post-1013","page","type-page","status-publish","hentry"],"_links":{"self":[{"href":"https:\/\/termtud.eltetrefort.hu\/index.php?rest_route=\/wp\/v2\/pages\/1013","targetHints":{"allow":["GET"]}}],"collection":[{"href":"https:\/\/termtud.eltetrefort.hu\/index.php?rest_route=\/wp\/v2\/pages"}],"about":[{"href":"https:\/\/termtud.eltetrefort.hu\/index.php?rest_route=\/wp\/v2\/types\/page"}],"author":[{"embeddable":true,"href":"https:\/\/termtud.eltetrefort.hu\/index.php?rest_route=\/wp\/v2\/users\/1"}],"replies":[{"embeddable":true,"href":"https:\/\/termtud.eltetrefort.hu\/index.php?rest_route=%2Fwp%2Fv2%2Fcomments&post=1013"}],"version-history":[{"count":6,"href":"https:\/\/termtud.eltetrefort.hu\/index.php?rest_route=\/wp\/v2\/pages\/1013\/revisions"}],"predecessor-version":[{"id":1127,"href":"https:\/\/termtud.eltetrefort.hu\/index.php?rest_route=\/wp\/v2\/pages\/1013\/revisions\/1127"}],"wp:attachment":[{"href":"https:\/\/termtud.eltetrefort.hu\/index.php?rest_route=%2Fwp%2Fv2%2Fmedia&parent=1013"}],"curies":[{"name":"wp","href":"https:\/\/api.w.org\/{rel}","templated":true}]}}