{"id":1015,"date":"2026-01-15T20:28:34","date_gmt":"2026-01-15T19:28:34","guid":{"rendered":"https:\/\/termtud.eltetrefort.hu\/?page_id=1015"},"modified":"2026-01-17T21:19:54","modified_gmt":"2026-01-17T20:19:54","slug":"vezetotanarok-orarendje-kemia","status":"publish","type":"page","link":"https:\/\/termtud.eltetrefort.hu\/?page_id=1015","title":{"rendered":"Vezet\u0151tan\u00e1rok \u00f3rarendje &#8211; k\u00e9mia"},"content":{"rendered":"\n<p class=\"kozepre sorkizart has-contrast-color has-accent-2-background-color has-text-color has-background has-link-color has-medium-font-size wp-elements-2eab98da406b72fb9c0022a691a43c7f\" style=\"border-width:2px;margin-top:var(--wp--preset--spacing--30);margin-right:var(--wp--preset--spacing--50);margin-bottom:var(--wp--preset--spacing--30);margin-left:var(--wp--preset--spacing--50)\">A gyakorlatok sor\u00e1n az egyetemi \u00f3r\u00e1kat \u00e9s egy\u00e9b elfoglalts\u00e1gokat \u00f6ssze kell egyeztetni az iskolai \u00f3r\u00e1kkal. A vezet\u0151tan\u00e1r szem\u00e9lye \u00e1ltal\u00e1ban az \u00f3rarendje alapj\u00e1n d\u0151l el. K\u00e9rj\u00fck a hallgat\u00f3kat, vegy\u00e9k figyelembe, hogy vannak bizonyos szempontok, amelyek az iskola di\u00e1kjai \u00e9rdek\u00e9ben fontosak a gyakorlat elv\u00e9gz\u00e9se sor\u00e1n!<\/p>\n\n\n\n<div class=\"wp-block-group kozepre sorkizart has-global-padding is-layout-constrained wp-block-group-is-layout-constrained\">\n<ul class=\"wp-block-list\">\n<li class=\"has-medium-font-size\">Lehet\u0151leg egy oszt\u00e1lyban\/csoportban egy nagyobb \u00edv\u0171 t\u00e9mak\u00f6rt tan\u00edtson v\u00e9gig a tan\u00e1rjel\u00f6lt.<\/li>\n\n\n\n<li class=\"has-medium-font-size\">12.-esek fakult\u00e1ci\u00f3s \u00f3r\u00e1in nem szoktunk jel\u00f6lteket fogadni.<\/li>\n\n\n\n<li class=\"sorkizart has-medium-font-size\">A k\u00e9mia t\u00e1rgyat a di\u00e1kok 7., 8. \u00e9s 9. oszt\u00e1lyban csoportbont\u00e1sban tanulj\u00e1k, \u00edgy az \u00f3rarend\u00fcnkben azonos napon l\u00e9v\u0151 \u00f3r\u00e1ik az oszt\u00e1ly egyik \u00e9s m\u00e1sik fel\u00e9t jelentik. A csoportbont\u00e1sokr\u00f3l \u00e9rdekl\u0151dni kell a vezet\u0151tan\u00e1rn\u00e1l, mivel nem t\u00e1mogatjuk az azonos \u00f3r\u00e1k k\u00e9t k\u00fcl\u00f6nb\u00f6z\u0151 csoportban val\u00f3 megtart\u00e1s\u00e1t.<\/li>\n\n\n\n<li class=\"has-medium-font-size\">Az RTAK-os hallgat\u00f3k vegy\u00e9k figyelembe, hogy nem tudj\u00e1k egy-k\u00e9t nap alatt elv\u00e9gezni a gyakorlatot, hiszen az \u00f3r\u00e1k ut\u00e1ni reflekt\u00edv besz\u00e9lget\u00e9s alapj\u00e1n kell a k\u00f6vetkez\u0151 \u00f3r\u00e1ra felk\u00e9sz\u00fclni a fejl\u0151d\u00e9s \u00e9rdek\u00e9ben.<\/li>\n<\/ul>\n<\/div>\n\n\n\n<figure class=\"wp-block-image aligncenter size-large\"><img loading=\"lazy\" decoding=\"async\" width=\"1024\" height=\"714\" src=\"https:\/\/termtud.eltetrefort.hu\/wp-content\/uploads\/2026\/01\/KL-1024x714.jpg\" alt=\"\" class=\"wp-image-1098\" srcset=\"https:\/\/termtud.eltetrefort.hu\/wp-content\/uploads\/2026\/01\/KL-1024x714.jpg 1024w, https:\/\/termtud.eltetrefort.hu\/wp-content\/uploads\/2026\/01\/KL-300x209.jpg 300w, https:\/\/termtud.eltetrefort.hu\/wp-content\/uploads\/2026\/01\/KL-768x535.jpg 768w, https:\/\/termtud.eltetrefort.hu\/wp-content\/uploads\/2026\/01\/KL.jpg 1192w\" sizes=\"auto, (max-width: 1024px) 100vw, 1024px\" \/><\/figure>\n","protected":false},"excerpt":{"rendered":"<p>A gyakorlatok sor\u00e1n az egyetemi \u00f3r\u00e1kat \u00e9s egy\u00e9b elfoglalts\u00e1gokat \u00f6ssze kell egyeztetni az iskolai \u00f3r\u00e1kkal. A vezet\u0151tan\u00e1r szem\u00e9lye \u00e1ltal\u00e1ban az \u00f3rarendje alapj\u00e1n d\u0151l el. K\u00e9rj\u00fck a hallgat\u00f3kat, vegy\u00e9k figyelembe, hogy vannak bizonyos szempontok, amelyek az iskola di\u00e1kjai \u00e9rdek\u00e9ben fontosak a gyakorlat elv\u00e9gz\u00e9se sor\u00e1n!<\/p>\n","protected":false},"author":1,"featured_media":0,"parent":0,"menu_order":0,"comment_status":"closed","ping_status":"closed","template":"c-mlap","meta":{"footnotes":""},"class_list":["post-1015","page","type-page","status-publish","hentry"],"_links":{"self":[{"href":"https:\/\/termtud.eltetrefort.hu\/index.php?rest_route=\/wp\/v2\/pages\/1015","targetHints":{"allow":["GET"]}}],"collection":[{"href":"https:\/\/termtud.eltetrefort.hu\/index.php?rest_route=\/wp\/v2\/pages"}],"about":[{"href":"https:\/\/termtud.eltetrefort.hu\/index.php?rest_route=\/wp\/v2\/types\/page"}],"author":[{"embeddable":true,"href":"https:\/\/termtud.eltetrefort.hu\/index.php?rest_route=\/wp\/v2\/users\/1"}],"replies":[{"embeddable":true,"href":"https:\/\/termtud.eltetrefort.hu\/index.php?rest_route=%2Fwp%2Fv2%2Fcomments&post=1015"}],"version-history":[{"count":7,"href":"https:\/\/termtud.eltetrefort.hu\/index.php?rest_route=\/wp\/v2\/pages\/1015\/revisions"}],"predecessor-version":[{"id":1334,"href":"https:\/\/termtud.eltetrefort.hu\/index.php?rest_route=\/wp\/v2\/pages\/1015\/revisions\/1334"}],"wp:attachment":[{"href":"https:\/\/termtud.eltetrefort.hu\/index.php?rest_route=%2Fwp%2Fv2%2Fmedia&parent=1015"}],"curies":[{"name":"wp","href":"https:\/\/api.w.org\/{rel}","templated":true}]}}