{"id":1021,"date":"2026-01-15T20:31:25","date_gmt":"2026-01-15T19:31:25","guid":{"rendered":"https:\/\/termtud.eltetrefort.hu\/?page_id=1021"},"modified":"2026-01-16T21:37:29","modified_gmt":"2026-01-16T20:37:29","slug":"kovetelmenyek-osztatlan-kemia","status":"publish","type":"page","link":"https:\/\/termtud.eltetrefort.hu\/?page_id=1021","title":{"rendered":"K\u00f6vetelm\u00e9nyek &#8211; osztatlan &#8211; k\u00e9mia"},"content":{"rendered":"\n<p class=\"has-text-align-center kozepre has-contrast-color has-accent-2-background-color has-text-color has-background has-link-color has-large-font-size wp-elements-2d7aa0cae8886e9e50bcc98d2b3a5f70\"><strong>A tan\u00e1rjel\u00f6lt feladatai a <em>szakt\u00e1rgyi tan\u00edt\u00e1si <\/em>gyakorlat sor\u00e1n<\/strong>:<\/p>\n\n\n\n<p class=\"kozepre sorkizart has-contrast-color has-text-color has-link-color has-medium-font-size wp-elements-142a970dccb200f477befbdfe9a5ab7a\">&#8211; Vezet\u0151tan\u00e1ra seg\u00edts\u00e9g\u00e9vel azonos\u00edtja egy\u00e9ni tanul\u00e1si\/fejl\u0151d\u00e9si \u00fatj\u00e1t a gyakorlat kezdet\u00e9n.<br>\u2212 Egyezteti a vezet\u0151tan\u00e1rral a k\u00f6z\u00f6s munka kereteit (kommunik\u00e1ci\u00f3s forma, hat\u00e1rid\u0151k stb.).<br>\u2212 Megismerkedik a szakt\u00e1rgyi munka jellemz\u0151ivel, \u00e9s az adott szakmai munkak\u00f6z\u00f6ss\u00e9g munk\u00e1j\u00e1val.<br>\u2212 Megismerkedik a megfelel\u0151 tanul\u00f3csoportokkal \u00e9s munk\u00e1jukkal.<br>\u2212 Egy\u00e9ni hospit\u00e1l\u00e1st v\u00e9gez a vezet\u0151tan\u00e1r, vagy m\u00e1sik azonos t\u00e1rgyat tan\u00edt\u00f3 tan\u00e1r \u00e9s\/vagy tan\u00e1rjel\u00f6lt \u00e1ltal tartott szaktant\u00e1rgyi \u00f3r\u00e1kon el\u0151zetesen megadott szempontok szerint, valamint a megl\u00e1togatott \u00f3r\u00e1kat reflekt\u00edv besz\u00e9lget\u00e9s keret\u00e9ben \u00e9rt\u00e9keli. Javasoljuk, hogy a hospit\u00e1l\u00e1s jellemz\u0151en a gyakorlatot megel\u0151z\u0151en t\u00f6rt\u00e9njen, a hospit\u00e1l\u00e1sok legal\u00e1bb fele lehet\u0151leg a tan\u00edtott csoportban val\u00f3suljon meg.<br>\u2212 Tan\u00edt\u00e1si \u00f3r\u00e1kat tervez: a tervez\u00e9st a tan\u00e1rjel\u00f6lt \u00e9s a vezet\u0151tan\u00e1r \u00f3ra el\u0151tti k\u00f6z\u00f6s megbesz\u00e9l\u00e9se seg\u00edti. A v\u00e9gleges \u00f3raterv kialak\u00edt\u00e1sa jellemz\u0151en t\u00f6bb l\u00e9p\u00e9sben t\u00f6rt\u00e9nik. Az els\u0151 tervez\u00e9sre a vezet\u0151tan\u00e1r \u00e9rdemben \u00e9s id\u0151ben visszajelez, majd a hallgat\u00f3 \u00e1tvezeti a v\u00e1ltoztat\u00e1sokat \u00e9s \u00fajra k\u00fcldi a tervezetet. A vezet\u0151tan\u00e1r<br>\u00e1ltal elfogadott \u00e9s v\u00e9gleges\u00edtett \u00f3ratervet az el\u0151zetesen megbesz\u00e9lt id\u0151pontig kell elk\u00fcldeni.<br>\u2212 \u00d6n\u00e1ll\u00f3an megtart 10 tan\u00f3r\u00e1t\/foglalkoz\u00e1st (a gyakorlat kezdeti szakasz\u00e1ban esetleg tan\u00f3rar\u00e9szletet), <br>k\u00f6zt\u00fck egy bemutat\u00f3 \u00f3r\u00e1t (a 2022-t\u0151l felvettek eset\u00e9n, addig 15).<br>\u2212 Akt\u00edvan r\u00e9szt vesz a megtartott \u00f3r\u00e1t\/foglalkoz\u00e1st k\u00f6vet\u0151en az azt elemz\u0151 \u00e9s a k\u00f6vetkez\u0151t el\u0151k\u00e9sz\u00edt\u0151 megbesz\u00e9l\u00e9sen.<br>\u2212 1-2 oldalas z\u00e1r\u00f3reflexi\u00f3t \u00edr a gyakorlatr\u00f3l.<br>Probl\u00e9ma eset\u00e9n a tan\u00e1rjel\u00f6lt megold\u00e1s\u00e9rt els\u0151sorban a vezet\u0151tan\u00e1rhoz forduljon. Ha ez valami\u00e9rt nem eredm\u00e9nyes, akkor keresse az adott gyakorl\u00f3iskola munkak\u00f6z\u00f6ss\u00e9g-vezet\u0151j\u00e9t, esetleg tan\u00e1rk\u00e9pz\u00e9si igazgat\u00f3helyettes\u00e9t, illetve az egyetemi szakm\u00f3dszertanos oktat\u00f3t. Amennyiben ezek egyike sem vezet megold\u00e1sra, \u00fagy forduljon a Tan\u00e1rk\u00e9pz\u0151 K\u00f6zpont gyakorlatokat szervez\u0151 munkat\u00e1rs\u00e1hoz.<\/p>\n\n\n\n<p class=\"has-text-align-center kozepre has-contrast-color has-accent-2-background-color has-text-color has-background has-link-color has-large-font-size wp-elements-90b7b7de3cd2737f196abff028a732fb\"><strong>K\u00f6telez\u0151en elk\u00e9sz\u00edtend\u0151 dokumentumok a <em>szakt\u00e1rgyi tan\u00edt\u00e1si gyakorlat <\/em>sor\u00e1n:<\/strong><\/p>\n\n\n\n<p class=\"has-text-align-left kozepre sorkizart has-contrast-color has-text-color has-link-color has-medium-font-size wp-elements-a0022feae262fd03cb6cba97251c439f\">&#8211; tan\u00edt\u00e1si \u00fctemterv a bemutat\u00f3 \u00f3ra id\u0151pontj\u00e1val (hallgat\u00f3 t\u00f6lti fel a kijel\u00f6lt fel\u00fcletre, az \u00f6n\u00e1ll\u00f3 \u00f3ratart\u00e1s megkezd\u00e9sekor),<br>\u2212 \u00f3rav\u00e1zlatok (hallgat\u00f3 k\u00fcldi a vezet\u0151tan\u00e1rnak, az el\u0151re egyeztetett id\u0151pontig),<br>\u2212 \u00f3ramegfigyel\u00e9si feljegyz\u00e9sek, reflexi\u00f3k,<br>\u2212 igazol\u00f3lap (a hallgat\u00f3 vezeti a gyakorlat sor\u00e1n),<br>\u2212 z\u00e1r\u00f3reflexi\u00f3 (hallgat\u00f3 k\u00fcldi a vezet\u0151tan\u00e1rnak, az el\u0151re egyeztetett id\u0151pontig, a 2022-t\u0151l felvetteknek)<br>\u2212 egy\u00e9b, a vezet\u0151tan\u00e1r \u00e1ltal kijel\u00f6lt, a t\u00e1rgy tan\u00edt\u00e1s\u00e1hoz kapcsol\u00f3d\u00f3 seg\u00e9danyagok, melyek r\u00e9sz\u00e9t k\u00e9pezik a<br>hallgat\u00f3 portf\u00f3li\u00f3j\u00e1nak.<\/p>\n\n\n\n<p class=\"has-text-align-center kozepre has-contrast-color has-accent-2-background-color has-text-color has-background has-link-color has-large-font-size wp-elements-c89eaf1d5e44e5946e08baa6eca423b5\"><strong>A <em>szakt\u00e1rgyi tan\u00edt\u00e1si<\/em> gyakorlat leadand\u00f3 dokumentumait az arra kijel\u00f6lt fel\u00fcletre a hallgat\u00f3 t\u00f6lti fel:<\/strong><\/p>\n\n\n\n<ul class=\"wp-block-list kozepre\">\n<li class=\"has-contrast-color has-text-color has-link-color wp-elements-8c90febd1b7a741b9399242a01f41c6e\">tan\u00edt\u00e1si \u00fctemterv (az \u00f6n\u00e1ll\u00f3 \u00f3ratart\u00e1s megkezd\u00e9sekor),<\/li>\n\n\n\n<li class=\"has-contrast-color has-text-color has-link-color wp-elements-8d8eca0cc84bc1f8d89ad079fb44fd72\">igazol\u00f3lap (a gyakorlat v\u00e9g\u00e9n),<\/li>\n\n\n\n<li class=\"has-contrast-color has-text-color has-link-color wp-elements-44fd45517f348cdd0b310e464a6c3b92\">\u00e9rt\u00e9kel\u0151 lap (a gyakorlat v\u00e9g\u00e9n)<\/li>\n<\/ul>\n\n\n\n<p class=\"has-text-align-center kozepre has-accent-2-color has-accent-4-background-color has-text-color has-background has-link-color has-large-font-size wp-elements-8e7648ef45d80c395374693f250eac82\"><strong>A tan\u00e1rjel\u00f6lt feladatai a <em>csoportos tan\u00edt\u00e1si <\/em>gyakorlat sor\u00e1n<\/strong>:<\/p>\n\n\n\n<p class=\"kozepre sorkizart has-contrast-color has-text-color has-link-color has-medium-font-size wp-elements-f2fd7fcff4e4c7fead5a5c92701f6065\">&#8211; A hallgat\u00f3i kontakt\u00f3ra-terhel\u00e9s a gyakorlat sor\u00e1n \u00f6sszesen 28 \u00f3ra: 16 \u00f3ra gyakorl\u00f3iskol\u00e1ban, 8 \u00f3ra egyetemen, 4 \u00f3ra konzult\u00e1ci\u00f3 oktat\u00f3val, vezet\u0151tan\u00e1rral. A szakt\u00f3l f\u00fcgg\u0151en elt\u00e9rhet a gyakorl\u00f3iskol\u00e1ban \u00e9s az egyetemen t\u00f6lt\u00f6tt kontakt\u00f3r\u00e1k ar\u00e1nya. Ha a tansz\u00e9k nem tudja biztos\u00edtani az egyetemi \u00f3r\u00e1kat, a 8 egyetemi \u00f3ra tartalm\u00e1t a gyakorl\u00f3iskol\u00e1k is szervezhetik.<br>A hallgat\u00f3i tev\u00e9kenys\u00e9g t\u00edpusai:<br>\u2212 szakt\u00e1rgyi munkak\u00f6z\u00f6ss\u00e9g tev\u00e9kenys\u00e9g\u00e9nek megismer\u00e9se,<br>\u2212 taneszk\u00f6z\u00f6k \u00e9s tervez\u00e9si dokumentumok megismer\u00e9se,<br>\u2212 szakt\u00e1rgyi hospit\u00e1l\u00e1s \u00e9s megbesz\u00e9l\u00e9s,<br>\u2212 csoportos (vagy egy\u00e9ni) mikrotan\u00edt\u00e1s tervez\u00e9se,<br>\u2212 legal\u00e1bb egy mikrotan\u00edt\u00e1sban val\u00f3 r\u00e9szv\u00e9tel,<br>\u2212 reflexi\u00f3 a mikrotan\u00edt\u00e1sokra,<br>\u2212 \u00f6n\u00e9rt\u00e9kel\u00e9s \u00e9s z\u00e1r\u00f3reflexi\u00f3 a gyakorlat eg\u00e9sz\u00e9re.<br>F\u0151bb t\u00e9mak\u00f6r\u00f6k, a hospit\u00e1l\u00e1s \u00e9s a tervez\u00e9s aj\u00e1nlott f\u00f3kuszai:<br>\u2212 tev\u00e9kenys\u00e9gk\u00f6zpont\u00fa tan\u00edt\u00e1s,<br>\u2212 digit\u00e1lis \u00e9s hagyom\u00e1nyos taneszk\u00f6z\u00f6k,<br>\u2212 saj\u00e1tos nevel\u00e9si ig\u00e9ny\u0171 gyerekek (v\u00e1zlatosan, a gyakorl\u00f3iskolai lehet\u0151s\u00e9gek f\u00fcggv\u00e9ny\u00e9ben),<br>\u2212 differenci\u00e1l\u00e1s a tan\u00f3r\u00e1n.<br>A kurzus k\u00f6vetelm\u00e9nyei:<br>\u2212 A fent eml\u00edtett tev\u00e9kenys\u00e9gekben (hospit\u00e1l\u00e1s, tervez\u00e9s, \u00f3ratart\u00e1s, reflexi\u00f3) val\u00f3 akt\u00edv r\u00e9szv\u00e9tel.<br>\u2212 Az igazol\u00f3lap vezet\u00e9se.<br>\u2212 Portf\u00f3li\u00f3 k\u00e9sz\u00edt\u00e9se az al\u00e1bbi tartalmakkal:<br>o megfigyel\u00e9si jegyzetek a munkak\u00f6z\u00f6ss\u00e9gi foglalkoz\u00e1sokr\u00f3l,<br>o hospit\u00e1l\u00e1si napl\u00f3,<br>o csoportos \u00f3raterv \u00e9s reflexi\u00f3k,<br>o szakmai megbesz\u00e9l\u00e9sek \u00f6sszefoglal\u00f3i,<br>o \u00f6n\u00e9rt\u00e9kel\u00e9s \u00e9s z\u00e1r\u00f3reflexi\u00f3.<\/p>\n\n\n\n<p class=\"has-text-align-center has-medium-font-size\"><em>Forr\u00e1s: <a href=\"https:\/\/tkk.elte.hu\/szaktargyi_tanitasi_gyakorlat_otak\">https:\/\/tkk.elte.hu\/szaktargyi_tanitasi_gyakorlat_otak<\/a><\/em><\/p>\n\n\n\n<p><\/p>\n","protected":false},"excerpt":{"rendered":"<p>A tan\u00e1rjel\u00f6lt feladatai a szakt\u00e1rgyi tan\u00edt\u00e1si gyakorlat sor\u00e1n: &#8211; Vezet\u0151tan\u00e1ra seg\u00edts\u00e9g\u00e9vel azonos\u00edtja egy\u00e9ni tanul\u00e1si\/fejl\u0151d\u00e9si \u00fatj\u00e1t a gyakorlat kezdet\u00e9n.\u2212 Egyezteti a vezet\u0151tan\u00e1rral a k\u00f6z\u00f6s munka kereteit (kommunik\u00e1ci\u00f3s forma, hat\u00e1rid\u0151k stb.).\u2212 Megismerkedik a szakt\u00e1rgyi munka jellemz\u0151ivel, \u00e9s az adott szakmai munkak\u00f6z\u00f6ss\u00e9g munk\u00e1j\u00e1val.\u2212 Megismerkedik a megfelel\u0151 tanul\u00f3csoportokkal \u00e9s munk\u00e1jukkal.\u2212 Egy\u00e9ni hospit\u00e1l\u00e1st v\u00e9gez a vezet\u0151tan\u00e1r, vagy m\u00e1sik azonos t\u00e1rgyat [&hellip;]<\/p>\n","protected":false},"author":1,"featured_media":0,"parent":0,"menu_order":0,"comment_status":"closed","ping_status":"closed","template":"","meta":{"footnotes":""},"class_list":["post-1021","page","type-page","status-publish","hentry"],"_links":{"self":[{"href":"https:\/\/termtud.eltetrefort.hu\/index.php?rest_route=\/wp\/v2\/pages\/1021","targetHints":{"allow":["GET"]}}],"collection":[{"href":"https:\/\/termtud.eltetrefort.hu\/index.php?rest_route=\/wp\/v2\/pages"}],"about":[{"href":"https:\/\/termtud.eltetrefort.hu\/index.php?rest_route=\/wp\/v2\/types\/page"}],"author":[{"embeddable":true,"href":"https:\/\/termtud.eltetrefort.hu\/index.php?rest_route=\/wp\/v2\/users\/1"}],"replies":[{"embeddable":true,"href":"https:\/\/termtud.eltetrefort.hu\/index.php?rest_route=%2Fwp%2Fv2%2Fcomments&post=1021"}],"version-history":[{"count":3,"href":"https:\/\/termtud.eltetrefort.hu\/index.php?rest_route=\/wp\/v2\/pages\/1021\/revisions"}],"predecessor-version":[{"id":1297,"href":"https:\/\/termtud.eltetrefort.hu\/index.php?rest_route=\/wp\/v2\/pages\/1021\/revisions\/1297"}],"wp:attachment":[{"href":"https:\/\/termtud.eltetrefort.hu\/index.php?rest_route=%2Fwp%2Fv2%2Fmedia&parent=1021"}],"curies":[{"name":"wp","href":"https:\/\/api.w.org\/{rel}","templated":true}]}}