{"id":1023,"date":"2026-01-15T20:34:13","date_gmt":"2026-01-15T19:34:13","guid":{"rendered":"https:\/\/termtud.eltetrefort.hu\/?page_id=1023"},"modified":"2026-01-16T21:27:51","modified_gmt":"2026-01-16T20:27:51","slug":"kovetelmenyek-rtak-biologia","status":"publish","type":"page","link":"https:\/\/termtud.eltetrefort.hu\/?page_id=1023","title":{"rendered":"K\u00f6vetelm\u00e9nyek &#8211; RTAK &#8211; biol\u00f3gia"},"content":{"rendered":"\n<p class=\"has-text-align-center kozepre has-contrast-color has-accent-2-background-color has-text-color has-background has-link-color has-large-font-size wp-elements-2d7aa0cae8886e9e50bcc98d2b3a5f70\"><strong>A tan\u00e1rjel\u00f6lt feladatai a <em>szakt\u00e1rgyi tan\u00edt\u00e1si <\/em>gyakorlat sor\u00e1n<\/strong>:<\/p>\n\n\n\n<p class=\"kozepre sorkizart has-contrast-color has-text-color has-link-color has-medium-font-size wp-elements-6b23fad97cc1451fee4ccd992c02b3db\">&#8211; Vezet\u0151tan\u00e1ra seg\u00edts\u00e9g\u00e9vel azonos\u00edtja egy\u00e9ni tanul\u00e1si\/fejl\u0151d\u00e9si \u00fatj\u00e1t a gyakorlat kezdet\u00e9n.<br>\u2212 Egyezteti a vezet\u0151tan\u00e1rral a k\u00f6z\u00f6s munka kereteit (kommunik\u00e1ci\u00f3s forma, hat\u00e1rid\u0151k stb.).<br>\u2212 Megismerkedik a szakt\u00e1rgyi munka jellemz\u0151ivel, \u00e9s az adott szakmai munkak\u00f6z\u00f6ss\u00e9g munk\u00e1j\u00e1val.<br>\u2212 Megismerkedik a megfelel\u0151 tanul\u00f3csoportokkal \u00e9s munk\u00e1jukkal.<br>\u2212 Egy\u00e9ni hospit\u00e1l\u00e1st v\u00e9gez a vezet\u0151tan\u00e1r, vagy m\u00e1sik azonos t\u00e1rgyat tan\u00edt\u00f3 tan\u00e1r \u00e9s\/vagy tan\u00e1rjel\u00f6lt \u00e1ltal<br>tartott szaktant\u00e1rgyi \u00f3r\u00e1kon el\u0151zetesen megadott szempontok szerint, valamint a megl\u00e1togatott \u00f3r\u00e1kat reflekt\u00edv besz\u00e9lget\u00e9s keret\u00e9ben \u00e9rt\u00e9keli.<br>\u2212 Tan\u00edt\u00e1si \u00f3r\u00e1kat tervez: a tervez\u00e9st a tan\u00e1rjel\u00f6lt \u00e9s a vezet\u0151tan\u00e1r \u00f3ra el\u0151tti k\u00f6z\u00f6s megbesz\u00e9l\u00e9se seg\u00edti.<br>\u2212 \u00d6n\u00e1ll\u00f3an megtart (a k\u00e9pz\u00e9s t\u00edpus\u00e1nak megfelel\u0151en) 5-7 tan\u00f3r\u00e1t\/foglalkoz\u00e1st (a gyakorlat kezdeti szakasz\u00e1ban esetleg tan\u00f3rar\u00e9szletet).<br>\u2212 Akt\u00edvan r\u00e9szt vesz a megtartott \u00f3r\u00e1t\/foglalkoz\u00e1st k\u00f6vet\u0151en az azt elemz\u0151 \u00e9s a k\u00f6vetkez\u0151t el\u0151k\u00e9sz\u00edt\u0151 megbesz\u00e9l\u00e9sen.<br>\u2212 1-2 oldalas z\u00e1r\u00f3reflexi\u00f3t \u00edr a gyakorlatr\u00f3l.<br>Probl\u00e9ma eset\u00e9n megold\u00e1s\u00e9rt els\u0151sorban a vezet\u0151tan\u00e1rhoz forduljon. Ha ez valami\u00e9rt nem eredm\u00e9nyes, akkor keresse az adott gyakorl\u00f3iskola munkak\u00f6z\u00f6ss\u00e9g-vezet\u0151j\u00e9t, esetleg tan\u00e1rk\u00e9pz\u00e9si igazgat\u00f3helyettes\u00e9t, illetve az egyetemi szakm\u00f3dszertanos oktat\u00f3t. Amennyiben ezek egyike sem vezet megold\u00e1sra, \u00fagy forduljon a Tan\u00e1rk\u00e9pz\u0151 K\u00f6zpont gyakorlatokat szervez\u0151 munkat\u00e1rs\u00e1hoz.<br>A tan\u00e1rjel\u00f6lt k\u00fcl\u00f6n\u00f6sen \u00fcgyeljen arra, hogy<br>\u2212 betartsa az \u00f3rav\u00e1zlatok megk\u00fcld\u00e9s\u00e9nek\/bemutat\u00e1s\u00e1nak el\u0151re megbesz\u00e9lt hat\u00e1ridej\u00e9t;<br>\u2212 megfelel\u0151 id\u0151ben \u00e9rkezzen a gyakorl\u00f3iskol\u00e1ba ak\u00e1r hospit\u00e1l\u00e1s, ak\u00e1r saj\u00e1t \u00f3ratart\u00e1s eset\u00e9n.<\/p>\n\n\n\n<div class=\"wp-block-group has-global-padding is-layout-constrained wp-block-group-is-layout-constrained\">\n<div class=\"wp-block-group is-nowrap is-layout-flex wp-container-core-group-is-layout-6c531013 wp-block-group-is-layout-flex\">\n<figure class=\"wp-block-image aligncenter size-full kozepre\"><img loading=\"lazy\" decoding=\"async\" width=\"808\" height=\"128\" src=\"https:\/\/termtud.eltetrefort.hu\/wp-content\/uploads\/2026\/01\/RTAK.png\" alt=\"\" class=\"wp-image-1178\" srcset=\"https:\/\/termtud.eltetrefort.hu\/wp-content\/uploads\/2026\/01\/RTAK.png 808w, https:\/\/termtud.eltetrefort.hu\/wp-content\/uploads\/2026\/01\/RTAK-300x48.png 300w, https:\/\/termtud.eltetrefort.hu\/wp-content\/uploads\/2026\/01\/RTAK-768x122.png 768w\" sizes=\"auto, (max-width: 808px) 100vw, 808px\" \/><\/figure>\n\n\n\n<p class=\"kozepre sorkizart has-contrast-color has-text-color has-link-color has-medium-font-size wp-elements-bcf94564f2a8f89d91d80d595f5bad49\"><br><\/p>\n<\/div>\n<\/div>\n\n\n\n<p class=\"has-text-align-center kozepre has-contrast-color has-accent-2-background-color has-text-color has-background has-link-color has-large-font-size wp-elements-90b7b7de3cd2737f196abff028a732fb\"><strong>K\u00f6telez\u0151en elk\u00e9sz\u00edtend\u0151 dokumentumok a <em>szakt\u00e1rgyi tan\u00edt\u00e1si gyakorlat <\/em>sor\u00e1n:<\/strong><\/p>\n\n\n\n<p class=\"has-text-align-left kozepre sorkizart has-contrast-color has-text-color has-link-color has-medium-font-size wp-elements-7c8ceb20ddd2846992d84d6a901ebeb5\">&#8211; tan\u00edt\u00e1si \u00fctemterv (hallgat\u00f3 t\u00f6lti fel a kijel\u00f6lt fel\u00fcletre, az \u00f6n\u00e1ll\u00f3 \u00f3ratart\u00e1s megkezd\u00e9sekor),<br>\u2212 \u00f3rav\u00e1zlatok (hallgat\u00f3 k\u00fcldi a vezet\u0151tan\u00e1rnak, az el\u0151re egyeztetett id\u0151pontig),<br>\u2212 \u00f3ramegfigyel\u00e9si feljegyz\u00e9sek, reflexi\u00f3k,<br>\u2212 igazol\u00f3lap (a hallgat\u00f3 vezeti a gyakorlat sor\u00e1n),<br>\u2212 z\u00e1r\u00f3reflexi\u00f3 (hallgat\u00f3 k\u00fcldi a vezet\u0151tan\u00e1rnak, az el\u0151re egyeztetett id\u0151pontig),<br>\u2212 egy\u00e9b, a vezet\u0151tan\u00e1r \u00e1ltal kijel\u00f6lt, a t\u00e1rgy tan\u00edt\u00e1s\u00e1hoz kapcsol\u00f3d\u00f3 seg\u00e9danyagok, melyek r\u00e9sz\u00e9t k\u00e9pezik a hallgat\u00f3 portf\u00f3li\u00f3j\u00e1nak.<\/p>\n\n\n\n<p class=\"has-text-align-center kozepre has-contrast-color has-accent-2-background-color has-text-color has-background has-link-color has-large-font-size wp-elements-c89eaf1d5e44e5946e08baa6eca423b5\"><strong>A <em>szakt\u00e1rgyi tan\u00edt\u00e1si<\/em> gyakorlat leadand\u00f3 dokumentumait az arra kijel\u00f6lt fel\u00fcletre a hallgat\u00f3 t\u00f6lti fel:<\/strong><\/p>\n\n\n\n<ul class=\"wp-block-list kozepre\">\n<li class=\"has-contrast-color has-text-color has-link-color wp-elements-8c90febd1b7a741b9399242a01f41c6e\">tan\u00edt\u00e1si \u00fctemterv (az \u00f6n\u00e1ll\u00f3 \u00f3ratart\u00e1s megkezd\u00e9sekor),<\/li>\n\n\n\n<li class=\"has-contrast-color has-text-color has-link-color wp-elements-8d8eca0cc84bc1f8d89ad079fb44fd72\">igazol\u00f3lap (a gyakorlat v\u00e9g\u00e9n),<\/li>\n\n\n\n<li class=\"has-contrast-color has-text-color has-link-color wp-elements-44fd45517f348cdd0b310e464a6c3b92\">\u00e9rt\u00e9kel\u0151 lap (a gyakorlat v\u00e9g\u00e9n)<\/li>\n<\/ul>\n\n\n\n<p class=\"has-text-align-center has-medium-font-size\"><em>Forr\u00e1s: <\/em><a href=\"https:\/\/tkk.elte.hu\/szaktargyi_tanitasi_gyakorlat_rtak\">https:\/\/tkk.elte.hu\/szaktargyi_tanitasi_gyakorlat_rtak<\/a><\/p>\n","protected":false},"excerpt":{"rendered":"<p>A tan\u00e1rjel\u00f6lt feladatai a szakt\u00e1rgyi tan\u00edt\u00e1si gyakorlat sor\u00e1n: &#8211; Vezet\u0151tan\u00e1ra seg\u00edts\u00e9g\u00e9vel azonos\u00edtja egy\u00e9ni tanul\u00e1si\/fejl\u0151d\u00e9si \u00fatj\u00e1t a gyakorlat kezdet\u00e9n.\u2212 Egyezteti a vezet\u0151tan\u00e1rral a k\u00f6z\u00f6s munka kereteit (kommunik\u00e1ci\u00f3s forma, hat\u00e1rid\u0151k stb.).\u2212 Megismerkedik a szakt\u00e1rgyi munka jellemz\u0151ivel, \u00e9s az adott szakmai munkak\u00f6z\u00f6ss\u00e9g munk\u00e1j\u00e1val.\u2212 Megismerkedik a megfelel\u0151 tanul\u00f3csoportokkal \u00e9s munk\u00e1jukkal.\u2212 Egy\u00e9ni hospit\u00e1l\u00e1st v\u00e9gez a vezet\u0151tan\u00e1r, vagy m\u00e1sik azonos t\u00e1rgyat [&hellip;]<\/p>\n","protected":false},"author":1,"featured_media":0,"parent":0,"menu_order":0,"comment_status":"closed","ping_status":"closed","template":"","meta":{"footnotes":""},"class_list":["post-1023","page","type-page","status-publish","hentry"],"_links":{"self":[{"href":"https:\/\/termtud.eltetrefort.hu\/index.php?rest_route=\/wp\/v2\/pages\/1023","targetHints":{"allow":["GET"]}}],"collection":[{"href":"https:\/\/termtud.eltetrefort.hu\/index.php?rest_route=\/wp\/v2\/pages"}],"about":[{"href":"https:\/\/termtud.eltetrefort.hu\/index.php?rest_route=\/wp\/v2\/types\/page"}],"author":[{"embeddable":true,"href":"https:\/\/termtud.eltetrefort.hu\/index.php?rest_route=\/wp\/v2\/users\/1"}],"replies":[{"embeddable":true,"href":"https:\/\/termtud.eltetrefort.hu\/index.php?rest_route=%2Fwp%2Fv2%2Fcomments&post=1023"}],"version-history":[{"count":10,"href":"https:\/\/termtud.eltetrefort.hu\/index.php?rest_route=\/wp\/v2\/pages\/1023\/revisions"}],"predecessor-version":[{"id":1267,"href":"https:\/\/termtud.eltetrefort.hu\/index.php?rest_route=\/wp\/v2\/pages\/1023\/revisions\/1267"}],"wp:attachment":[{"href":"https:\/\/termtud.eltetrefort.hu\/index.php?rest_route=%2Fwp%2Fv2%2Fmedia&parent=1023"}],"curies":[{"name":"wp","href":"https:\/\/api.w.org\/{rel}","templated":true}]}}