{"id":1029,"date":"2026-01-15T20:36:21","date_gmt":"2026-01-15T19:36:21","guid":{"rendered":"https:\/\/termtud.eltetrefort.hu\/?page_id=1029"},"modified":"2026-01-21T17:26:35","modified_gmt":"2026-01-21T16:26:35","slug":"segedanyagok-biologia","status":"publish","type":"page","link":"https:\/\/termtud.eltetrefort.hu\/?page_id=1029","title":{"rendered":"Seg\u00e9danyagok &#8211; biol\u00f3gia"},"content":{"rendered":"\n<p class=\"has-text-align-center has-contrast-color has-accent-2-background-color has-text-color has-background has-link-color has-medium-font-size wp-elements-5e90ef7f96c317a29199a4943c5662cf\" style=\"margin-top:var(--wp--preset--spacing--30);margin-right:var(--wp--preset--spacing--50);margin-bottom:var(--wp--preset--spacing--30);margin-left:var(--wp--preset--spacing--50)\">Kedves Hallgat\u00f3k!<br><br>Rem\u00e9lj\u00fck, hogy az al\u00e1bbi seg\u00e9danyagok seg\u00edtik az \u00f3r\u00e1ra val\u00f3 felk\u00e9sz\u00fcl\u00e9st, \u00e9s a hat\u00e9kony k\u00f6z\u00f6s munk\u00e1t a vezet\u0151tan\u00e1rral!<br><\/p>\n\n\n\n<h2 class=\"wp-block-heading has-text-align-center kozepre has-accent-2-color has-accent-4-background-color has-text-color has-background has-link-color has-large-font-size wp-elements-889a734ed6b2841fe2be0033fc67eb52\">K\u00f6vetelm\u00e9nyek, szab\u00e1lyok a gyakorlat sor\u00e1n:<\/h2>\n\n\n\n<div class=\"wp-block-file aligncenter has-link-color wp-elements-3f4ba6bfab3ae64c89fcf8404c76b226\"><a id=\"wp-block-file--media-f1e8ae38-ac67-450a-a829-25eb5f948a66\" href=\"https:\/\/termtud.eltetrefort.hu\/wp-content\/uploads\/2026\/01\/A-biologia-szaktargyi-tanitasi-gyakorlat-kovetelmenyei-a-Trefort-Agoston-Gyakorlo-Gimnaziumban-h1.pdf\" target=\"_blank\" rel=\"noreferrer noopener\"><strong>A GYAKORLAT K\u00d6VETELM\u00c9NYEI A TREFORTBAN<\/strong><\/a><\/div>\n\n\n\n<p class=\"has-text-align-center has-contrast-color has-text-color has-link-color has-medium-font-size wp-elements-9faa368e3cf5053ef0095ede183ab544\"><a href=\"https:\/\/www.trefort.elte.hu\/dokumentumok\/2025jan31hazirend.pdf\" target=\"_blank\" rel=\"noreferrer noopener\">Trefort Gimn\u00e1zium h\u00e1zirendje<\/a><\/p>\n\n\n\n<p class=\"has-text-align-center has-link-color has-medium-font-size wp-elements-096d7e82e305df2022b4d64df182b304\"><a href=\"https:\/\/www.oktatas.hu\/pub_bin\/dload\/kozoktatas\/erettsegi\/vizsgakovetelmenyek2024\/bio_2024_e.pdf\" target=\"_blank\" rel=\"noreferrer noopener\">\u00c9retts\u00e9gi k\u00f6vetelm\u00e9nyrendszer \u00e9s vizsgale\u00edr\u00e1s<\/a><\/p>\n\n\n\n<h2 class=\"wp-block-heading has-text-align-center kozepre has-accent-2-color has-accent-4-background-color has-text-color has-background has-link-color has-large-font-size wp-elements-6730ea282a8379867cff143b8e323057\">Seg\u00e9danyagok az \u00f3ratervek k\u00e9sz\u00edt\u00e9s\u00e9hez:<\/h2>\n\n\n\n<p class=\"has-text-align-center k\u00f6zepre sorkizart has-contrast-color has-text-color has-link-color has-medium-font-size wp-elements-51a493ad22d9480679d521d8a098d340\" style=\"margin-right:var(--wp--preset--spacing--40);margin-left:var(--wp--preset--spacing--40)\">Nem keverend\u0151 \u00f6ssze a szervez\u00e9si m\u00f3d \u00e9s m\u00f3dszer!!!<br>Szervez\u00e9si m\u00f3d\/munkaforma A k\u00e9t fogalom szinonimak\u00e9nt haszn\u00e1latos. <br>A tan\u00f3r\u00e1n vagy a tan\u00f3r\u00e1n k\u00edv\u00fcl a tanul\u00e1si-tan\u00edt\u00e1si folyamat k\u00fcl\u00f6nb\u00f6z\u0151 szervezeti keretek k\u00f6z\u00f6tt val\u00f3sulhat meg. Ha a pedag\u00f3gus tev\u00e9kenys\u00e9g\u00e9t nevezz\u00fck meg, akkor szervez\u00e9si m\u00f3dr\u00f3l, ha a tanul\u00f3k tev\u00e9kenys\u00e9g\u00e9t, akkor munkaform\u00e1r\u00f3l besz\u00e9l\u00fcnk. <br>A szervez\u00e9si m\u00f3dok\/munkaform\u00e1k t\u00edpusai:<br>front\u00e1lis munka, egy\u00e9ni munka, p\u00e1ros munka, csoportmunka, kooperat\u00edv csoportmunka.<\/p>\n\n\n\n<div class=\"wp-block-group has-large-font-size has-global-padding is-layout-constrained wp-block-group-is-layout-constrained\">\n<div class=\"wp-block-file aligncenter\"><a id=\"wp-block-file--media-1f2684d6-6651-40c0-8df8-3cd856f6883f\" href=\"https:\/\/termtud.eltetrefort.hu\/wp-content\/uploads\/2026\/01\/Oraterv.pdf\" target=\"_blank\" rel=\"noreferrer noopener\"><strong>\u00d3RATERV MINTA<\/strong><\/a><\/div>\n\n\n\n<div class=\"wp-block-file aligncenter has-link-color wp-elements-18a09367858f439bb00b82a53b442e2a\"><a id=\"wp-block-file--media-287de599-f064-4a95-988f-1852e48f8f61\" href=\"https:\/\/termtud.eltetrefort.hu\/wp-content\/uploads\/2026\/01\/oravazlat_OFI_sablon.pdf\" target=\"_blank\" rel=\"noreferrer noopener\">\u00d3rav\u00e1zlat OFI sablon<\/a><\/div>\n\n\n\n<p class=\"has-text-align-center has-contrast-color has-text-color has-link-color has-medium-font-size wp-elements-e7d9f2910dd7e39796208a9fd7a308c7\"><a href=\"https:\/\/ofi.oh.gov.hu\/tudastar\/problemak-kerdesek\/oktatasi-modszerek\" target=\"_blank\" rel=\"noreferrer noopener\">Oktat\u00e1si m\u00f3dszerek<\/a><\/p>\n<\/div>\n\n\n\n<h2 class=\"wp-block-heading has-text-align-center kozepre has-accent-2-color has-accent-4-background-color has-text-color has-background has-link-color has-large-font-size wp-elements-a3280c354900466c5d25d2d2e50e399c\">ELTE TTK Biol\u00f3giai Int\u00e9zet, Biol\u00f3giai Szakm\u00f3dszertani Csoport honlapj\u00e1r\u00f3l:<\/h2>\n\n\n\n<p class=\"has-text-align-center has-contrast-color has-text-color has-link-color has-medium-font-size wp-elements-abd3a8d07a398f2fbfb21636716f4135\"><a href=\"https:\/\/bszm.elte.hu\/biolgia__oktats__tanuls_bot.html\" target=\"_blank\" rel=\"noreferrer noopener\">Biol\u00f3gia &#8211; Oktat\u00e1s &#8211; Tanul\u00e1s<\/a><\/p>\n\n\n\n<p class=\"has-text-align-center has-contrast-color has-text-color has-link-color has-medium-font-size wp-elements-0076f7c29f7ba021249e55031e6232fc\"><a href=\"https:\/\/bszm.elte.hu\/sajt_fejleszts_tananyag_gyjtemnyek.html\" target=\"_blank\" rel=\"noreferrer noopener\">Saj\u00e1t fejleszt\u00e9s\u0171 tananyag gy\u0171jtem\u00e9nyek<\/a><\/p>\n\n\n\n<p class=\"has-text-align-center has-contrast-color has-text-color has-link-color has-medium-font-size wp-elements-1cd4a2815c15d712f209062eae6cf6b2\"><a href=\"https:\/\/bszm.elte.hu\/szakmai_anyagok.html\" target=\"_blank\" rel=\"noreferrer noopener\">Szakmai anyagok, let\u00f6lthet\u0151 k\u00f6nyvek<\/a><\/p>\n","protected":false},"excerpt":{"rendered":"<p>Kedves Hallgat\u00f3k! Rem\u00e9lj\u00fck, hogy az al\u00e1bbi seg\u00e9danyagok seg\u00edtik az \u00f3r\u00e1ra val\u00f3 felk\u00e9sz\u00fcl\u00e9st, \u00e9s a hat\u00e9kony k\u00f6z\u00f6s munk\u00e1t a vezet\u0151tan\u00e1rral! K\u00f6vetelm\u00e9nyek, szab\u00e1lyok a gyakorlat sor\u00e1n: Trefort Gimn\u00e1zium h\u00e1zirendje \u00c9retts\u00e9gi k\u00f6vetelm\u00e9nyrendszer \u00e9s vizsgale\u00edr\u00e1s Seg\u00e9danyagok az \u00f3ratervek k\u00e9sz\u00edt\u00e9s\u00e9hez: Nem keverend\u0151 \u00f6ssze a szervez\u00e9si m\u00f3d \u00e9s m\u00f3dszer!!!Szervez\u00e9si m\u00f3d\/munkaforma A k\u00e9t fogalom szinonimak\u00e9nt haszn\u00e1latos. A tan\u00f3r\u00e1n vagy a tan\u00f3r\u00e1n k\u00edv\u00fcl [&hellip;]<\/p>\n","protected":false},"author":1,"featured_media":0,"parent":0,"menu_order":0,"comment_status":"closed","ping_status":"closed","template":"","meta":{"footnotes":""},"class_list":["post-1029","page","type-page","status-publish","hentry"],"_links":{"self":[{"href":"https:\/\/termtud.eltetrefort.hu\/index.php?rest_route=\/wp\/v2\/pages\/1029","targetHints":{"allow":["GET"]}}],"collection":[{"href":"https:\/\/termtud.eltetrefort.hu\/index.php?rest_route=\/wp\/v2\/pages"}],"about":[{"href":"https:\/\/termtud.eltetrefort.hu\/index.php?rest_route=\/wp\/v2\/types\/page"}],"author":[{"embeddable":true,"href":"https:\/\/termtud.eltetrefort.hu\/index.php?rest_route=\/wp\/v2\/users\/1"}],"replies":[{"embeddable":true,"href":"https:\/\/termtud.eltetrefort.hu\/index.php?rest_route=%2Fwp%2Fv2%2Fcomments&post=1029"}],"version-history":[{"count":40,"href":"https:\/\/termtud.eltetrefort.hu\/index.php?rest_route=\/wp\/v2\/pages\/1029\/revisions"}],"predecessor-version":[{"id":1389,"href":"https:\/\/termtud.eltetrefort.hu\/index.php?rest_route=\/wp\/v2\/pages\/1029\/revisions\/1389"}],"wp:attachment":[{"href":"https:\/\/termtud.eltetrefort.hu\/index.php?rest_route=%2Fwp%2Fv2%2Fmedia&parent=1029"}],"curies":[{"name":"wp","href":"https:\/\/api.w.org\/{rel}","templated":true}]}}