{"id":1031,"date":"2026-01-15T20:36:41","date_gmt":"2026-01-15T19:36:41","guid":{"rendered":"https:\/\/termtud.eltetrefort.hu\/?page_id=1031"},"modified":"2026-01-21T16:13:04","modified_gmt":"2026-01-21T15:13:04","slug":"segedanyagok-foldrajz","status":"publish","type":"page","link":"https:\/\/termtud.eltetrefort.hu\/?page_id=1031","title":{"rendered":"Seg\u00e9danyagok &#8211; f\u00f6ldrajz"},"content":{"rendered":"\n<p class=\"has-text-align-center has-contrast-color has-accent-2-background-color has-text-color has-background has-link-color has-medium-font-size wp-elements-5e90ef7f96c317a29199a4943c5662cf\" style=\"margin-top:var(--wp--preset--spacing--30);margin-right:var(--wp--preset--spacing--50);margin-bottom:var(--wp--preset--spacing--30);margin-left:var(--wp--preset--spacing--50)\">Kedves Hallgat\u00f3k!<br><br>Rem\u00e9lj\u00fck, hogy az al\u00e1bbi seg\u00e9danyagok seg\u00edtik az \u00f3r\u00e1ra val\u00f3 felk\u00e9sz\u00fcl\u00e9st, \u00e9s a hat\u00e9kony k\u00f6z\u00f6s munk\u00e1t a vezet\u0151tan\u00e1rral!<br><\/p>\n\n\n\n<h2 class=\"wp-block-heading has-text-align-center kozepre has-accent-2-color has-accent-4-background-color has-text-color has-background has-link-color has-large-font-size wp-elements-873ca3bae7fb5a6626d3b2c085470069\" style=\"margin-top:var(--wp--preset--spacing--30);margin-bottom:var(--wp--preset--spacing--30)\">Seg\u00e9danyagok:<\/h2>\n\n\n\n<p class=\"has-text-align-center has-contrast-color has-text-color has-link-color has-medium-font-size wp-elements-1b9814c84ef06b744378b69fcefeda38\"><a href=\"https:\/\/drive.google.com\/file\/d\/1-0ZEQWxAVozOD7URjQRXncJ_keQSWbXQ\/view?usp=sharing\" target=\"_blank\" rel=\"noreferrer noopener\"><strong>Dr. Mak\u00e1di Mariann: Hogyan csin\u00e1ljam?<\/strong><\/a><\/p>\n\n\n\n<p class=\"has-text-align-center has-contrast-color has-text-color has-link-color has-medium-font-size wp-elements-5f1dff4ef1552a53364e1cbd1e2f71bd\"><a href=\"https:\/\/geogo.elte.hu\/images\/Didaktikai_alapfogalmak_%C3%A9rtelmez%C3%A9se.pdf\" target=\"_blank\" rel=\"noreferrer noopener\"><strong>Dr. Mak\u00e1di Mariann: Didaktikai alapfogalmak<\/strong><\/a><\/p>\n\n\n\n<p class=\"has-text-align-center has-contrast-color has-text-color has-link-color has-medium-font-size wp-elements-e4255285f5f37a941dca37660bad0f6d\"><a href=\"https:\/\/drive.google.com\/file\/d\/1KPwedgIziCiOmBkUb-kwhNzAIc49ZH8r\/view?usp=sharing\" target=\"_blank\" rel=\"noreferrer noopener\"><strong>Vez\u00e9rfonal \u00f3ramegbesz\u00e9l\u00e9shez<\/strong><\/a><\/p>\n\n\n\n<p class=\"has-text-align-center has-contrast-color has-text-color has-link-color has-medium-font-size wp-elements-9faa368e3cf5053ef0095ede183ab544\"><a href=\"https:\/\/www.trefort.elte.hu\/dokumentumok\/2025jan31hazirend.pdf\" target=\"_blank\" rel=\"noreferrer noopener\">Trefort Gimn\u00e1zium h\u00e1zirendje<\/a><\/p>\n\n\n\n<p class=\"has-text-align-center has-contrast-color has-text-color has-link-color has-medium-font-size wp-elements-8b757f01c282887d4ccc03c354c8d3dc\"><strong><a href=\"https:\/\/www.oktatas.hu\/pub_bin\/dload\/kozoktatas\/erettsegi\/vizsgakovetelmenyek2024\/foldrajz_2024_e.pdf\" target=\"_blank\" rel=\"noreferrer noopener\">\u00c9retts\u00e9gi k\u00f6vetelm\u00e9nyrendszer \u00e9s vizsgale\u00edr\u00e1s<\/a><\/strong><\/p>\n\n\n\n<h2 class=\"wp-block-heading has-text-align-center kozepre has-accent-2-color has-accent-4-background-color has-text-color has-background has-link-color has-large-font-size wp-elements-78d837fa325a965bd30bfbc89d1ed32d\" style=\"margin-top:var(--wp--preset--spacing--40);margin-bottom:var(--wp--preset--spacing--40)\">Tank\u00f6nyvek:<\/h2>\n\n\n\n<div class=\"wp-block-group kozepre has-contrast-color has-text-color has-link-color has-medium-font-size wp-elements-6a3cb3189fcf80eac5c6923df36fc694 has-global-padding is-layout-constrained wp-block-group-is-layout-constrained\">\n<p class=\"has-text-align-center has-contrast-color has-text-color has-link-color has-medium-font-size wp-elements-2eaf056f14b18cf362035b603f3481b1\"><strong>7 -8.<\/strong><\/p>\n\n\n\n<p><strong>TK. <\/strong><a href=\"https:\/\/www.tankonyvkatalogus.hu\/tankonyv\/OH-FOL78TB\"><strong>https:\/\/www.tankonyvkatalogus.hu\/tankonyv\/OH-FOL78TB<\/strong><\/a><\/p>\n\n\n\n<p><strong>MF. <\/strong><a href=\"https:\/\/www.tankonyvkatalogus.hu\/tankonyv\/OH-FOL78MB\"><strong>https:\/\/www.tankonyvkatalogus.hu\/tankonyv\/OH-FOL78MB<\/strong><\/a><\/p>\n\n\n\n<p class=\"has-text-align-center\"><strong>9 -10.<\/strong><\/p>\n\n\n\n<p><strong>TK. I.&nbsp; <\/strong><a href=\"https:\/\/www.tankonyvkatalogus.hu\/tankonyv\/OH-FOL910TA_I\"><strong>https:\/\/www.tankonyvkatalogus.hu\/tankonyv\/OH-FOL910TA_I<\/strong><\/a><\/p>\n\n\n\n<p><strong>TK. II. <\/strong><a href=\"https:\/\/www.tankonyvkatalogus.hu\/tankonyv\/OH-FOL910TA_II\"><strong>https:\/\/www.tankonyvkatalogus.hu\/tankonyv\/OH-FOL910TA_II<\/strong><\/a><\/p>\n<\/div>\n\n\n\n<p><\/p>\n","protected":false},"excerpt":{"rendered":"<p>Kedves Hallgat\u00f3k! Rem\u00e9lj\u00fck, hogy az al\u00e1bbi seg\u00e9danyagok seg\u00edtik az \u00f3r\u00e1ra val\u00f3 felk\u00e9sz\u00fcl\u00e9st, \u00e9s a hat\u00e9kony k\u00f6z\u00f6s munk\u00e1t a vezet\u0151tan\u00e1rral! Seg\u00e9danyagok: Dr. Mak\u00e1di Mariann: Hogyan csin\u00e1ljam? Dr. Mak\u00e1di Mariann: Didaktikai alapfogalmak Vez\u00e9rfonal \u00f3ramegbesz\u00e9l\u00e9shez Trefort Gimn\u00e1zium h\u00e1zirendje \u00c9retts\u00e9gi k\u00f6vetelm\u00e9nyrendszer \u00e9s vizsgale\u00edr\u00e1s Tank\u00f6nyvek: 7 -8. TK. https:\/\/www.tankonyvkatalogus.hu\/tankonyv\/OH-FOL78TB MF. https:\/\/www.tankonyvkatalogus.hu\/tankonyv\/OH-FOL78MB 9 -10. TK. I.&nbsp; https:\/\/www.tankonyvkatalogus.hu\/tankonyv\/OH-FOL910TA_I TK. II. https:\/\/www.tankonyvkatalogus.hu\/tankonyv\/OH-FOL910TA_II<\/p>\n","protected":false},"author":1,"featured_media":0,"parent":0,"menu_order":0,"comment_status":"closed","ping_status":"closed","template":"","meta":{"footnotes":""},"class_list":["post-1031","page","type-page","status-publish","hentry"],"_links":{"self":[{"href":"https:\/\/termtud.eltetrefort.hu\/index.php?rest_route=\/wp\/v2\/pages\/1031","targetHints":{"allow":["GET"]}}],"collection":[{"href":"https:\/\/termtud.eltetrefort.hu\/index.php?rest_route=\/wp\/v2\/pages"}],"about":[{"href":"https:\/\/termtud.eltetrefort.hu\/index.php?rest_route=\/wp\/v2\/types\/page"}],"author":[{"embeddable":true,"href":"https:\/\/termtud.eltetrefort.hu\/index.php?rest_route=\/wp\/v2\/users\/1"}],"replies":[{"embeddable":true,"href":"https:\/\/termtud.eltetrefort.hu\/index.php?rest_route=%2Fwp%2Fv2%2Fcomments&post=1031"}],"version-history":[{"count":14,"href":"https:\/\/termtud.eltetrefort.hu\/index.php?rest_route=\/wp\/v2\/pages\/1031\/revisions"}],"predecessor-version":[{"id":1386,"href":"https:\/\/termtud.eltetrefort.hu\/index.php?rest_route=\/wp\/v2\/pages\/1031\/revisions\/1386"}],"wp:attachment":[{"href":"https:\/\/termtud.eltetrefort.hu\/index.php?rest_route=%2Fwp%2Fv2%2Fmedia&parent=1031"}],"curies":[{"name":"wp","href":"https:\/\/api.w.org\/{rel}","templated":true}]}}