{"id":1033,"date":"2026-01-15T20:37:21","date_gmt":"2026-01-15T19:37:21","guid":{"rendered":"https:\/\/termtud.eltetrefort.hu\/?page_id=1033"},"modified":"2026-01-21T16:15:12","modified_gmt":"2026-01-21T15:15:12","slug":"segedanyagok-kemia","status":"publish","type":"page","link":"https:\/\/termtud.eltetrefort.hu\/?page_id=1033","title":{"rendered":"Seg\u00e9danyagok &#8211; k\u00e9mia"},"content":{"rendered":"\n<p class=\"has-text-align-center has-contrast-color has-accent-2-background-color has-text-color has-background has-link-color has-medium-font-size wp-elements-5e90ef7f96c317a29199a4943c5662cf\" style=\"margin-top:var(--wp--preset--spacing--30);margin-right:var(--wp--preset--spacing--50);margin-bottom:var(--wp--preset--spacing--30);margin-left:var(--wp--preset--spacing--50)\">Kedves Hallgat\u00f3k!<br><br>Rem\u00e9lj\u00fck, hogy az al\u00e1bbi seg\u00e9danyagok seg\u00edtik az \u00f3r\u00e1ra val\u00f3 felk\u00e9sz\u00fcl\u00e9st, \u00e9s a hat\u00e9kony k\u00f6z\u00f6s munk\u00e1t a vezet\u0151tan\u00e1rral!<br><\/p>\n\n\n\n<h2 class=\"wp-block-heading has-text-align-center kozepre has-contrast-color has-text-color has-link-color has-large-font-size wp-elements-b2446056c73c1efc3659d8a7a1b4b1d9\">Tan\u00e1rjel\u00f6lti k\u00e9zik\u00f6nyv a k\u00e9mia szakos hallgat\u00f3k szakt\u00e1rgyi gyakorlat\u00e1hoz al\u00e1bb let\u00f6lthet\u0151!<\/h2>\n\n\n\n<div class=\"wp-block-group has-x-large-font-size has-global-padding is-layout-constrained wp-block-group-is-layout-constrained\">\n<div class=\"wp-block-file aligncenter has-link-color wp-elements-6a6783f62d925100c5c1325fe855791e\"><a id=\"wp-block-file--media-e8c6eeee-52a2-4e7f-8830-5cae88751b7d\" href=\"https:\/\/termtud.eltetrefort.hu\/wp-content\/uploads\/2026\/01\/1Tanarjelolti-kezikonyv.pdf\" target=\"_blank\" rel=\"noreferrer noopener\"><strong>Tan\u00e1rjel\u00f6lti k\u00e9zik\u00f6nyv<\/strong><\/a><\/div>\n<\/div>\n\n\n\n<p class=\"has-text-align-center has-contrast-color has-text-color has-link-color wp-elements-0a55da95300cd00ad033f5bd59e84956\"><a href=\"https:\/\/www.trefort.elte.hu\/dokumentumok\/2025jan31hazirend.pdf\" target=\"_blank\" rel=\"noreferrer noopener\">Trefort Gimn\u00e1zium h\u00e1zirendje<\/a><\/p>\n\n\n\n<p class=\"has-text-align-center has-contrast-color has-text-color has-link-color has-large-font-size wp-elements-e98f866cea4fdd408e4593762c10dede\"><a href=\"https:\/\/www.oktatas.hu\/pub_bin\/dload\/kozoktatas\/erettsegi\/vizsgakovetelmenyek2024\/kemia_2024_e.pdf\" target=\"_blank\" rel=\"noreferrer noopener\">\u00c9retts\u00e9gi k\u00f6vetelm\u00e9nyek \u00e9s vizsgale\u00edr\u00e1s<\/a><\/p>\n","protected":false},"excerpt":{"rendered":"<p>Kedves Hallgat\u00f3k! Rem\u00e9lj\u00fck, hogy az al\u00e1bbi seg\u00e9danyagok seg\u00edtik az \u00f3r\u00e1ra val\u00f3 felk\u00e9sz\u00fcl\u00e9st, \u00e9s a hat\u00e9kony k\u00f6z\u00f6s munk\u00e1t a vezet\u0151tan\u00e1rral! Tan\u00e1rjel\u00f6lti k\u00e9zik\u00f6nyv a k\u00e9mia szakos hallgat\u00f3k szakt\u00e1rgyi gyakorlat\u00e1hoz al\u00e1bb let\u00f6lthet\u0151! Trefort Gimn\u00e1zium h\u00e1zirendje \u00c9retts\u00e9gi k\u00f6vetelm\u00e9nyek \u00e9s vizsgale\u00edr\u00e1s<\/p>\n","protected":false},"author":1,"featured_media":0,"parent":0,"menu_order":0,"comment_status":"closed","ping_status":"closed","template":"","meta":{"footnotes":""},"class_list":["post-1033","page","type-page","status-publish","hentry"],"_links":{"self":[{"href":"https:\/\/termtud.eltetrefort.hu\/index.php?rest_route=\/wp\/v2\/pages\/1033","targetHints":{"allow":["GET"]}}],"collection":[{"href":"https:\/\/termtud.eltetrefort.hu\/index.php?rest_route=\/wp\/v2\/pages"}],"about":[{"href":"https:\/\/termtud.eltetrefort.hu\/index.php?rest_route=\/wp\/v2\/types\/page"}],"author":[{"embeddable":true,"href":"https:\/\/termtud.eltetrefort.hu\/index.php?rest_route=\/wp\/v2\/users\/1"}],"replies":[{"embeddable":true,"href":"https:\/\/termtud.eltetrefort.hu\/index.php?rest_route=%2Fwp%2Fv2%2Fcomments&post=1033"}],"version-history":[{"count":14,"href":"https:\/\/termtud.eltetrefort.hu\/index.php?rest_route=\/wp\/v2\/pages\/1033\/revisions"}],"predecessor-version":[{"id":1388,"href":"https:\/\/termtud.eltetrefort.hu\/index.php?rest_route=\/wp\/v2\/pages\/1033\/revisions\/1388"}],"wp:attachment":[{"href":"https:\/\/termtud.eltetrefort.hu\/index.php?rest_route=%2Fwp%2Fv2%2Fmedia&parent=1033"}],"curies":[{"name":"wp","href":"https:\/\/api.w.org\/{rel}","templated":true}]}}