{"id":211,"date":"2026-01-02T19:24:02","date_gmt":"2026-01-02T18:24:02","guid":{"rendered":"https:\/\/termtud.eltetrefort.hu\/?page_id=211"},"modified":"2026-03-09T22:03:12","modified_gmt":"2026-03-09T21:03:12","slug":"lista-oldal","status":"publish","type":"page","link":"https:\/\/termtud.eltetrefort.hu\/?page_id=211","title":{"rendered":"F\u00f6ldrajz-di\u00e1kmunk\u00e1k"},"content":{"rendered":"\n<p><br><\/p>\n\n\n\n<div class=\"wp-block-media-text is-stacked-on-mobile is-image-fill-element\" style=\"margin-right:var(--wp--preset--spacing--50);margin-left:var(--wp--preset--spacing--50);padding-right:0;padding-left:0\"><figure class=\"wp-block-media-text__media\"><img loading=\"lazy\" decoding=\"async\" width=\"1024\" height=\"766\" src=\"http:\/\/termtud.eltetrefort.hu\/wp-content\/uploads\/2026\/01\/1768236615532-1024x766.jpg\" alt=\"\" class=\"wp-image-614 size-full\" style=\"object-position:50% 50%\" srcset=\"https:\/\/termtud.eltetrefort.hu\/wp-content\/uploads\/2026\/01\/1768236615532-1024x766.jpg 1024w, https:\/\/termtud.eltetrefort.hu\/wp-content\/uploads\/2026\/01\/1768236615532-300x224.jpg 300w, https:\/\/termtud.eltetrefort.hu\/wp-content\/uploads\/2026\/01\/1768236615532-768x574.jpg 768w, https:\/\/termtud.eltetrefort.hu\/wp-content\/uploads\/2026\/01\/1768236615532-1536x1149.jpg 1536w, https:\/\/termtud.eltetrefort.hu\/wp-content\/uploads\/2026\/01\/1768236615532-2048x1532.jpg 2048w\" sizes=\"auto, (max-width: 1024px) 100vw, 1024px\" \/><\/figure><div class=\"wp-block-media-text__content\">\n<p class=\"sorkizart has-contrast-color has-text-color has-link-color has-medium-font-size wp-elements-f2024a2d0fa3d9d3ccff442912cb509e\">F\u00f6ldrajz szakk\u00f6reinken, tan\u00f3r\u00e1kon valamint egy\u00e9b esem\u00e9nyekre val\u00f3 k\u00e9sz\u00fcl\u00e9skor (nevezetes napok, Term\u00e9szettudom\u00e1nyos H\u00e9t) gyakran k\u00e9sz\u00edt\u00fcnk a di\u00e1kokkal projekteket. A kreat\u00edv, \u00f6n\u00e1ll\u00f3an vagy csoportban v\u00e9gzett feladatok kedveltek a di\u00e1kok k\u00f6r\u00e9ben, fejleszt\u0151 szerepet t\u00f6ltenek be a h\u00e9tk\u00f6znapokban is fontos k\u00e9szs\u00e9gek tekintet\u00e9ben. Mindig \u00f6r\u00f6mmel tekint\u00fcnk vissza az elk\u00e9sz\u00fclt m\u0171vekre, ezen az oldalon egy kis \u00edzel\u00edt\u0151t mutatunk be a gyerekek alkot\u00e1saib\u00f3l.<\/p>\n<\/div><\/div>\n\n\n\n<p class=\"has-text-align-center has-contrast-color has-accent-2-background-color has-text-color has-background has-link-color has-large-font-size wp-elements-50ac865711640bfaf7b5512c5cc68287\"><strong>J\u00f3 n\u00e9zeget\u00e9st!<\/strong><\/p>\n\n\n\n<div class=\"wp-block-group is-vertical is-content-justification-center is-layout-flex wp-container-core-group-is-layout-3d21532f wp-block-group-is-layout-flex\" style=\"min-height:0px;padding-right:0;padding-bottom:0;padding-left:0\">\n<div class=\"wp-block-group is-vertical is-content-justification-center is-layout-flex wp-container-core-group-is-layout-ce155fab wp-block-group-is-layout-flex\">\n<div class=\"wp-block-group is-vertical is-content-justification-center is-layout-flex wp-container-core-group-is-layout-ce155fab wp-block-group-is-layout-flex\">\n<p class=\"has-text-align-center kozepre is-style-text-subtitle has-accent-4-color has-base-background-color has-text-color has-background has-link-color has-large-font-size wp-elements-e38e654a10c7bd266912100989831e54 is-style-text-subtitle--1\" style=\"margin-top:var(--wp--preset--spacing--20);margin-bottom:var(--wp--preset--spacing--20)\">V\u00e9gz\u0151s\u00f6k munk\u00e1i, 2018-19<\/p>\n\n\n\n<figure class=\"wp-block-embed aligncenter is-type-wp-embed is-provider-genially wp-block-embed-genially\" style=\"margin-top:var(--wp--preset--spacing--20);margin-right:var(--wp--preset--spacing--20);margin-bottom:var(--wp--preset--spacing--20);margin-left:var(--wp--preset--spacing--20)\"><div class=\"wp-block-embed__wrapper\">\n<iframe class=\"wp-embedded-content\" sandbox=\"allow-scripts\" security=\"restricted\" title=\"V\u00e9gz\u0151s\u00f6k projektjei 2018\/19.\" frameborder='0' width='1200' height='675' src='https:\/\/view.genially.com\/6005d2a34bfa890d0b1853d4#?secret=1pct1xFPCI' data-secret='1pct1xFPCI' scrolling='yes'><\/iframe>\n<\/div><\/figure>\n<\/div>\n<\/div>\n\n\n\n<div class=\"wp-block-group is-vertical is-content-justification-center is-layout-flex wp-container-core-group-is-layout-ce155fab wp-block-group-is-layout-flex\">\n<p class=\"is-style-text-subtitle has-accent-4-color has-base-background-color has-text-color has-background has-link-color has-large-font-size wp-elements-3a0b430632308a24c1291a36a3ec4960 is-style-text-subtitle--2\" style=\"margin-top:var(--wp--preset--spacing--20);margin-bottom:var(--wp--preset--spacing--20)\">Csillag\u00e1szat, 2020<\/p>\n\n\n\n<figure class=\"wp-block-embed is-type-wp-embed is-provider-genially wp-block-embed-genially\" style=\"margin-right:var(--wp--preset--spacing--20);margin-left:var(--wp--preset--spacing--20)\"><div class=\"wp-block-embed__wrapper\">\n<iframe class=\"wp-embedded-content\" sandbox=\"allow-scripts\" security=\"restricted\" title=\"Csillag\u00e1szat projekt\" frameborder='0' width='1200' height='675' src='https:\/\/view.genially.com\/5f8c733e3a92bc0d9b3a1b67#?secret=QweuDHM5Bw' data-secret='QweuDHM5Bw' scrolling='yes'><\/iframe>\n<\/div><\/figure>\n<\/div>\n\n\n\n<div class=\"wp-block-group is-vertical is-content-justification-center is-layout-flex wp-container-core-group-is-layout-ce155fab wp-block-group-is-layout-flex\">\n<p class=\"is-style-text-subtitle has-accent-4-color has-base-background-color has-text-color has-background has-link-color has-large-font-size wp-elements-922561de06ef0e5a401e5207105f7e23 is-style-text-subtitle--3\" style=\"margin-top:var(--wp--preset--spacing--20);margin-bottom:var(--wp--preset--spacing--20)\">F\u00f6ld napja, 2020<\/p>\n\n\n\n<figure class=\"wp-block-embed is-type-wp-embed is-provider-genially wp-block-embed-genially\" style=\"margin-right:var(--wp--preset--spacing--20);margin-left:var(--wp--preset--spacing--20)\"><div class=\"wp-block-embed__wrapper\">\n<iframe class=\"wp-embedded-content\" sandbox=\"allow-scripts\" security=\"restricted\" title=\"F\u00f6ld napja 2020\" frameborder='0' width='1200' height='675' src='https:\/\/view.genially.com\/5ec8cb09ad9c9e0d8e207408#?secret=Zhoji3NXvs' data-secret='Zhoji3NXvs' scrolling='yes'><\/iframe>\n<\/div><\/figure>\n<\/div>\n\n\n\n<div class=\"wp-block-group is-style-default has-base-background-color has-background has-medium-font-size wp-elements-a8d081014a9313c5840adc93044c48ce is-vertical is-content-justification-center is-layout-flex wp-container-core-group-is-layout-1310c8d7 wp-block-group-is-layout-flex\" style=\"margin-top:0;margin-bottom:0;padding-top:0;padding-right:0;padding-bottom:0;padding-left:0\">\n<p class=\"is-style-text-subtitle has-accent-4-color has-base-background-color has-text-color has-background has-link-color has-large-font-size wp-elements-908505f1e8b003dc667963ab06dc38e6 is-style-text-subtitle--4\" style=\"margin-top:var(--wp--preset--spacing--20);margin-bottom:var(--wp--preset--spacing--20)\">\u201eKreat\u00edvkarant\u00e9n\u201d 2020<\/p>\n\n\n\n<figure class=\"wp-block-embed is-type-wp-embed is-provider-genially wp-block-embed-genially\" style=\"margin-top:0;margin-right:var(--wp--preset--spacing--20);margin-bottom:0;margin-left:var(--wp--preset--spacing--20)\"><div class=\"wp-block-embed__wrapper\">\n<iframe class=\"wp-embedded-content\" sandbox=\"allow-scripts\" security=\"restricted\" title=\"&quot;Karant\u00e9nkreativ&quot;\" frameborder='0' width='2350' height='1110' src='https:\/\/view.genially.com\/5ed741c92c645e0d7ac8e1b7#?secret=5ibtjnZCXl' data-secret='5ibtjnZCXl' scrolling='yes'><\/iframe>\n<\/div><\/figure>\n<\/div>\n\n\n\n<div class=\"wp-block-group is-vertical is-content-justification-center is-layout-flex wp-container-core-group-is-layout-ce155fab wp-block-group-is-layout-flex\">\n<p class=\"has-text-align-center is-style-text-annotation has-accent-4-color has-accent-2-background-color has-text-color has-background has-link-color has-large-font-size wp-elements-8c28bbe75c9b63c0225212f607924d3c is-style-text-annotation--5\" style=\"margin-top:var(--wp--preset--spacing--30);margin-right:var(--wp--preset--spacing--50);margin-bottom:var(--wp--preset--spacing--30);margin-left:var(--wp--preset--spacing--50)\"><a href=\"https:\/\/drive.google.com\/drive\/folders\/1VhirR2Uvo6brkwHuZhVRCF6b84dsVDv-?usp=sharing\" target=\"_blank\" rel=\"noreferrer noopener\">Trefort nap, Ki\u00e1ll\u00edt\u00e1s a tan\u00e9v f\u00f6ldrajz\u00f3rai munk\u00e1ib\u00f3l<\/a><\/p>\n<\/div>\n\n\n\n<div class=\"wp-block-group is-vertical is-content-justification-center is-layout-flex wp-container-core-group-is-layout-ce155fab wp-block-group-is-layout-flex\">\n<p class=\"has-text-align-center is-style-text-annotation has-accent-4-color has-accent-2-background-color has-text-color has-background has-link-color has-large-font-size wp-elements-0ad7b7d4590145c5cd128c4cea173bc3 is-style-text-annotation--6\" style=\"margin-top:var(--wp--preset--spacing--20);margin-right:var(--wp--preset--spacing--50);margin-bottom:var(--wp--preset--spacing--20);margin-left:var(--wp--preset--spacing--50)\"><a href=\"https:\/\/drive.google.com\/drive\/folders\/1haoNvXpIAfNsMxHo8f8j7Vx9LBk5wwd0?usp=sharing\" target=\"_blank\" rel=\"noreferrer noopener\">Afrika \u00f6vezetei<\/a><\/p>\n<\/div>\n\n\n\n<div class=\"wp-block-group is-vertical is-content-justification-center is-layout-flex wp-container-core-group-is-layout-ce155fab wp-block-group-is-layout-flex\">\n<p class=\"has-text-align-center is-style-text-annotation has-accent-4-color has-accent-2-background-color has-text-color has-background has-link-color has-large-font-size wp-elements-dae8aab36b4d7c150e1fca0612db472d is-style-text-annotation--7\" style=\"margin-top:var(--wp--preset--spacing--30);margin-right:var(--wp--preset--spacing--50);margin-bottom:var(--wp--preset--spacing--30);margin-left:var(--wp--preset--spacing--50)\"><a href=\"https:\/\/drive.google.com\/drive\/folders\/1rxpOrVxuM-_MBEYO2QGvvSj-S4X77pC-?usp=sharing\" target=\"_blank\" rel=\"noreferrer noopener\">Ausztr\u00e1lia, 2024<\/a><\/p>\n<\/div>\n\n\n\n<div class=\"wp-block-group is-vertical is-content-justification-center is-layout-flex wp-container-core-group-is-layout-ce155fab wp-block-group-is-layout-flex\">\n<p class=\"has-text-align-center is-style-text-annotation has-accent-4-color has-accent-2-background-color has-text-color has-background has-link-color has-large-font-size wp-elements-7d710ee2859b35b35a21e612dbc79d02 is-style-text-annotation--8\" style=\"margin-top:var(--wp--preset--spacing--20);margin-right:var(--wp--preset--spacing--50);margin-bottom:var(--wp--preset--spacing--20);margin-left:var(--wp--preset--spacing--50)\"><a href=\"https:\/\/drive.google.com\/drive\/folders\/1PeSBNONcmtLmH4tqUq1fHsu2OeA9KNMs?usp=sharing\" target=\"_blank\" rel=\"noreferrer noopener\">Ausztr\u00e1lia, kavicsfest\u00e9s, 2023<\/a><\/p>\n<\/div>\n<\/div>\n\n\n\n<p><\/p>\n","protected":false},"excerpt":{"rendered":"<p>F\u00f6ldrajz szakk\u00f6reinken, tan\u00f3r\u00e1kon valamint egy\u00e9b esem\u00e9nyekre val\u00f3 k\u00e9sz\u00fcl\u00e9skor (nevezetes napok, Term\u00e9szettudom\u00e1nyos H\u00e9t) gyakran k\u00e9sz\u00edt\u00fcnk a di\u00e1kokkal projekteket. A kreat\u00edv, \u00f6n\u00e1ll\u00f3an vagy csoportban v\u00e9gzett feladatok kedveltek a di\u00e1kok k\u00f6r\u00e9ben, fejleszt\u0151 szerepet t\u00f6ltenek be a h\u00e9tk\u00f6znapokban is fontos k\u00e9szs\u00e9gek tekintet\u00e9ben. Mindig \u00f6r\u00f6mmel tekint\u00fcnk vissza az elk\u00e9sz\u00fclt m\u0171vekre, ezen az oldalon egy kis \u00edzel\u00edt\u0151t mutatunk be a gyerekek [&hellip;]<\/p>\n","protected":false},"author":1,"featured_media":0,"parent":0,"menu_order":0,"comment_status":"closed","ping_status":"closed","template":"c-mlap","meta":{"footnotes":""},"class_list":["post-211","page","type-page","status-publish","hentry"],"_links":{"self":[{"href":"https:\/\/termtud.eltetrefort.hu\/index.php?rest_route=\/wp\/v2\/pages\/211","targetHints":{"allow":["GET"]}}],"collection":[{"href":"https:\/\/termtud.eltetrefort.hu\/index.php?rest_route=\/wp\/v2\/pages"}],"about":[{"href":"https:\/\/termtud.eltetrefort.hu\/index.php?rest_route=\/wp\/v2\/types\/page"}],"author":[{"embeddable":true,"href":"https:\/\/termtud.eltetrefort.hu\/index.php?rest_route=\/wp\/v2\/users\/1"}],"replies":[{"embeddable":true,"href":"https:\/\/termtud.eltetrefort.hu\/index.php?rest_route=%2Fwp%2Fv2%2Fcomments&post=211"}],"version-history":[{"count":65,"href":"https:\/\/termtud.eltetrefort.hu\/index.php?rest_route=\/wp\/v2\/pages\/211\/revisions"}],"predecessor-version":[{"id":1572,"href":"https:\/\/termtud.eltetrefort.hu\/index.php?rest_route=\/wp\/v2\/pages\/211\/revisions\/1572"}],"wp:attachment":[{"href":"https:\/\/termtud.eltetrefort.hu\/index.php?rest_route=%2Fwp%2Fv2%2Fmedia&parent=211"}],"curies":[{"name":"wp","href":"https:\/\/api.w.org\/{rel}","templated":true}]}}