{"id":283,"date":"2026-01-09T21:44:46","date_gmt":"2026-01-09T20:44:46","guid":{"rendered":"https:\/\/termtud.eltetrefort.hu\/?page_id=283"},"modified":"2026-01-21T16:04:59","modified_gmt":"2026-01-21T15:04:59","slug":"foldrajz","status":"publish","type":"page","link":"https:\/\/termtud.eltetrefort.hu\/?page_id=283","title":{"rendered":"F\u00f6ldrajz"},"content":{"rendered":"\n<p class=\"has-text-align-center\">ELTE Trefort \u00c1goston Gyakorl\u00f3 Gimn\u00e1zium<\/p>\n\n\n\n<figure class=\"wp-block-image aligncenter size-large\"><img loading=\"lazy\" decoding=\"async\" width=\"1024\" height=\"360\" src=\"http:\/\/termtud.eltetrefort.hu\/wp-content\/uploads\/2026\/01\/DSC_8682_2-Csorba-Zita-scaled-e1767992616289-1024x360.jpg\" alt=\"\" class=\"wp-image-299\" srcset=\"https:\/\/termtud.eltetrefort.hu\/wp-content\/uploads\/2026\/01\/DSC_8682_2-Csorba-Zita-scaled-e1767992616289-1024x360.jpg 1024w, https:\/\/termtud.eltetrefort.hu\/wp-content\/uploads\/2026\/01\/DSC_8682_2-Csorba-Zita-scaled-e1767992616289-300x105.jpg 300w, https:\/\/termtud.eltetrefort.hu\/wp-content\/uploads\/2026\/01\/DSC_8682_2-Csorba-Zita-scaled-e1767992616289-768x270.jpg 768w, https:\/\/termtud.eltetrefort.hu\/wp-content\/uploads\/2026\/01\/DSC_8682_2-Csorba-Zita-scaled-e1767992616289-1536x540.jpg 1536w, https:\/\/termtud.eltetrefort.hu\/wp-content\/uploads\/2026\/01\/DSC_8682_2-Csorba-Zita-scaled-e1767992616289-2048x720.jpg 2048w\" sizes=\"auto, (max-width: 1024px) 100vw, 1024px\" \/><\/figure>\n\n\n<nav class=\"has-text-color has-accent-2-color has-background has-contrast-background-color is-responsive items-justified-center wp-block-navigation is-content-justification-center is-layout-flex wp-container-core-navigation-is-layout-a89b3969 wp-block-navigation-is-layout-flex\" aria-label=\"Foldrajz\" \n\t\t data-wp-interactive=\"core\/navigation\" data-wp-context='{\"overlayOpenedBy\":{\"click\":false,\"hover\":false,\"focus\":false},\"type\":\"overlay\",\"roleAttribute\":\"\",\"ariaLabel\":\"Men\\u00fc\"}'><button aria-haspopup=\"dialog\" aria-label=\"Men\u00fc megnyit\u00e1sa\" class=\"wp-block-navigation__responsive-container-open\" \n\t\t\t\tdata-wp-on--click=\"actions.openMenuOnClick\"\n\t\t\t\tdata-wp-on--keydown=\"actions.handleMenuKeydown\"\n\t\t\t><svg width=\"24\" height=\"24\" xmlns=\"http:\/\/www.w3.org\/2000\/svg\" viewBox=\"0 0 24 24\" aria-hidden=\"true\" focusable=\"false\"><path d=\"M4 7.5h16v1.5H4z\"><\/path><path d=\"M4 15h16v1.5H4z\"><\/path><\/svg><\/button>\n\t\t\t\t<div class=\"wp-block-navigation__responsive-container\"  id=\"modal-1\" \n\t\t\t\tdata-wp-class--has-modal-open=\"state.isMenuOpen\"\n\t\t\t\tdata-wp-class--is-menu-open=\"state.isMenuOpen\"\n\t\t\t\tdata-wp-watch=\"callbacks.initMenu\"\n\t\t\t\tdata-wp-on--keydown=\"actions.handleMenuKeydown\"\n\t\t\t\tdata-wp-on--focusout=\"actions.handleMenuFocusout\"\n\t\t\t\ttabindex=\"-1\"\n\t\t\t>\n\t\t\t\t\t<div class=\"wp-block-navigation__responsive-close\" tabindex=\"-1\">\n\t\t\t\t\t\t<div class=\"wp-block-navigation__responsive-dialog\" \n\t\t\t\tdata-wp-bind--aria-modal=\"state.ariaModal\"\n\t\t\t\tdata-wp-bind--aria-label=\"state.ariaLabel\"\n\t\t\t\tdata-wp-bind--role=\"state.roleAttribute\"\n\t\t\t>\n\t\t\t\t\t\t\t<button aria-label=\"Men\u00fc bez\u00e1r\u00e1sa\" class=\"wp-block-navigation__responsive-container-close\" \n\t\t\t\tdata-wp-on--click=\"actions.closeMenuOnClick\"\n\t\t\t><svg xmlns=\"http:\/\/www.w3.org\/2000\/svg\" viewBox=\"0 0 24 24\" width=\"24\" height=\"24\" aria-hidden=\"true\" focusable=\"false\"><path d=\"m13.06 12 6.47-6.47-1.06-1.06L12 10.94 5.53 4.47 4.47 5.53 10.94 12l-6.47 6.47 1.06 1.06L12 13.06l6.47 6.47 1.06-1.06L13.06 12Z\"><\/path><\/svg><\/button>\n\t\t\t\t\t\t\t<div class=\"wp-block-navigation__responsive-container-content\" \n\t\t\t\tdata-wp-watch=\"callbacks.focusFirstElement\"\n\t\t\t id=\"modal-1-content\">\n\t\t\t\t\t\t\t\t<ul class=\"wp-block-navigation__container has-text-color has-accent-2-color has-background has-contrast-background-color is-responsive items-justified-center wp-block-navigation\"><li class=\" wp-block-navigation-item wp-block-navigation-link\"><a class=\"wp-block-navigation-item__content\"  href=\"https:\/\/termtud.eltetrefort.hu\/?page_id=628\"><span class=\"wp-block-navigation-item__label\">Szakk\u00f6r\u00f6k<\/span><\/a><\/li><li class=\" wp-block-navigation-item wp-block-navigation-link\"><a class=\"wp-block-navigation-item__content\"  href=\"https:\/\/termtud.eltetrefort.hu\/?page_id=645\"><span class=\"wp-block-navigation-item__label\">Versenyek<\/span><\/a><\/li><li class=\" wp-block-navigation-item wp-block-navigation-link\"><a class=\"wp-block-navigation-item__content\"  href=\"https:\/\/termtud.eltetrefort.hu\/?page_id=637\"><span class=\"wp-block-navigation-item__label\">Tan\u00e1rk\u00e9pz\u00e9s <\/span><\/a><\/li><li class=\" wp-block-navigation-item wp-block-navigation-link\"><a class=\"wp-block-navigation-item__content\"  href=\"https:\/\/termtud.eltetrefort.hu\/?page_id=211id=211\"><span class=\"wp-block-navigation-item__label\">Di\u00e1kmunk\u00e1k<\/span><\/a><\/li><\/ul>\n\t\t\t\t\t\t\t<\/div>\n\t\t\t\t\t\t<\/div>\n\t\t\t\t\t<\/div>\n\t\t\t\t<\/div><\/nav>\n\n\n<p class=\"has-text-align-center has-contrast-color has-accent-2-background-color has-text-color has-background has-link-color has-medium-font-size wp-elements-8e366a83bcac3238c124362bb178755a\" style=\"border-style:none;border-width:0px\"><strong>\u00dcdv\u00f6z\u00f6lj\u00fck a f\u00f6ldrajz tant\u00e1rgy oldal\u00e1n!<\/strong><\/p>\n\n\n\n<p class=\"sorkizart has-contrast-color has-text-color has-link-color has-medium-font-size wp-elements-9eab4fad9d27e4f2d4b7c7a79aeb6df5\" style=\"border-style:none;border-width:0px;margin-right:var(--wp--preset--spacing--60);margin-left:var(--wp--preset--spacing--60)\">A biol\u00f3gi\u00e1hoz \u00e9s k\u00e9mi\u00e1hoz hasonl\u00f3an iskol\u00e1nkban hat \u00e9vfolyamos rendszerben, line\u00e1ris tanterv szerint, \u00e1ltal\u00e1nos tanterv\u0171 oszt\u00e1lyokban tan\u00edtjuk a f\u00f6ldrajzot. Ez a 7. \u00e9vfolyamon kett\u0151, a 8. \u00e9vfolyamon egy, a 9. \u00e9s 10. \u00e9vfolyamokon heti k\u00e9t \u00f3r\u00e1t jelent. A f\u00f6ldrajz ir\u00e1nt \u00e9rdekl\u0151d\u0151 di\u00e1kok\u00a0 11-12. oszt\u00e1lyban fakult\u00e1ci\u00f3 keret\u00e9ben tanulhatj\u00e1k tov\u00e1bb a t\u00e1rgyat. Mivel a f\u00f6ldrajz tant\u00e1rgy tan\u00edt\u00e1sa a 10. \u00e9v v\u00e9g\u00e9n befejez\u0151dik, a tanul\u00f3knak lehet\u0151s\u00e9g\u00fck van el\u0151rehozott \u00e9retts\u00e9git tenni. \u00cdgy di\u00e1kjaink \u00e1ltal\u00e1ban a k\u00f6z\u00e9pszint\u0171 vizsg\u00e1t 10. vagy 11. oszt\u00e1ly v\u00e9g\u00e9n, az emelt szint\u0171 vizsg\u00e1t pedig a 12. \u00e9v v\u00e9g\u00e9n teszik le. Minden \u00e9vben egyre t\u00f6bb \u00e9rdekl\u0151d\u0151 van e lehet\u0151s\u00e9g ir\u00e1nt. <br>Nagy hangs\u00falyt fektet\u00fcnk arra, hogy a gyerekek ne csak elm\u00e9letben ismerkedjenek a f\u00f6ldrajz sz\u00e9ps\u00e9geivel, hanem maguk is alkothassanak, projektekben, kreat\u00edv feladatokban vegyenek r\u00e9szt, k\u00f6zelebb ker\u00fclve ezzel az \u0151ket k\u00f6r\u00fclvev\u0151 vil\u00e1ghoz.\u00a0T\u00e1rgyunk ir\u00e1nti \u00e9rdekl\u0151d\u00e9st, lelkesed\u00e9st a k\u00e9t\u00e9vente megrendezett, &#8222;<em>Term\u00e9szettudom\u00e1nyos h\u00e9t<\/em>&#8221; elnevez\u00e9s\u0171, sz\u00ednes programokban gazdag  rendezv\u00e9ny\u00fcnkkel is igyeksz\u00fcnk fokozni.<\/p>\n\n\n\n<p class=\"sorkizart has-accent-4-color has-text-color has-link-color has-small-font-size wp-elements-30d43415577846700b7e462e9a4b690e\" style=\"border-style:none;border-width:0px;margin-right:var(--wp--preset--spacing--60);margin-left:var(--wp--preset--spacing--60)\">&nbsp;&nbsp;&nbsp;&nbsp;&nbsp;&nbsp;&nbsp;&nbsp;&nbsp;&nbsp;&nbsp;&nbsp;&nbsp;&nbsp;&nbsp;&nbsp;&nbsp;&nbsp;&nbsp;&nbsp;&nbsp;&nbsp;&nbsp;&nbsp;&nbsp;&nbsp;&nbsp;&nbsp;&nbsp;&nbsp;&nbsp;&nbsp;&nbsp;&nbsp;&nbsp;&nbsp;&nbsp;&nbsp;&nbsp;&nbsp;&nbsp;&nbsp;&nbsp;&nbsp;&nbsp;&nbsp;&nbsp;&nbsp;&nbsp;&nbsp;&nbsp;&nbsp;&nbsp;&nbsp;&nbsp;&nbsp;&nbsp;&nbsp;&nbsp;&nbsp;&nbsp;&nbsp;&nbsp;&nbsp;&nbsp;&nbsp;&nbsp;&nbsp;&nbsp;&nbsp;&nbsp;&nbsp;&nbsp;&nbsp;&nbsp;&nbsp;&nbsp;&nbsp;&nbsp;&nbsp;&nbsp;&nbsp;&nbsp;&nbsp;&nbsp;&nbsp;&nbsp;&nbsp;&nbsp;&nbsp;&nbsp;&nbsp;&nbsp;&nbsp;&nbsp;&nbsp;&nbsp;&nbsp;<br>&#8222;<em>A m\u00falt nyomokat hagyott a F\u00f6ld\u00f6n, nek\u00fcnk csup\u00e1n az a dolgunk, hogy megfejts\u00fck a jelent\u00e9s\u00fcket.&#8221; \/Ted Chiang\/<\/em><\/p>\n\n\n\n<figure class=\"wp-block-gallery has-nested-images columns-default is-cropped wp-block-gallery-2 is-layout-flex wp-block-gallery-is-layout-flex\" style=\"margin-right:var(--wp--preset--spacing--50);margin-left:var(--wp--preset--spacing--50)\">\n<figure class=\"wp-block-image size-large\"><img loading=\"lazy\" decoding=\"async\" width=\"766\" height=\"1024\" data-id=\"621\" src=\"https:\/\/termtud.eltetrefort.hu\/wp-content\/uploads\/2026\/01\/1768236615470-766x1024.jpg\" alt=\"\" class=\"wp-image-621\" srcset=\"https:\/\/termtud.eltetrefort.hu\/wp-content\/uploads\/2026\/01\/1768236615470-766x1024.jpg 766w, https:\/\/termtud.eltetrefort.hu\/wp-content\/uploads\/2026\/01\/1768236615470-224x300.jpg 224w, https:\/\/termtud.eltetrefort.hu\/wp-content\/uploads\/2026\/01\/1768236615470-768x1027.jpg 768w, https:\/\/termtud.eltetrefort.hu\/wp-content\/uploads\/2026\/01\/1768236615470-1149x1536.jpg 1149w, https:\/\/termtud.eltetrefort.hu\/wp-content\/uploads\/2026\/01\/1768236615470-1532x2048.jpg 1532w, https:\/\/termtud.eltetrefort.hu\/wp-content\/uploads\/2026\/01\/1768236615470-scaled.jpg 1915w\" sizes=\"auto, (max-width: 766px) 100vw, 766px\" \/><figcaption class=\"wp-element-caption\">di\u00e1kmunk\u00e1k ki\u00e1ll\u00edt\u00e1sa<\/figcaption><\/figure>\n\n\n\n<figure class=\"wp-block-image size-large\"><img loading=\"lazy\" decoding=\"async\" width=\"1024\" height=\"766\" data-id=\"622\" src=\"https:\/\/termtud.eltetrefort.hu\/wp-content\/uploads\/2026\/01\/1768236615561-1024x766.jpg\" alt=\"\" class=\"wp-image-622\" srcset=\"https:\/\/termtud.eltetrefort.hu\/wp-content\/uploads\/2026\/01\/1768236615561-1024x766.jpg 1024w, https:\/\/termtud.eltetrefort.hu\/wp-content\/uploads\/2026\/01\/1768236615561-300x224.jpg 300w, https:\/\/termtud.eltetrefort.hu\/wp-content\/uploads\/2026\/01\/1768236615561-768x574.jpg 768w, https:\/\/termtud.eltetrefort.hu\/wp-content\/uploads\/2026\/01\/1768236615561-1536x1149.jpg 1536w, https:\/\/termtud.eltetrefort.hu\/wp-content\/uploads\/2026\/01\/1768236615561-2048x1532.jpg 2048w\" sizes=\"auto, (max-width: 1024px) 100vw, 1024px\" \/><figcaption class=\"wp-element-caption\">f\u00f6ldrajz tan\u00e1ri<\/figcaption><\/figure>\n\n\n\n<figure class=\"wp-block-image size-large\"><img loading=\"lazy\" decoding=\"async\" width=\"766\" height=\"1024\" data-id=\"620\" src=\"https:\/\/termtud.eltetrefort.hu\/wp-content\/uploads\/2026\/01\/1768236615436-766x1024.jpg\" alt=\"\" class=\"wp-image-620\" srcset=\"https:\/\/termtud.eltetrefort.hu\/wp-content\/uploads\/2026\/01\/1768236615436-766x1024.jpg 766w, https:\/\/termtud.eltetrefort.hu\/wp-content\/uploads\/2026\/01\/1768236615436-224x300.jpg 224w, https:\/\/termtud.eltetrefort.hu\/wp-content\/uploads\/2026\/01\/1768236615436-768x1027.jpg 768w, https:\/\/termtud.eltetrefort.hu\/wp-content\/uploads\/2026\/01\/1768236615436-1149x1536.jpg 1149w, https:\/\/termtud.eltetrefort.hu\/wp-content\/uploads\/2026\/01\/1768236615436-1532x2048.jpg 1532w, https:\/\/termtud.eltetrefort.hu\/wp-content\/uploads\/2026\/01\/1768236615436-scaled.jpg 1915w\" sizes=\"auto, (max-width: 766px) 100vw, 766px\" \/><figcaption class=\"wp-element-caption\">di\u00e1kmunk\u00e1k a szekr\u00e9nyben<\/figcaption><\/figure>\n\n\n\n<figure class=\"wp-block-image size-large\"><img loading=\"lazy\" decoding=\"async\" width=\"766\" height=\"1024\" data-id=\"624\" src=\"https:\/\/termtud.eltetrefort.hu\/wp-content\/uploads\/2026\/01\/1768236615615-766x1024.jpg\" alt=\"\" class=\"wp-image-624\" srcset=\"https:\/\/termtud.eltetrefort.hu\/wp-content\/uploads\/2026\/01\/1768236615615-766x1024.jpg 766w, https:\/\/termtud.eltetrefort.hu\/wp-content\/uploads\/2026\/01\/1768236615615-224x300.jpg 224w, https:\/\/termtud.eltetrefort.hu\/wp-content\/uploads\/2026\/01\/1768236615615-768x1027.jpg 768w, https:\/\/termtud.eltetrefort.hu\/wp-content\/uploads\/2026\/01\/1768236615615-1149x1536.jpg 1149w, https:\/\/termtud.eltetrefort.hu\/wp-content\/uploads\/2026\/01\/1768236615615-1532x2048.jpg 1532w, https:\/\/termtud.eltetrefort.hu\/wp-content\/uploads\/2026\/01\/1768236615615-scaled.jpg 1915w\" sizes=\"auto, (max-width: 766px) 100vw, 766px\" \/><figcaption class=\"wp-element-caption\">Kov\u00e1cs Lehel festm\u00e9nye<\/figcaption><\/figure>\n\n\n\n<figure class=\"wp-block-image size-large\"><img loading=\"lazy\" decoding=\"async\" width=\"766\" height=\"1024\" data-id=\"623\" src=\"https:\/\/termtud.eltetrefort.hu\/wp-content\/uploads\/2026\/01\/1768236615588-766x1024.jpg\" alt=\"\" class=\"wp-image-623\" srcset=\"https:\/\/termtud.eltetrefort.hu\/wp-content\/uploads\/2026\/01\/1768236615588-766x1024.jpg 766w, https:\/\/termtud.eltetrefort.hu\/wp-content\/uploads\/2026\/01\/1768236615588-224x300.jpg 224w, https:\/\/termtud.eltetrefort.hu\/wp-content\/uploads\/2026\/01\/1768236615588-768x1027.jpg 768w, https:\/\/termtud.eltetrefort.hu\/wp-content\/uploads\/2026\/01\/1768236615588-1149x1536.jpg 1149w, https:\/\/termtud.eltetrefort.hu\/wp-content\/uploads\/2026\/01\/1768236615588-1532x2048.jpg 1532w, https:\/\/termtud.eltetrefort.hu\/wp-content\/uploads\/2026\/01\/1768236615588-scaled.jpg 1915w\" sizes=\"auto, (max-width: 766px) 100vw, 766px\" \/><figcaption class=\"wp-element-caption\">term\u00e9szettudom\u00e1nyos folyos\u00f3<\/figcaption><\/figure>\n<\/figure>\n\n\n\n<p class=\"has-medium-font-size\" style=\"border-style:none;border-width:0px;margin-right:var(--wp--preset--spacing--60);margin-left:var(--wp--preset--spacing--60)\"><em><br><br><\/em><\/p>\n\n\n\n<div class=\"wp-block-group is-vertical is-layout-flex wp-container-core-group-is-layout-fe9cc265 wp-block-group-is-layout-flex\">\n<div class=\"wp-block-columns is-layout-flex wp-container-core-columns-is-layout-28f84493 wp-block-columns-is-layout-flex\">\n<div class=\"wp-block-column is-layout-flow wp-block-column-is-layout-flow\" style=\"flex-basis:100%\"><\/div>\n<\/div>\n<\/div>\n\n\n\n<p><\/p>\n","protected":false},"excerpt":{"rendered":"<p>ELTE Trefort \u00c1goston Gyakorl\u00f3 Gimn\u00e1zium \u00dcdv\u00f6z\u00f6lj\u00fck a f\u00f6ldrajz tant\u00e1rgy oldal\u00e1n! A biol\u00f3gi\u00e1hoz \u00e9s k\u00e9mi\u00e1hoz hasonl\u00f3an iskol\u00e1nkban hat \u00e9vfolyamos rendszerben, line\u00e1ris tanterv szerint, \u00e1ltal\u00e1nos tanterv\u0171 oszt\u00e1lyokban tan\u00edtjuk a f\u00f6ldrajzot. Ez a 7. \u00e9vfolyamon kett\u0151, a 8. \u00e9vfolyamon egy, a 9. \u00e9s 10. \u00e9vfolyamokon heti k\u00e9t \u00f3r\u00e1t jelent. A f\u00f6ldrajz ir\u00e1nt \u00e9rdekl\u0151d\u0151 di\u00e1kok\u00a0 11-12. oszt\u00e1lyban fakult\u00e1ci\u00f3 keret\u00e9ben [&hellip;]<\/p>\n","protected":false},"author":1,"featured_media":0,"parent":0,"menu_order":0,"comment_status":"closed","ping_status":"closed","template":"c-mlap","meta":{"footnotes":""},"class_list":["post-283","page","type-page","status-publish","hentry"],"_links":{"self":[{"href":"https:\/\/termtud.eltetrefort.hu\/index.php?rest_route=\/wp\/v2\/pages\/283","targetHints":{"allow":["GET"]}}],"collection":[{"href":"https:\/\/termtud.eltetrefort.hu\/index.php?rest_route=\/wp\/v2\/pages"}],"about":[{"href":"https:\/\/termtud.eltetrefort.hu\/index.php?rest_route=\/wp\/v2\/types\/page"}],"author":[{"embeddable":true,"href":"https:\/\/termtud.eltetrefort.hu\/index.php?rest_route=\/wp\/v2\/users\/1"}],"replies":[{"embeddable":true,"href":"https:\/\/termtud.eltetrefort.hu\/index.php?rest_route=%2Fwp%2Fv2%2Fcomments&post=283"}],"version-history":[{"count":19,"href":"https:\/\/termtud.eltetrefort.hu\/index.php?rest_route=\/wp\/v2\/pages\/283\/revisions"}],"predecessor-version":[{"id":1382,"href":"https:\/\/termtud.eltetrefort.hu\/index.php?rest_route=\/wp\/v2\/pages\/283\/revisions\/1382"}],"wp:attachment":[{"href":"https:\/\/termtud.eltetrefort.hu\/index.php?rest_route=%2Fwp%2Fv2%2Fmedia&parent=283"}],"curies":[{"name":"wp","href":"https:\/\/api.w.org\/{rel}","templated":true}]}}