{"id":370,"date":"2026-01-11T10:16:33","date_gmt":"2026-01-11T09:16:33","guid":{"rendered":"https:\/\/termtud.eltetrefort.hu\/?page_id=370"},"modified":"2026-01-17T20:57:55","modified_gmt":"2026-01-17T19:57:55","slug":"szakkorok-biologia","status":"publish","type":"page","link":"https:\/\/termtud.eltetrefort.hu\/?page_id=370","title":{"rendered":"Szakk\u00f6r\u00f6k &#8211; biol\u00f3gia"},"content":{"rendered":"\n<div class=\"wp-block-media-text is-stacked-on-mobile is-image-fill-element\" style=\"margin-right:var(--wp--preset--spacing--50);margin-left:var(--wp--preset--spacing--50);grid-template-columns:30% auto\"><figure class=\"wp-block-media-text__media\"><img loading=\"lazy\" decoding=\"async\" width=\"1024\" height=\"792\" src=\"http:\/\/termtud.eltetrefort.hu\/wp-content\/uploads\/2026\/01\/P1011477-scaled-e1768492771518-1024x792.jpeg\" alt=\"\" class=\"wp-image-969 size-full\" style=\"object-position:50% 50%\" srcset=\"https:\/\/termtud.eltetrefort.hu\/wp-content\/uploads\/2026\/01\/P1011477-scaled-e1768492771518-1024x792.jpeg 1024w, https:\/\/termtud.eltetrefort.hu\/wp-content\/uploads\/2026\/01\/P1011477-scaled-e1768492771518-300x232.jpeg 300w, https:\/\/termtud.eltetrefort.hu\/wp-content\/uploads\/2026\/01\/P1011477-scaled-e1768492771518-768x594.jpeg 768w, https:\/\/termtud.eltetrefort.hu\/wp-content\/uploads\/2026\/01\/P1011477-scaled-e1768492771518.jpeg 1297w\" sizes=\"auto, (max-width: 1024px) 100vw, 1024px\" \/><\/figure><div class=\"wp-block-media-text__content\">\n<p class=\"sorkizart has-contrast-color has-text-color has-link-color has-medium-font-size wp-elements-b623181930b2aa71e3639c7827f7d6a1\">Munkak\u00f6z\u00f6ss\u00e9g\u00fcnk arra t\u00f6rekszik, hogy minden \u00e9vfolyamon, minden tan\u00e9vben biztos\u00edtson a di\u00e1koknak tan\u00f3r\u00e1n k\u00edv\u00fcli foglalkoz\u00e1sokat. Az als\u00f3bb \u00e9vfolyamokon a szakk\u00f6reink els\u0151dleges c\u00e9lja a motiv\u00e1l\u00e1s, az alapvet\u0151 term\u00e9szettudom\u00e1nyos kompetenci\u00e1k fejleszt\u00e9se. Ez\u00e9rt ezeken az \u00f3r\u00e1kon k\u00eds\u00e9rleteket, mikroszk\u00f3pi gyakorlatokat, film- \u00e9s cikkelemz\u00e9seket v\u00e9gz\u00fcnk els\u0151sorban. A magasabb \u00e9vfolyamokon a laborfoglalkoz\u00e1sok mellett m\u00e1r nagyobb hangs\u00falyt kap a versenyekre \u00e9s az \u00e9retts\u00e9gire val\u00f3 felk\u00e9sz\u00fcl\u00e9s.<\/p>\n<\/div><\/div>\n\n\n\n<p class=\"has-text-align-center has-contrast-color has-accent-2-background-color has-text-color has-background has-link-color has-large-font-size wp-elements-ce57449e7c4ef3f4877902dc33742b8a\"><strong>Szakk\u00f6reink a 2025\/26-os tan\u00e9vben<\/strong><\/p>\n\n\n\n<ul class=\"wp-block-list kozepre\">\n<li class=\"has-accent-4-color has-text-color has-link-color has-medium-font-size wp-elements-7d9bcfaf5f802712ba48f3d43beca8d2\">7-8. \u00e9vfolyam: Zoofort (\u00e9l\u0151 sarok gondoz\u00e1sa): Gedeon G\u00e1bor<\/li>\n\n\n\n<li class=\"has-accent-4-color has-text-color has-link-color has-medium-font-size wp-elements-e41eb280143fdbe7e6739e7d5d3e98ab\">7-8. \u00e9vfolyam: Biol\u00f3giai \u00e9rdekess\u00e9gek (Gedeon G\u00e1bor)<\/li>\n\n\n\n<li class=\"has-accent-4-color has-text-color has-link-color has-medium-font-size wp-elements-a99102c1b5994b7ec69a3b289ce30f29\">8. \u00e9vfolyam: Term\u00e9szetismeret (Farag\u00f3 Norbert)<\/li>\n\n\n\n<li class=\"has-accent-4-color has-text-color has-link-color has-medium-font-size wp-elements-67500f0992d6376127e27f7763e40f0c\">8-9. \u00e9vfolyam: Embertan orvostudom\u00e1ny (Gedeon G\u00e1bor)<\/li>\n\n\n\n<li class=\"has-accent-4-color has-text-color has-link-color has-medium-font-size wp-elements-80eef23fb30ae4ecaf6c3c6da00f2a0b\">10.b: Gyakorlati szakk\u00f6r (Er\u0151s-Honti Julianna)<\/li>\n\n\n\n<li class=\"has-accent-4-color has-text-color has-link-color has-medium-font-size wp-elements-0f1996cbf878685b1efb49d997f80b0b\">11. \u00e9vfolyam: Versenyfelk\u00e9sz\u00edt\u0151 (Farag\u00f3 Norbert)<\/li>\n\n\n\n<li class=\"has-accent-4-color has-text-color has-link-color has-medium-font-size wp-elements-dcbb9d573f5b44320f23efc3beec95de\">12. \u00e9vfolyam: Versenyfelk\u00e9sz\u00edt\u0151 (Er\u0151s-Honti Julianna)<\/li>\n<\/ul>\n\n\n\n<p><\/p>\n","protected":false},"excerpt":{"rendered":"<p>Munkak\u00f6z\u00f6ss\u00e9g\u00fcnk arra t\u00f6rekszik, hogy minden \u00e9vfolyamon, minden tan\u00e9vben biztos\u00edtson a di\u00e1koknak tan\u00f3r\u00e1n k\u00edv\u00fcli foglalkoz\u00e1sokat. Az als\u00f3bb \u00e9vfolyamokon a szakk\u00f6reink els\u0151dleges c\u00e9lja a motiv\u00e1l\u00e1s, az alapvet\u0151 term\u00e9szettudom\u00e1nyos kompetenci\u00e1k fejleszt\u00e9se. Ez\u00e9rt ezeken az \u00f3r\u00e1kon k\u00eds\u00e9rleteket, mikroszk\u00f3pi gyakorlatokat, film- \u00e9s cikkelemz\u00e9seket v\u00e9gz\u00fcnk els\u0151sorban. A magasabb \u00e9vfolyamokon a laborfoglalkoz\u00e1sok mellett m\u00e1r nagyobb hangs\u00falyt kap a versenyekre \u00e9s az \u00e9retts\u00e9gire [&hellip;]<\/p>\n","protected":false},"author":1,"featured_media":0,"parent":0,"menu_order":0,"comment_status":"closed","ping_status":"closed","template":"c-mlap","meta":{"footnotes":""},"class_list":["post-370","page","type-page","status-publish","hentry"],"_links":{"self":[{"href":"https:\/\/termtud.eltetrefort.hu\/index.php?rest_route=\/wp\/v2\/pages\/370","targetHints":{"allow":["GET"]}}],"collection":[{"href":"https:\/\/termtud.eltetrefort.hu\/index.php?rest_route=\/wp\/v2\/pages"}],"about":[{"href":"https:\/\/termtud.eltetrefort.hu\/index.php?rest_route=\/wp\/v2\/types\/page"}],"author":[{"embeddable":true,"href":"https:\/\/termtud.eltetrefort.hu\/index.php?rest_route=\/wp\/v2\/users\/1"}],"replies":[{"embeddable":true,"href":"https:\/\/termtud.eltetrefort.hu\/index.php?rest_route=%2Fwp%2Fv2%2Fcomments&post=370"}],"version-history":[{"count":63,"href":"https:\/\/termtud.eltetrefort.hu\/index.php?rest_route=\/wp\/v2\/pages\/370\/revisions"}],"predecessor-version":[{"id":1325,"href":"https:\/\/termtud.eltetrefort.hu\/index.php?rest_route=\/wp\/v2\/pages\/370\/revisions\/1325"}],"wp:attachment":[{"href":"https:\/\/termtud.eltetrefort.hu\/index.php?rest_route=%2Fwp%2Fv2%2Fmedia&parent=370"}],"curies":[{"name":"wp","href":"https:\/\/api.w.org\/{rel}","templated":true}]}}