{"id":558,"date":"2026-01-11T21:17:15","date_gmt":"2026-01-11T20:17:15","guid":{"rendered":"https:\/\/termtud.eltetrefort.hu\/?page_id=558"},"modified":"2026-01-21T19:15:14","modified_gmt":"2026-01-21T18:15:14","slug":"fajismeret","status":"publish","type":"page","link":"https:\/\/termtud.eltetrefort.hu\/?page_id=558","title":{"rendered":"Fajismeret"},"content":{"rendered":"\n<div class=\"wp-block-media-text is-stacked-on-mobile is-image-fill-element\" style=\"margin-right:var(--wp--preset--spacing--50);margin-left:var(--wp--preset--spacing--50);grid-template-columns:30% auto\"><figure class=\"wp-block-media-text__media\"><img loading=\"lazy\" decoding=\"async\" width=\"954\" height=\"1024\" src=\"http:\/\/termtud.eltetrefort.hu\/wp-content\/uploads\/2026\/01\/1Raza-Katarina-12A-scaled-e1768164173117-954x1024.jpeg\" alt=\"\" class=\"wp-image-377 size-full\" style=\"object-position:50% 50%\" srcset=\"https:\/\/termtud.eltetrefort.hu\/wp-content\/uploads\/2026\/01\/1Raza-Katarina-12A-scaled-e1768164173117-954x1024.jpeg 954w, https:\/\/termtud.eltetrefort.hu\/wp-content\/uploads\/2026\/01\/1Raza-Katarina-12A-scaled-e1768164173117-280x300.jpeg 280w, https:\/\/termtud.eltetrefort.hu\/wp-content\/uploads\/2026\/01\/1Raza-Katarina-12A-scaled-e1768164173117-768x824.jpeg 768w, https:\/\/termtud.eltetrefort.hu\/wp-content\/uploads\/2026\/01\/1Raza-Katarina-12A-scaled-e1768164173117-1432x1536.jpeg 1432w, https:\/\/termtud.eltetrefort.hu\/wp-content\/uploads\/2026\/01\/1Raza-Katarina-12A-scaled-e1768164173117.jpeg 1702w\" sizes=\"auto, (max-width: 954px) 100vw, 954px\" \/><\/figure><div class=\"wp-block-media-text__content\">\n<p class=\"has-contrast-color has-text-color has-link-color wp-elements-7f3b02177ad1c2160a2f89c19f2f3b66\"><strong>Kedves di\u00e1kok<\/strong>!<\/p>\n\n\n\n<p class=\"has-contrast-color has-text-color has-link-color has-medium-font-size wp-elements-ef3708e06a225af2c5487636e09a5601\"><strong>Amit a besz\u00e1mol\u00f3ra tudni kell:<\/strong><\/p>\n\n\n\n<ul class=\"wp-block-list sorkizart has-medium-font-size\">\n<li class=\"has-contrast-color has-text-color has-link-color wp-elements-86007f28e183d6de33c29fe89fe0882d\">A fajok <em>magyar<\/em> nev\u00e9t!<\/li>\n\n\n\n<li class=\"has-contrast-color has-text-color has-link-color wp-elements-fa6737a5a711c69b618fd3d83cb9c320\">Fel kell ismerni az \u00e9l\u0151l\u00e9nyeket k\u00e9pekr\u0151l (nem a kiadottakr\u00f3l, de nyilv\u00e1n azok alapj\u00e1n menni fog).<\/li>\n\n\n\n<li class=\"has-contrast-color has-text-color has-link-color wp-elements-ec25c38b36975efe040a96369eb1c36e\">A besz\u00e1mol\u00f3n 20 k\u00e9pb\u0151l 20-17 pontra 5-\u00f6s j\u00e1r, 16-13 pontra megfelelt. A megfeleltnek mindenkinek meg kell lennie az \u00e9v v\u00e9gi jegyhez! K\u00e9tszer lehet pr\u00f3b\u00e1lkozni!<\/li>\n\n\n\n<li class=\"has-contrast-color has-text-color has-link-color wp-elements-c68439c24ebc7cb356b3d3d9f006618e\">A lista els\u0151sorban olyan, az \u00f3rai anyaghoz kapcsol\u00f3d\u00f3 fajokat tartalmaz, melyekkel gyakran tal\u00e1lkozhatunk, vagy olyanokat, melyek valamilyen szempontb\u00f3l fontos hazai fajaink.<\/li>\n\n\n\n<li class=\"has-contrast-color has-text-color has-link-color wp-elements-20015ae9d80464bc1aa8b56b27d0b7f6\">Az els\u0151 f\u00e9l\u00e9ves fajokb\u00f3l besz\u00e1molni a t\u00e9li sz\u00fcnet kezdet\u00e9ig, a m\u00e1sodik f\u00e9l\u00e9ves fajokb\u00f3l a tavaszi sz\u00fcnet ut\u00e1ni h\u00e9t v\u00e9g\u00e9ig lehet.<\/li>\n<\/ul>\n<\/div><\/div>\n\n\n\n<p class=\"has-text-align-center has-contrast-color has-accent-2-background-color has-text-color has-background has-link-color has-large-font-size wp-elements-04755a85fee0364d46f2a54ec9960510\"><strong>A fajismeret anyagai<\/strong><\/p>\n\n\n\n<p class=\"kozepre has-accent-4-color has-text-color has-link-color has-medium-font-size wp-elements-9c334f599d0ab2278848494a5229d23c\"><a href=\"https:\/\/drive.google.com\/drive\/folders\/1-61fL5dZStauWOHBGuvKtEGruLjy35l0\" target=\"_blank\" rel=\"noreferrer noopener\"><strong>7. \u00e9vfolyam<\/strong><\/a><\/p>\n\n\n\n<p class=\"kozepre has-accent-4-color has-text-color has-link-color has-medium-font-size wp-elements-b85fbd3a39410abca37e6b4d763e30c5\"><a href=\"https:\/\/drive.google.com\/drive\/folders\/1Wmbh5VQGtg1w7MWR5Vxsp3c2icTAs-Km\" target=\"_blank\" rel=\"noreferrer noopener\"><strong>8. \u00e9vfolyam<\/strong><\/a><\/p>\n\n\n\n<p class=\"kozepre has-accent-4-color has-text-color has-link-color has-medium-font-size wp-elements-a3b5a3cd7a9b9542b899e7f720b490f8\"><a href=\"https:\/\/drive.google.com\/drive\/folders\/1YPSoMWafYf1g4QDFdpdErRiQHT9j_MTE\" target=\"_blank\" rel=\"noreferrer noopener\"><strong>9. \u00e9vfolyam<\/strong><\/a><\/p>\n\n\n\n<p class=\"kozepre has-accent-4-color has-text-color has-link-color has-medium-font-size wp-elements-71e62d0a87a35127fbcd162d5d0150ab\"><a href=\"https:\/\/drive.google.com\/drive\/folders\/1rOLGDFf9WxoQ0wzk2t2GJBo9w489A6Qi\" target=\"_blank\" rel=\"noreferrer noopener\"><strong>10. \u00e9vfolyam<\/strong><\/a><\/p>\n\n\n\n<p class=\"kozepre has-accent-4-color has-text-color has-link-color has-medium-font-size wp-elements-0de9cbe6ed8ab86a917f4d081168c270\"><a href=\"https:\/\/drive.google.com\/drive\/folders\/1p6EYuHe8LpvP1FINB4zYUO0U3aaBqO-9\" target=\"_blank\" rel=\"noreferrer noopener\"><strong>11. \u00e9vfolyam<\/strong><\/a><\/p>\n\n\n\n<p><\/p>\n","protected":false},"excerpt":{"rendered":"<p>A fajismeret anyagai 7. \u00e9vfolyam 8. \u00e9vfolyam 9. \u00e9vfolyam 10. \u00e9vfolyam 11. \u00e9vfolyam<\/p>\n","protected":false},"author":1,"featured_media":0,"parent":0,"menu_order":0,"comment_status":"closed","ping_status":"closed","template":"c-mlap","meta":{"footnotes":""},"class_list":["post-558","page","type-page","status-publish","hentry"],"_links":{"self":[{"href":"https:\/\/termtud.eltetrefort.hu\/index.php?rest_route=\/wp\/v2\/pages\/558","targetHints":{"allow":["GET"]}}],"collection":[{"href":"https:\/\/termtud.eltetrefort.hu\/index.php?rest_route=\/wp\/v2\/pages"}],"about":[{"href":"https:\/\/termtud.eltetrefort.hu\/index.php?rest_route=\/wp\/v2\/types\/page"}],"author":[{"embeddable":true,"href":"https:\/\/termtud.eltetrefort.hu\/index.php?rest_route=\/wp\/v2\/users\/1"}],"replies":[{"embeddable":true,"href":"https:\/\/termtud.eltetrefort.hu\/index.php?rest_route=%2Fwp%2Fv2%2Fcomments&post=558"}],"version-history":[{"count":28,"href":"https:\/\/termtud.eltetrefort.hu\/index.php?rest_route=\/wp\/v2\/pages\/558\/revisions"}],"predecessor-version":[{"id":1563,"href":"https:\/\/termtud.eltetrefort.hu\/index.php?rest_route=\/wp\/v2\/pages\/558\/revisions\/1563"}],"wp:attachment":[{"href":"https:\/\/termtud.eltetrefort.hu\/index.php?rest_route=%2Fwp%2Fv2%2Fmedia&parent=558"}],"curies":[{"name":"wp","href":"https:\/\/api.w.org\/{rel}","templated":true}]}}