{"id":628,"date":"2026-01-12T19:24:38","date_gmt":"2026-01-12T18:24:38","guid":{"rendered":"https:\/\/termtud.eltetrefort.hu\/?page_id=628"},"modified":"2026-01-17T20:55:22","modified_gmt":"2026-01-17T19:55:22","slug":"foldrajz-szakkorok","status":"publish","type":"page","link":"https:\/\/termtud.eltetrefort.hu\/?page_id=628","title":{"rendered":"Szakk\u00f6r\u00f6k &#8211; f\u00f6ldrajz"},"content":{"rendered":"\n<div class=\"wp-block-media-text is-stacked-on-mobile is-image-fill-element\" style=\"margin-right:var(--wp--preset--spacing--50);margin-left:var(--wp--preset--spacing--50);grid-template-columns:35% auto\"><figure class=\"wp-block-media-text__media\"><img loading=\"lazy\" decoding=\"async\" width=\"1024\" height=\"768\" src=\"http:\/\/termtud.eltetrefort.hu\/wp-content\/uploads\/2026\/01\/IMG_3319-Madi-Nator-Lili-1024x768.jpg\" alt=\"\" class=\"wp-image-635 size-full\" style=\"object-position:50% 50%\" srcset=\"https:\/\/termtud.eltetrefort.hu\/wp-content\/uploads\/2026\/01\/IMG_3319-Madi-Nator-Lili-1024x768.jpg 1024w, https:\/\/termtud.eltetrefort.hu\/wp-content\/uploads\/2026\/01\/IMG_3319-Madi-Nator-Lili-300x225.jpg 300w, https:\/\/termtud.eltetrefort.hu\/wp-content\/uploads\/2026\/01\/IMG_3319-Madi-Nator-Lili-768x576.jpg 768w, https:\/\/termtud.eltetrefort.hu\/wp-content\/uploads\/2026\/01\/IMG_3319-Madi-Nator-Lili-1536x1152.jpg 1536w, https:\/\/termtud.eltetrefort.hu\/wp-content\/uploads\/2026\/01\/IMG_3319-Madi-Nator-Lili-2048x1536.jpg 2048w\" sizes=\"auto, (max-width: 1024px) 100vw, 1024px\" \/><\/figure><div class=\"wp-block-media-text__content\">\n<p class=\"sorkizart has-contrast-color has-text-color has-link-color has-medium-font-size wp-elements-3bf9b920b3e7fcb52c2b52c76bde3dc2\">F\u00f6ldrajz szakk\u00f6reink c\u00e9lja, hogy a tanul\u00f3k \u00e9letkoruknak megfelel\u0151en m\u00e9ly\u00edts\u00e9k el f\u00f6ldrajzi ismereteiket, mik\u00f6zben fejl\u0151dik \u00f6n\u00e1ll\u00f3 gondolkod\u00e1suk, probl\u00e9mamegold\u00f3 k\u00e9pess\u00e9g\u00fck. Az als\u00f3bb \u00e9vfolyamokon a hangs\u00faly a f\u00f6ldrajz ir\u00e1nti \u00e9rdekl\u0151d\u00e9s felkelt\u00e9s\u00e9n \u00e9s elm\u00e9ly\u00edt\u00e9s\u00e9n van. A fels\u0151bb \u00e9vfolyamokon egyre ink\u00e1bb az ismeretek rendszerez\u00e9s\u00e9re \u00e9s b\u0151v\u00edt\u00e9s\u00e9re, valamint az \u00f6n\u00e1ll\u00f3 tanul\u00e1si technik\u00e1k fejleszt\u00e9s\u00e9re koncentr\u00e1lunk. A szakk\u00f6r\u00f6k els\u0151dleges c\u00e9lja a tehets\u00e9ggondoz\u00e1s. A tehets\u00e9ges \u00e9s elk\u00f6telezett tanul\u00f3k sz\u00e1m\u00e1ra a szakk\u00f6r\u00f6k lehet\u0151s\u00e9get biztos\u00edtanak a tanulm\u00e1nyi versenyekre val\u00f3 felk\u00e9sz\u00fcl\u00e9sre, valamint a f\u00f6ldrajz fakult\u00e1ci\u00f3t nem v\u00e1laszt\u00f3, de \u00e9retts\u00e9gizni k\u00edv\u00e1n\u00f3 gyerekekkel ebben a form\u00e1ban k\u00e9sz\u00fcl\u00fcnk a vizsg\u00e1ra.<\/p>\n<\/div><\/div>\n\n\n\n<p class=\"has-text-align-center has-contrast-color has-accent-2-background-color has-text-color has-background has-link-color has-large-font-size wp-elements-ce57449e7c4ef3f4877902dc33742b8a\"><strong>Szakk\u00f6reink a 2025\/26-os tan\u00e9vben<\/strong><\/p>\n\n\n\n<ul class=\"wp-block-list kozepre\">\n<li class=\"has-accent-4-color has-text-color has-link-color has-medium-font-size wp-elements-c60e5d55afd715a64acb176d93dc274b\">7-10. \u00e9vfolyam: Tehets\u00e9ggondoz\u00f3 szakk\u00f6r: Boronkai-Horv\u00e1th Zs\u00f3fia<\/li>\n\n\n\n<li class=\"has-accent-4-color has-text-color has-link-color has-medium-font-size wp-elements-78999089863a171a7c82a786596a49fa\">10. \u00e9vfolyam: \u00c9retts\u00e9gire felk\u00e9sz\u00edt\u0151 szakk\u00f6r: Kis Kelemen \u00c9va<\/li>\n<\/ul>\n\n\n\n<p><\/p>\n","protected":false},"excerpt":{"rendered":"<p>F\u00f6ldrajz szakk\u00f6reink c\u00e9lja, hogy a tanul\u00f3k \u00e9letkoruknak megfelel\u0151en m\u00e9ly\u00edts\u00e9k el f\u00f6ldrajzi ismereteiket, mik\u00f6zben fejl\u0151dik \u00f6n\u00e1ll\u00f3 gondolkod\u00e1suk, probl\u00e9mamegold\u00f3 k\u00e9pess\u00e9g\u00fck. Az als\u00f3bb \u00e9vfolyamokon a hangs\u00faly a f\u00f6ldrajz ir\u00e1nti \u00e9rdekl\u0151d\u00e9s felkelt\u00e9s\u00e9n \u00e9s elm\u00e9ly\u00edt\u00e9s\u00e9n van. A fels\u0151bb \u00e9vfolyamokon egyre ink\u00e1bb az ismeretek rendszerez\u00e9s\u00e9re \u00e9s b\u0151v\u00edt\u00e9s\u00e9re, valamint az \u00f6n\u00e1ll\u00f3 tanul\u00e1si technik\u00e1k fejleszt\u00e9s\u00e9re koncentr\u00e1lunk. A szakk\u00f6r\u00f6k els\u0151dleges c\u00e9lja a tehets\u00e9ggondoz\u00e1s. A [&hellip;]<\/p>\n","protected":false},"author":1,"featured_media":0,"parent":0,"menu_order":0,"comment_status":"closed","ping_status":"closed","template":"c-mlap","meta":{"footnotes":""},"class_list":["post-628","page","type-page","status-publish","hentry"],"_links":{"self":[{"href":"https:\/\/termtud.eltetrefort.hu\/index.php?rest_route=\/wp\/v2\/pages\/628","targetHints":{"allow":["GET"]}}],"collection":[{"href":"https:\/\/termtud.eltetrefort.hu\/index.php?rest_route=\/wp\/v2\/pages"}],"about":[{"href":"https:\/\/termtud.eltetrefort.hu\/index.php?rest_route=\/wp\/v2\/types\/page"}],"author":[{"embeddable":true,"href":"https:\/\/termtud.eltetrefort.hu\/index.php?rest_route=\/wp\/v2\/users\/1"}],"replies":[{"embeddable":true,"href":"https:\/\/termtud.eltetrefort.hu\/index.php?rest_route=%2Fwp%2Fv2%2Fcomments&post=628"}],"version-history":[{"count":12,"href":"https:\/\/termtud.eltetrefort.hu\/index.php?rest_route=\/wp\/v2\/pages\/628\/revisions"}],"predecessor-version":[{"id":1321,"href":"https:\/\/termtud.eltetrefort.hu\/index.php?rest_route=\/wp\/v2\/pages\/628\/revisions\/1321"}],"wp:attachment":[{"href":"https:\/\/termtud.eltetrefort.hu\/index.php?rest_route=%2Fwp%2Fv2%2Fmedia&parent=628"}],"curies":[{"name":"wp","href":"https:\/\/api.w.org\/{rel}","templated":true}]}}