{"id":645,"date":"2026-01-12T19:44:52","date_gmt":"2026-01-12T18:44:52","guid":{"rendered":"https:\/\/termtud.eltetrefort.hu\/?page_id=645"},"modified":"2026-01-17T21:31:45","modified_gmt":"2026-01-17T20:31:45","slug":"foldrajz-versenyek","status":"publish","type":"page","link":"https:\/\/termtud.eltetrefort.hu\/?page_id=645","title":{"rendered":"Versenyek &#8211; f\u00f6ldrajz"},"content":{"rendered":"\n<div class=\"wp-block-media-text is-stacked-on-mobile is-image-fill-element\" style=\"margin-right:var(--wp--preset--spacing--50);margin-left:var(--wp--preset--spacing--50);grid-template-columns:35% auto\"><figure class=\"wp-block-media-text__media\"><img loading=\"lazy\" decoding=\"async\" width=\"883\" height=\"1024\" src=\"http:\/\/termtud.eltetrefort.hu\/wp-content\/uploads\/2026\/01\/IMG_0879-jiang-ailin-e1768417080171-883x1024.jpg\" alt=\"\" class=\"wp-image-634 size-full\" style=\"object-position:50% 50%\" srcset=\"https:\/\/termtud.eltetrefort.hu\/wp-content\/uploads\/2026\/01\/IMG_0879-jiang-ailin-e1768417080171-883x1024.jpg 883w, https:\/\/termtud.eltetrefort.hu\/wp-content\/uploads\/2026\/01\/IMG_0879-jiang-ailin-e1768417080171-259x300.jpg 259w, https:\/\/termtud.eltetrefort.hu\/wp-content\/uploads\/2026\/01\/IMG_0879-jiang-ailin-e1768417080171-768x891.jpg 768w, https:\/\/termtud.eltetrefort.hu\/wp-content\/uploads\/2026\/01\/IMG_0879-jiang-ailin-e1768417080171.jpg 1200w\" sizes=\"auto, (max-width: 883px) 100vw, 883px\" \/><\/figure><div class=\"wp-block-media-text__content\">\n<p class=\"has-contrast-color has-text-color has-link-color has-medium-font-size wp-elements-2f43e1f0cf9bd7a4def43c4406a5bbba\"><strong><em>Amelyeken indulni szoktunk:<\/em><\/strong><br><br><a href=\"https:\/\/www.facebook.com\/profile.php?id=61565436392326\" target=\"_blank\" rel=\"noreferrer noopener\">Barangoljuk be a vil\u00e1got!&nbsp;(7-8. \u00e9vfolyam)<\/a><br><br><a href=\"https:\/\/less.foldrajzverseny.hu\/\" target=\"_blank\" rel=\"noreferrer noopener\">Less N\u00e1ndor F\u00f6ldrajzverseny (7-12 \u00e9vfolyam)<br><\/a><br><a href=\"https:\/\/loczyverseny.hu\/\" target=\"_blank\" rel=\"noreferrer noopener\">L\u00f3czy Lajos Orsz\u00e1gos F\u00f6ldrajzverseny&nbsp;(9-10. \u00e9vfolyam)<\/a><br><br><a href=\"https:\/\/www.focik.hu\/\" target=\"_blank\" rel=\"noreferrer noopener\">Baksa Csaba K\u00e1rp\u00e1t-medencei F\u00f6ldrajz- \u00e9s F\u00f6ldtudom\u00e1nyi Verseny (9-12. \u00e9vfolyam)<\/a><br><br><a href=\"https:\/\/www.pseg.hu\/?page_id=5203\" target=\"_blank\" rel=\"noreferrer noopener\">F\u00f6ldrajz az eg\u00e9sz vil\u00e1g &#8211; Orsz\u00e1gos Geogr\u00e1fiai Kv\u00edzel\u00edt\u0151 (9-12. \u00e9vfolyam)<br><\/a><br><a href=\"https:\/\/geosci.u-szeged.hu\/physgeo\/xv-jakucs-laszlo-251201\/xv-jakucs-laszlo?authuser=0\" target=\"_blank\" rel=\"noreferrer noopener\">Jakucs L\u00e1szl\u00f3 Nemzetk\u00f6zi K\u00f6z\u00e9piskolai F\u00f6ldrajzverseny (9-12. \u00e9vfolyam)<\/a><br><br><a href=\"https:\/\/pag.edu.hu\/kovacs-janos-orszagos-foldrajz-verseny\/\" target=\"_blank\" rel=\"noreferrer noopener\">Kov\u00e1cs J\u00e1nos Orsz\u00e1gos F\u00f6ldrajzverseny (9-12. \u00e9vfolyam)<\/a><br><br><a href=\"https:\/\/garayj.edu.hu\/versenyek\/korosi-foldrajzverseny\" target=\"_blank\" rel=\"noreferrer noopener\">K\u0151r\u00f6si Csoma S\u00e1ndor K\u00e1rp\u00e1t-medencei F\u00f6ldrajzverseny (9-12. \u00e9vfolyam)<\/a><br><br><a href=\"https:\/\/www.oktatas.hu\/pub_bin\/dload\/kozoktatas\/tanulmanyi_versenyek\/oktv\/oktv2025_2026_vk\/03_foldrajz_2526.pdf\" target=\"_blank\" rel=\"noreferrer noopener\">Orsz\u00e1gos K\u00f6z\u00e9piskolai Tanulm\u00e1nyi Verseny (11-12. \u00e9vfolyam)<\/a><br><br><a href=\"https:\/\/hungeocontest.org\/\" target=\"_blank\" rel=\"noreferrer noopener\">Hungarian Geographical Contest (11-12. \u00e9vfolyam)<\/a><br><br><strong><u><a href=\"https:\/\/geometodika.hu\/foldrajzversenyek-a-2025-26-tanevben\/\" target=\"_blank\" rel=\"noreferrer noopener\">Versenynapt\u00e1r<\/a><\/u><\/strong><\/p>\n<\/div><\/div>\n\n\n\n<p class=\"has-text-align-center has-contrast-color has-accent-2-background-color has-text-color has-background has-link-color has-large-font-size wp-elements-7aba8529b4fce6889307331eae59ceea\"><strong>Versenyeredm\u00e9nyek<\/strong> 2024\/25<\/p>\n\n\n\n<div class=\"wp-block-group has-global-padding is-layout-constrained wp-container-core-group-is-layout-c9115f92 wp-block-group-is-layout-constrained\" style=\"padding-right:var(--wp--preset--spacing--20);padding-left:var(--wp--preset--spacing--20)\">\n<ul class=\"wp-block-list kozepre\">\n<li class=\"has-accent-4-color has-text-color has-link-color has-medium-font-size wp-elements-e59976e268f3cbd87dd563cf41ba9ec2\">Kov\u00e1cs J\u00e1nos Orsz\u00e1gos F\u00f6ldrajzverseny: <br><strong>Hern\u00e1di Gergely <\/strong>4. hely (felk\u00e9sz\u00edt\u0151 tan\u00e1r: Boronkai-Horv\u00e1th Zs\u00f3fia)<\/li>\n\n\n\n<li class=\"has-link-color has-medium-font-size wp-elements-ef01de07322c85b08cf5e882b6682ea3\">XXXI. K\u0151r\u00f6si Csoma S\u00e1ndor K\u00e1rp\u00e1t-medencei F\u00f6ldrajzverseny: <br><strong>Balogh Berta <\/strong>10.hely (felk\u00e9sz\u00edt\u0151 tan\u00e1r: Boronkai-Horv\u00e1th Zs\u00f3fia)<\/li>\n\n\n\n<li class=\"has-link-color has-medium-font-size wp-elements-d8c3f7e97c2802951cb90f34c4f99608\">Hungarian Geographical Contest angol nyelv\u0171 orsz\u00e1gos f\u00f6ldrajzverseny:<br><strong>S\u00e1fr\u00e1ny Anna<\/strong> 8.hely (felk\u00e9sz\u00edt\u0151 tan\u00e1r: Boronkai-Horv\u00e1th Zs\u00f3fia)<\/li>\n\n\n\n<li class=\"has-link-color has-medium-font-size wp-elements-9fe57b9997715a9d235051bcbf8290c3\">Less N\u00e1ndor Orsz\u00e1gos F\u00f6ldrajzverseny:<br><em>II.kateg\u00f3ria<\/em> <strong>Sz\u0151r\u00f6s M\u00e1ty\u00e1s<\/strong>: 4. hely (felk\u00e9sz\u00edt\u0151 tan\u00e1r: Kis Kelemen \u00c9va)<br><em>III.kateg\u00f3ria<\/em> <strong>Dud\u00e1s \u00c1goston<\/strong>: 3. hely (felk\u00e9sz\u00edt\u0151 tan\u00e1r: Kis Kelemen \u00c9va)<\/li>\n<\/ul>\n<\/div>\n\n\n\n<p class=\"has-text-align-center has-accent-2-color has-accent-4-background-color has-text-color has-background has-link-color has-large-font-size wp-elements-382f690698325ec97bc47975411a0d1d\"><strong>Versenyeredm\u00e9nyek<\/strong> 2023\/24<\/p>\n\n\n\n<div class=\"wp-block-group has-global-padding is-layout-constrained wp-container-core-group-is-layout-c9115f92 wp-block-group-is-layout-constrained\" style=\"padding-right:var(--wp--preset--spacing--20);padding-left:var(--wp--preset--spacing--20)\">\n<ul class=\"wp-block-list kozepre\">\n<li class=\"has-accent-4-color has-text-color has-link-color has-medium-font-size wp-elements-c5b5fa7acfe3893a77c25f93366a757b\">\u201cBarangoljuk be a vil\u00e1got!\u201d orsz\u00e1gos f\u00f6ldrajzverseny: <br><strong>R\u00e1kosi D\u00f3ra, Szabados Anita, T\u00f3th Ilona Csenge<\/strong>: 1.hely <br>(felk\u00e9sz\u00edt\u0151 tan\u00e1r: Boronkai-Horv\u00e1th Zs\u00f3fia)<br><strong>Balogh Berta, Borsody Zsombor, Gergely \u00c1ron<\/strong>: 3.hely <br>(felk\u00e9sz\u00edt\u0151 tan\u00e1r: Boronkai-Horv\u00e1th Zs\u00f3fia)<\/li>\n\n\n\n<li class=\"has-link-color has-medium-font-size wp-elements-ce9d0f56fab6ac6292be221e59b36ad6\">Less N\u00e1ndor Orsz\u00e1gos F\u00f6ldrajzverseny <br><em>III. kateg\u00f3ria<\/em>: <strong>Dud\u00e1s \u00c1goston<\/strong> 6.hely (felk\u00e9sz\u00edt\u0151 tan\u00e1r: Kis Kelemen \u00c9va)<br><em>I\/B kateg\u00f3ria<\/em>: <strong>Kaiser Ad\u00e9l 4. hely <\/strong>(felk\u00e9sz\u00edt\u0151 tan\u00e1r: Kis Kelemen \u00c9va)<\/li>\n<\/ul>\n<\/div>\n\n\n\n<p><\/p>\n","protected":false},"excerpt":{"rendered":"<p>Amelyeken indulni szoktunk: Barangoljuk be a vil\u00e1got!&nbsp;(7-8. \u00e9vfolyam) Less N\u00e1ndor F\u00f6ldrajzverseny (7-12 \u00e9vfolyam)L\u00f3czy Lajos Orsz\u00e1gos F\u00f6ldrajzverseny&nbsp;(9-10. \u00e9vfolyam) Baksa Csaba K\u00e1rp\u00e1t-medencei F\u00f6ldrajz- \u00e9s F\u00f6ldtudom\u00e1nyi Verseny (9-12. \u00e9vfolyam) F\u00f6ldrajz az eg\u00e9sz vil\u00e1g &#8211; Orsz\u00e1gos Geogr\u00e1fiai Kv\u00edzel\u00edt\u0151 (9-12. \u00e9vfolyam)Jakucs L\u00e1szl\u00f3 Nemzetk\u00f6zi K\u00f6z\u00e9piskolai F\u00f6ldrajzverseny (9-12. \u00e9vfolyam) Kov\u00e1cs J\u00e1nos Orsz\u00e1gos F\u00f6ldrajzverseny (9-12. \u00e9vfolyam) K\u0151r\u00f6si Csoma S\u00e1ndor K\u00e1rp\u00e1t-medencei F\u00f6ldrajzverseny (9-12. \u00e9vfolyam) [&hellip;]<\/p>\n","protected":false},"author":1,"featured_media":0,"parent":0,"menu_order":0,"comment_status":"closed","ping_status":"closed","template":"c-mlap","meta":{"footnotes":""},"class_list":["post-645","page","type-page","status-publish","hentry"],"_links":{"self":[{"href":"https:\/\/termtud.eltetrefort.hu\/index.php?rest_route=\/wp\/v2\/pages\/645","targetHints":{"allow":["GET"]}}],"collection":[{"href":"https:\/\/termtud.eltetrefort.hu\/index.php?rest_route=\/wp\/v2\/pages"}],"about":[{"href":"https:\/\/termtud.eltetrefort.hu\/index.php?rest_route=\/wp\/v2\/types\/page"}],"author":[{"embeddable":true,"href":"https:\/\/termtud.eltetrefort.hu\/index.php?rest_route=\/wp\/v2\/users\/1"}],"replies":[{"embeddable":true,"href":"https:\/\/termtud.eltetrefort.hu\/index.php?rest_route=%2Fwp%2Fv2%2Fcomments&post=645"}],"version-history":[{"count":34,"href":"https:\/\/termtud.eltetrefort.hu\/index.php?rest_route=\/wp\/v2\/pages\/645\/revisions"}],"predecessor-version":[{"id":1344,"href":"https:\/\/termtud.eltetrefort.hu\/index.php?rest_route=\/wp\/v2\/pages\/645\/revisions\/1344"}],"wp:attachment":[{"href":"https:\/\/termtud.eltetrefort.hu\/index.php?rest_route=%2Fwp%2Fv2%2Fmedia&parent=645"}],"curies":[{"name":"wp","href":"https:\/\/api.w.org\/{rel}","templated":true}]}}