{"id":655,"date":"2026-01-12T19:58:57","date_gmt":"2026-01-12T18:58:57","guid":{"rendered":"https:\/\/termtud.eltetrefort.hu\/?page_id=655"},"modified":"2026-01-18T21:47:30","modified_gmt":"2026-01-18T20:47:30","slug":"nomad-tabor","status":"publish","type":"page","link":"https:\/\/termtud.eltetrefort.hu\/?page_id=655","title":{"rendered":"Nom\u00e1d t\u00e1bor"},"content":{"rendered":"\n<div class=\"wp-block-media-text is-stacked-on-mobile is-image-fill-element\" style=\"margin-right:var(--wp--preset--spacing--50);margin-left:var(--wp--preset--spacing--50);grid-template-columns:30% auto\"><figure class=\"wp-block-media-text__media\"><img loading=\"lazy\" decoding=\"async\" width=\"1024\" height=\"683\" src=\"http:\/\/termtud.eltetrefort.hu\/wp-content\/uploads\/2026\/01\/IMG_6132-1024x683.jpg\" alt=\"\" class=\"wp-image-1363 size-full\" style=\"object-position:50% 50%\" srcset=\"https:\/\/termtud.eltetrefort.hu\/wp-content\/uploads\/2026\/01\/IMG_6132-1024x683.jpg 1024w, https:\/\/termtud.eltetrefort.hu\/wp-content\/uploads\/2026\/01\/IMG_6132-300x200.jpg 300w, https:\/\/termtud.eltetrefort.hu\/wp-content\/uploads\/2026\/01\/IMG_6132-768x512.jpg 768w, https:\/\/termtud.eltetrefort.hu\/wp-content\/uploads\/2026\/01\/IMG_6132-1536x1024.jpg 1536w, https:\/\/termtud.eltetrefort.hu\/wp-content\/uploads\/2026\/01\/IMG_6132-2048x1365.jpg 2048w\" sizes=\"auto, (max-width: 1024px) 100vw, 1024px\" \/><\/figure><div class=\"wp-block-media-text__content\">\n<p class=\"sorkizart has-contrast-color has-text-color has-link-color has-medium-font-size wp-elements-e1cc360dff1d8dab06c9583d7b1dd143\">A nom\u00e1d t\u00e1bor egy \u00f6nell\u00e1t\u00f3 s\u00e1tort\u00e1bor, valahol egy sz\u00e9p erd\u0151foltunk sz\u00e9l\u00e9n, egy patak partj\u00e1n. Magunknak \u00e9p\u00edtj\u00fck a t\u00e1bort: a t\u0171zhelyet, a f\u00fcrd\u0151ket, az \u00e1rny\u00e9ksz\u00e9keket, a konyha- \u00e9s szers\u00e1trat, a t\u0171zrak\u00f3helyet, az alv\u00f3-s\u00e1trakat. 6-7 napos t\u00e1borokban \u00e9l\u00fcnk egy\u00fctt a term\u00e9szettel. Megtanulunk t\u00e1j\u00e9koz\u00f3dni t\u00e1jol\u00f3 \u00e9s t\u00e9rk\u00e9p seg\u00edts\u00e9g\u00e9vel, magunknak f\u0151z\u00fcnk, j\u00e1tszunk, n\u00e9pdalokat tanulunk, kir\u00e1ndulunk, \u00e1llatokkal, n\u00f6v\u00e9nyekkel \u00e9s id\u0151j\u00e1r\u00e1ssal \u00e9l\u00fcnk egy\u00fctt. Minden este t\u00fczet rakunk, besz\u00e9lget\u00fcnk, \u00e9nekl\u00fcnk, \u00e9lvezz\u00fck a term\u00e9szet k\u00f6zels\u00e9g\u00e9t.<br>1997-ben csin\u00e1ltuk az els\u0151 t\u00e1bort megh\u00edvott di\u00e1kjainkkal az Aggteleki-karsztban, J\u00f3svaf\u0151 mellett. 1998-ban el\u0151sz\u00f6r a 2002a oszt\u00e1lyt vitt\u00fck el a B\u00f6rzs\u00f6nybe. 1999 \u00f3ta pedig minden 9. oszt\u00e1ly r\u00e9szt vett ezen a programon. A covid miatt kimaradt 2020-as t\u00e1borsort is p\u00f3toltuk 2021-ben. \u00d6t t\u00e1borhely\u00fcnk\u00f6n megy\u00fcnk k\u00f6rbe K-Ny-i ir\u00e1nyban: Zempl\u00e9n, B\u00fckk, M\u00e1tra, B\u00f6rzs\u00f6ny, Bakony.<br>A sz\u00fcl\u0151k \u00e9s a koll\u00e9g\u00e1k megv\u00e1r\u00e1soltak egy Lada Niv\u00e1t, ami kiszolg\u00e1lja a t\u00e1bor minden ig\u00e9ny\u00e9t.<br>Akik sz\u00e1m\u00e1ra maradand\u00f3 \u00e9lm\u00e9nyt adott a t\u00e1bor, azok a k\u00f6vetkez\u0151 \u00e9vekben a halad\u00f3 nom\u00e1d t\u00e1borokban m\u00e9lyedhetnek el saj\u00e1t magukban \u00e9s a term\u00e9szetben. A megb\u0171v\u00f6lt di\u00e1kjaink egy r\u00e9sze az \u00e9retts\u00e9gi ut\u00e1n is seg\u00edt a halad\u00f3 t\u00e1borok programjaiban szervez\u0151k\u00e9nt \u00e9s r\u00e9sztvev\u0151k\u00e9nt.<br><strong><em>A t\u00e1bor l\u00e9trehoz\u00f3ja \u00e9s szervez\u0151je Fernengel Andr\u00e1s tan\u00e1r \u00far.<\/em><\/strong><br>T\u00e1borvezet\u0151k: Boronkai-Horv\u00e1th Zs\u00f3fia, Fernengel Andr\u00e1s, Gedeon G\u00e1bor, Kutrov\u00e1cz L\u00e1szl\u00f3, M\u00e9sz\u00e1ros P\u00e9ter<\/p>\n<\/div><\/div>\n\n\n\n<p class=\"has-accent-1-color has-accent-4-background-color has-text-color has-background has-link-color wp-elements-ddd7e0d2cbf3c0f623958c50ce51e0d5\" style=\"margin-top:var(--wp--preset--spacing--20);margin-right:0;margin-bottom:var(--wp--preset--spacing--20);margin-left:0\"><strong>Di\u00e1kjaink mondt\u00e1k a tavalyi t\u00e1borr\u00f3l:<\/strong><\/p>\n\n\n\n<p class=\"has-medium-font-size\" style=\"margin-right:var(--wp--preset--spacing--50);margin-left:var(--wp--preset--spacing--50)\"><em>&#8222;Szerintem innent\u0151l m\u00e1sk\u00e9pp fogok tekinteni a vil\u00e1gra, sokkal jobban meg fogom becs\u00fclni azt, amim van, \u00e9s jobban fogom \u00e9rt\u00e9kelni az \u00e9let apr\u00f3 \u00f6r\u00f6meit.&#8221;<br>&#8222;Seg\u00edtek, ahol tudok, mert ha nem csin\u00e1lom meg, nem lesz k\u00e9sz.&#8221;<br>&#8222;Biztos, hogy nem fogom elfelejteni ezt a nom\u00e1dot! Szerintem am\u00fagy, ha nem is minden \u00e9vben, de minden m\u00e1sodik \u00e9vben lehetne ilyen az oszt\u00e1lyoknak(nagyon sok okb\u00f3l). Hab\u00e1r t\u00e9nyleg nem volt minden k\u00f6nny\u0171, s\u0151t\u2026 nagyon h\u00e1l\u00e1s vagyok, hogy ezt mind \u00e1t\u00e9lhettem!&#8221;<br>&#8222;Nagyon \u00f6r\u00fcl\u00f6k, hogy mi \u00e9p\u00edtett\u00fck a t\u00e1bort. Elk\u00e9peszt\u0151 volt l\u00e1tni, hogy a t\u00e9rdig \u00e9r\u0151 f\u0171b\u0151l hogyan lett ez a ter\u00fclet az otthonunk egy h\u00e9tre.&#8221;<br>&#8222;Az \u00e9lethez val\u00f3 hozz\u00e1\u00e1ll\u00e1s, \u00f6n\u00e1ll\u00f3s\u00e1g, kitart\u00e1s; \u00faj bar\u00e1tok, r\u00e9gi bar\u00e1tok szorosabb k\u00f6tel\u00e9ke, rengeteg \u00e9lm\u00e9ny!&#8221;<br>&#8222;Becs\u00fcld meg a meleg \u00e1gyat, \u00e9dess\u00e9get, a gumicsizma az mindenre j\u00f3, van \u00e9let a mobilon t\u00fal is.&#8221;<br>&#8222;Egy h\u00e9ten \u00e1t egy \u00fagymond elz\u00e1rt bubor\u00e9kban voltunk a gondokt\u00f3l \u00e9s stresszt\u0151l mentesen.&#8221;<br>&#8222;Szerintem egy kicsit mindenki lelassult, senki nem rohant sehova. Sokkal t\u00f6bbet besz\u00e9lgett\u00fcnk, mint b\u00e1rmikor m\u00e1skor.&#8221;<br>&#8222;El\u0151tte nagyon f\u00e9ltem t\u0151le, az elej\u00e9n nem \u00e9lveztem, de \u00edgy ut\u00f3lag semmi \u00e9rtelme nem volt agg\u00f3dni. Nagyon j\u00f3 volt \u00e9s h\u00e1l\u00e1s vagyok az \u00e9lm\u00e9ny\u00e9rt.&#8221;<br>&#8222;Sokkal term\u00e9szetk\u00f6zelibbnek \u00e9rzem magam, \u00edgy hogy volt id\u0151m, meg tudtam ragadni az apr\u00f3bb pillanatokat is, \u00e9s teljesen meg\u00e9ltem az itt t\u00f6lt\u00f6tt id\u0151 minden perc\u00e9t, ak\u00e1r rossz volt, ak\u00e1r j\u00f3 volt. Rem\u00e9lem, ha hazamegyek, ezt meg tudom majd tartani.&#8221;<\/em><br><\/p>\n\n\n\n<p class=\"has-text-align-center has-contrast-color has-accent-2-background-color has-text-color has-background has-link-color has-large-font-size wp-elements-6ae8f0fc75c3e1602b94ee2d3d96cc3c\">Hasznos inform\u00e1ci\u00f3k<\/p>\n\n\n\n<div class=\"wp-block-file aligncenter has-link-color wp-elements-579d5fde045acf6a9614e6513b5e1e16\"><a id=\"wp-block-file--media-6cc499cf-bd9c-44c0-bc29-d2c0a2f26315\" href=\"http:\/\/termtud.eltetrefort.hu\/wp-content\/uploads\/2026\/01\/CUCCLISTA.pdf\" target=\"_blank\" rel=\"noreferrer noopener\"><strong>CUCCLISTA<\/strong><\/a><\/div>\n\n\n\n<div class=\"wp-block-file aligncenter has-link-color wp-elements-4796cce6b88d8754bdc722a12ea8955c\"><a id=\"wp-block-file--media-5fa7b635-8ab0-4ddf-bd66-0041b0142092\" href=\"http:\/\/termtud.eltetrefort.hu\/wp-content\/uploads\/2026\/01\/SZAKACSKONYV.pdf\" target=\"_blank\" rel=\"noreferrer noopener\"><strong>SZAKA\u0301CSKO\u0308NYV<\/strong><\/a><\/div>\n\n\n\n<ul class=\"wp-block-list kozepre\">\n<li class=\"has-accent-4-color has-text-color has-link-color has-medium-font-size wp-elements-3402f5aaa3eade9bb7ee1c6bd2c9fada\">idei helysz\u00edn: Zempl\u00e9n<\/li>\n\n\n\n<li class=\"has-accent-4-color has-text-color has-link-color has-medium-font-size wp-elements-f127cbab6ea385b3215ec5ab8a176755\">idei id\u0151pontok: \n<ul class=\"wp-block-list\">\n<li class=\"has-accent-4-color has-text-color has-link-color has-medium-font-size wp-elements-958d12f6ca6490dc3bd8a4aac0da321b\">m\u00e1jus 26-j\u00fanius 1. 9b (11.b k\u00eds\u00e9r) t\u00e1borvezet\u0151: Boronkai-Horv\u00e1th Zs\u00f3fia<\/li>\n\n\n\n<li class=\"has-accent-4-color has-text-color has-link-color has-medium-font-size wp-elements-075382f411081e198a7d10e2ce0cf9c3\">j\u00fanius 1-6. 9.a (11.c k\u00eds\u00e9r)  t\u00e1borvezet\u0151: Gedeon G\u00e1bor<\/li>\n\n\n\n<li class=\"has-accent-4-color has-text-color has-link-color has-medium-font-size wp-elements-abd2d04b77324beb96b9255cbb1eecb2\">j\u00fanius 6-11. 9.c (11.a k\u00eds\u00e9r) t\u00e1borvezet\u0151: Kutrov\u00e1cz L\u00e1szl\u00f3<\/li>\n\n\n\n<li class=\"has-medium-font-size\">halad\u00f3 nom\u00e1d: j\u00fanius 24-30.  t\u00e1borvezet\u0151: Fernengel Andr\u00e1s<\/li>\n<\/ul>\n<\/li>\n<\/ul>\n\n\n\n<figure class=\"wp-block-gallery has-nested-images columns-3 is-cropped wp-block-gallery-1 is-layout-flex wp-block-gallery-is-layout-flex\" style=\"margin-right:var(--wp--preset--spacing--50);margin-left:var(--wp--preset--spacing--50)\">\n<figure class=\"wp-block-image size-large\"><a href=\"https:\/\/termtud.eltetrefort.hu\/?attachment_id=1350\"><img loading=\"lazy\" decoding=\"async\" width=\"1024\" height=\"768\" data-id=\"1350\" src=\"https:\/\/termtud.eltetrefort.hu\/wp-content\/uploads\/2026\/01\/IMG_2574-1024x768.jpg\" alt=\"\" class=\"wp-image-1350\" srcset=\"https:\/\/termtud.eltetrefort.hu\/wp-content\/uploads\/2026\/01\/IMG_2574-1024x768.jpg 1024w, https:\/\/termtud.eltetrefort.hu\/wp-content\/uploads\/2026\/01\/IMG_2574-300x225.jpg 300w, https:\/\/termtud.eltetrefort.hu\/wp-content\/uploads\/2026\/01\/IMG_2574-768x576.jpg 768w, https:\/\/termtud.eltetrefort.hu\/wp-content\/uploads\/2026\/01\/IMG_2574-1536x1152.jpg 1536w, https:\/\/termtud.eltetrefort.hu\/wp-content\/uploads\/2026\/01\/IMG_2574-2048x1536.jpg 2048w\" sizes=\"auto, (max-width: 1024px) 100vw, 1024px\" \/><\/a><\/figure>\n\n\n\n<figure class=\"wp-block-image size-large\"><a href=\"https:\/\/termtud.eltetrefort.hu\/?attachment_id=1351\"><img loading=\"lazy\" decoding=\"async\" width=\"1024\" height=\"768\" data-id=\"1351\" src=\"https:\/\/termtud.eltetrefort.hu\/wp-content\/uploads\/2026\/01\/IMG_2581-1024x768.jpg\" alt=\"\" class=\"wp-image-1351\" srcset=\"https:\/\/termtud.eltetrefort.hu\/wp-content\/uploads\/2026\/01\/IMG_2581-1024x768.jpg 1024w, https:\/\/termtud.eltetrefort.hu\/wp-content\/uploads\/2026\/01\/IMG_2581-300x225.jpg 300w, https:\/\/termtud.eltetrefort.hu\/wp-content\/uploads\/2026\/01\/IMG_2581-768x576.jpg 768w, https:\/\/termtud.eltetrefort.hu\/wp-content\/uploads\/2026\/01\/IMG_2581-1536x1152.jpg 1536w, https:\/\/termtud.eltetrefort.hu\/wp-content\/uploads\/2026\/01\/IMG_2581-2048x1536.jpg 2048w\" sizes=\"auto, (max-width: 1024px) 100vw, 1024px\" \/><\/a><\/figure>\n\n\n\n<figure class=\"wp-block-image size-large\"><a href=\"https:\/\/termtud.eltetrefort.hu\/?attachment_id=666\"><img loading=\"lazy\" decoding=\"async\" width=\"1024\" height=\"768\" data-id=\"666\" src=\"https:\/\/termtud.eltetrefort.hu\/wp-content\/uploads\/2026\/01\/IMG_2576-1-1024x768.jpg\" alt=\"\" class=\"wp-image-666\" srcset=\"https:\/\/termtud.eltetrefort.hu\/wp-content\/uploads\/2026\/01\/IMG_2576-1-1024x768.jpg 1024w, https:\/\/termtud.eltetrefort.hu\/wp-content\/uploads\/2026\/01\/IMG_2576-1-300x225.jpg 300w, https:\/\/termtud.eltetrefort.hu\/wp-content\/uploads\/2026\/01\/IMG_2576-1-768x576.jpg 768w, https:\/\/termtud.eltetrefort.hu\/wp-content\/uploads\/2026\/01\/IMG_2576-1-1536x1152.jpg 1536w, https:\/\/termtud.eltetrefort.hu\/wp-content\/uploads\/2026\/01\/IMG_2576-1-2048x1536.jpg 2048w\" sizes=\"auto, (max-width: 1024px) 100vw, 1024px\" \/><\/a><\/figure>\n\n\n\n<figure class=\"wp-block-image size-large\"><a href=\"https:\/\/termtud.eltetrefort.hu\/?attachment_id=668\"><img loading=\"lazy\" decoding=\"async\" width=\"1024\" height=\"768\" data-id=\"668\" src=\"https:\/\/termtud.eltetrefort.hu\/wp-content\/uploads\/2026\/01\/IMG_2591-1-1024x768.jpg\" alt=\"\" class=\"wp-image-668\" srcset=\"https:\/\/termtud.eltetrefort.hu\/wp-content\/uploads\/2026\/01\/IMG_2591-1-1024x768.jpg 1024w, https:\/\/termtud.eltetrefort.hu\/wp-content\/uploads\/2026\/01\/IMG_2591-1-300x225.jpg 300w, https:\/\/termtud.eltetrefort.hu\/wp-content\/uploads\/2026\/01\/IMG_2591-1-768x576.jpg 768w, https:\/\/termtud.eltetrefort.hu\/wp-content\/uploads\/2026\/01\/IMG_2591-1-1536x1152.jpg 1536w, https:\/\/termtud.eltetrefort.hu\/wp-content\/uploads\/2026\/01\/IMG_2591-1-2048x1536.jpg 2048w\" sizes=\"auto, (max-width: 1024px) 100vw, 1024px\" \/><\/a><\/figure>\n\n\n\n<figure class=\"wp-block-image size-large\"><a href=\"https:\/\/termtud.eltetrefort.hu\/?attachment_id=1362\"><img loading=\"lazy\" decoding=\"async\" width=\"1024\" height=\"683\" data-id=\"1362\" src=\"https:\/\/termtud.eltetrefort.hu\/wp-content\/uploads\/2026\/01\/IMG_4608-1024x683.jpg\" alt=\"\" class=\"wp-image-1362\" srcset=\"https:\/\/termtud.eltetrefort.hu\/wp-content\/uploads\/2026\/01\/IMG_4608-1024x683.jpg 1024w, https:\/\/termtud.eltetrefort.hu\/wp-content\/uploads\/2026\/01\/IMG_4608-300x200.jpg 300w, https:\/\/termtud.eltetrefort.hu\/wp-content\/uploads\/2026\/01\/IMG_4608-768x512.jpg 768w, https:\/\/termtud.eltetrefort.hu\/wp-content\/uploads\/2026\/01\/IMG_4608-1536x1024.jpg 1536w, https:\/\/termtud.eltetrefort.hu\/wp-content\/uploads\/2026\/01\/IMG_4608-2048x1365.jpg 2048w\" sizes=\"auto, (max-width: 1024px) 100vw, 1024px\" \/><\/a><\/figure>\n\n\n\n<figure class=\"wp-block-image size-large\"><a href=\"https:\/\/termtud.eltetrefort.hu\/?attachment_id=1361\"><img loading=\"lazy\" decoding=\"async\" width=\"1024\" height=\"683\" data-id=\"1361\" src=\"https:\/\/termtud.eltetrefort.hu\/wp-content\/uploads\/2026\/01\/IMG_4370-1024x683.jpg\" alt=\"\" class=\"wp-image-1361\" srcset=\"https:\/\/termtud.eltetrefort.hu\/wp-content\/uploads\/2026\/01\/IMG_4370-1024x683.jpg 1024w, https:\/\/termtud.eltetrefort.hu\/wp-content\/uploads\/2026\/01\/IMG_4370-300x200.jpg 300w, https:\/\/termtud.eltetrefort.hu\/wp-content\/uploads\/2026\/01\/IMG_4370-768x512.jpg 768w, https:\/\/termtud.eltetrefort.hu\/wp-content\/uploads\/2026\/01\/IMG_4370-1536x1024.jpg 1536w, https:\/\/termtud.eltetrefort.hu\/wp-content\/uploads\/2026\/01\/IMG_4370-2048x1365.jpg 2048w\" sizes=\"auto, (max-width: 1024px) 100vw, 1024px\" \/><\/a><\/figure>\n\n\n\n<figure class=\"wp-block-image size-large\"><a href=\"https:\/\/termtud.eltetrefort.hu\/?attachment_id=1360\"><img loading=\"lazy\" decoding=\"async\" width=\"1024\" height=\"683\" data-id=\"1360\" src=\"https:\/\/termtud.eltetrefort.hu\/wp-content\/uploads\/2026\/01\/IMG_2777-1024x683.jpg\" alt=\"\" class=\"wp-image-1360\" srcset=\"https:\/\/termtud.eltetrefort.hu\/wp-content\/uploads\/2026\/01\/IMG_2777-1024x683.jpg 1024w, https:\/\/termtud.eltetrefort.hu\/wp-content\/uploads\/2026\/01\/IMG_2777-300x200.jpg 300w, https:\/\/termtud.eltetrefort.hu\/wp-content\/uploads\/2026\/01\/IMG_2777-768x512.jpg 768w, https:\/\/termtud.eltetrefort.hu\/wp-content\/uploads\/2026\/01\/IMG_2777-1536x1024.jpg 1536w, https:\/\/termtud.eltetrefort.hu\/wp-content\/uploads\/2026\/01\/IMG_2777-2048x1365.jpg 2048w\" sizes=\"auto, (max-width: 1024px) 100vw, 1024px\" \/><\/a><\/figure>\n\n\n\n<figure class=\"wp-block-image size-large\"><a href=\"https:\/\/termtud.eltetrefort.hu\/?attachment_id=1359\"><img loading=\"lazy\" decoding=\"async\" width=\"1024\" height=\"683\" data-id=\"1359\" src=\"https:\/\/termtud.eltetrefort.hu\/wp-content\/uploads\/2026\/01\/IMG_2725-1024x683.jpg\" alt=\"\" class=\"wp-image-1359\" srcset=\"https:\/\/termtud.eltetrefort.hu\/wp-content\/uploads\/2026\/01\/IMG_2725-1024x683.jpg 1024w, https:\/\/termtud.eltetrefort.hu\/wp-content\/uploads\/2026\/01\/IMG_2725-300x200.jpg 300w, https:\/\/termtud.eltetrefort.hu\/wp-content\/uploads\/2026\/01\/IMG_2725-768x512.jpg 768w, https:\/\/termtud.eltetrefort.hu\/wp-content\/uploads\/2026\/01\/IMG_2725-1536x1024.jpg 1536w, https:\/\/termtud.eltetrefort.hu\/wp-content\/uploads\/2026\/01\/IMG_2725-2048x1365.jpg 2048w\" sizes=\"auto, (max-width: 1024px) 100vw, 1024px\" \/><\/a><\/figure>\n\n\n\n<figure class=\"wp-block-image size-large\"><a href=\"https:\/\/termtud.eltetrefort.hu\/?attachment_id=1358\"><img loading=\"lazy\" decoding=\"async\" width=\"1024\" height=\"683\" data-id=\"1358\" src=\"https:\/\/termtud.eltetrefort.hu\/wp-content\/uploads\/2026\/01\/IMG_2631-1024x683.jpg\" alt=\"\" class=\"wp-image-1358\" srcset=\"https:\/\/termtud.eltetrefort.hu\/wp-content\/uploads\/2026\/01\/IMG_2631-1024x683.jpg 1024w, https:\/\/termtud.eltetrefort.hu\/wp-content\/uploads\/2026\/01\/IMG_2631-300x200.jpg 300w, https:\/\/termtud.eltetrefort.hu\/wp-content\/uploads\/2026\/01\/IMG_2631-768x512.jpg 768w, https:\/\/termtud.eltetrefort.hu\/wp-content\/uploads\/2026\/01\/IMG_2631-1536x1024.jpg 1536w, https:\/\/termtud.eltetrefort.hu\/wp-content\/uploads\/2026\/01\/IMG_2631-2048x1365.jpg 2048w\" sizes=\"auto, (max-width: 1024px) 100vw, 1024px\" \/><\/a><\/figure>\n\n\n\n<figure class=\"wp-block-image size-large\"><a href=\"https:\/\/termtud.eltetrefort.hu\/?attachment_id=1356\"><img loading=\"lazy\" decoding=\"async\" width=\"1024\" height=\"683\" data-id=\"1356\" src=\"https:\/\/termtud.eltetrefort.hu\/wp-content\/uploads\/2026\/01\/20180621_013_Borzsony-1024x683.jpg\" alt=\"\" class=\"wp-image-1356\" srcset=\"https:\/\/termtud.eltetrefort.hu\/wp-content\/uploads\/2026\/01\/20180621_013_Borzsony-1024x683.jpg 1024w, https:\/\/termtud.eltetrefort.hu\/wp-content\/uploads\/2026\/01\/20180621_013_Borzsony-300x200.jpg 300w, https:\/\/termtud.eltetrefort.hu\/wp-content\/uploads\/2026\/01\/20180621_013_Borzsony-768x512.jpg 768w, https:\/\/termtud.eltetrefort.hu\/wp-content\/uploads\/2026\/01\/20180621_013_Borzsony-1536x1024.jpg 1536w, https:\/\/termtud.eltetrefort.hu\/wp-content\/uploads\/2026\/01\/20180621_013_Borzsony-2048x1365.jpg 2048w\" sizes=\"auto, (max-width: 1024px) 100vw, 1024px\" \/><\/a><\/figure>\n\n\n\n<figure class=\"wp-block-image size-large\"><a href=\"https:\/\/termtud.eltetrefort.hu\/?attachment_id=664\"><img loading=\"lazy\" decoding=\"async\" width=\"1024\" height=\"768\" data-id=\"664\" src=\"https:\/\/termtud.eltetrefort.hu\/wp-content\/uploads\/2026\/01\/IMG_2586-1024x768.jpg\" alt=\"\" class=\"wp-image-664\" srcset=\"https:\/\/termtud.eltetrefort.hu\/wp-content\/uploads\/2026\/01\/IMG_2586-1024x768.jpg 1024w, https:\/\/termtud.eltetrefort.hu\/wp-content\/uploads\/2026\/01\/IMG_2586-300x225.jpg 300w, https:\/\/termtud.eltetrefort.hu\/wp-content\/uploads\/2026\/01\/IMG_2586-768x576.jpg 768w, https:\/\/termtud.eltetrefort.hu\/wp-content\/uploads\/2026\/01\/IMG_2586-1536x1152.jpg 1536w, https:\/\/termtud.eltetrefort.hu\/wp-content\/uploads\/2026\/01\/IMG_2586-2048x1536.jpg 2048w\" sizes=\"auto, (max-width: 1024px) 100vw, 1024px\" \/><\/a><\/figure>\n\n\n\n<figure class=\"wp-block-image size-large\"><a href=\"https:\/\/termtud.eltetrefort.hu\/?attachment_id=1357\"><img loading=\"lazy\" decoding=\"async\" width=\"960\" height=\"720\" data-id=\"1357\" src=\"https:\/\/termtud.eltetrefort.hu\/wp-content\/uploads\/2026\/01\/IMG_1443.jpg\" alt=\"\" class=\"wp-image-1357\" srcset=\"https:\/\/termtud.eltetrefort.hu\/wp-content\/uploads\/2026\/01\/IMG_1443.jpg 960w, https:\/\/termtud.eltetrefort.hu\/wp-content\/uploads\/2026\/01\/IMG_1443-300x225.jpg 300w, https:\/\/termtud.eltetrefort.hu\/wp-content\/uploads\/2026\/01\/IMG_1443-768x576.jpg 768w\" sizes=\"auto, (max-width: 960px) 100vw, 960px\" \/><\/a><\/figure>\n<\/figure>\n\n\n\n<p><\/p>\n","protected":false},"excerpt":{"rendered":"<p>A nom\u00e1d t\u00e1bor egy \u00f6nell\u00e1t\u00f3 s\u00e1tort\u00e1bor, valahol egy sz\u00e9p erd\u0151foltunk sz\u00e9l\u00e9n, egy patak partj\u00e1n. Magunknak \u00e9p\u00edtj\u00fck a t\u00e1bort: a t\u0171zhelyet, a f\u00fcrd\u0151ket, az \u00e1rny\u00e9ksz\u00e9keket, a konyha- \u00e9s szers\u00e1trat, a t\u0171zrak\u00f3helyet, az alv\u00f3-s\u00e1trakat. 6-7 napos t\u00e1borokban \u00e9l\u00fcnk egy\u00fctt a term\u00e9szettel. Megtanulunk t\u00e1j\u00e9koz\u00f3dni t\u00e1jol\u00f3 \u00e9s t\u00e9rk\u00e9p seg\u00edts\u00e9g\u00e9vel, magunknak f\u0151z\u00fcnk, j\u00e1tszunk, n\u00e9pdalokat tanulunk, kir\u00e1ndulunk, \u00e1llatokkal, n\u00f6v\u00e9nyekkel \u00e9s id\u0151j\u00e1r\u00e1ssal [&hellip;]<\/p>\n","protected":false},"author":1,"featured_media":0,"parent":0,"menu_order":0,"comment_status":"closed","ping_status":"closed","template":"c-mlap","meta":{"footnotes":""},"class_list":["post-655","page","type-page","status-publish","hentry"],"_links":{"self":[{"href":"https:\/\/termtud.eltetrefort.hu\/index.php?rest_route=\/wp\/v2\/pages\/655","targetHints":{"allow":["GET"]}}],"collection":[{"href":"https:\/\/termtud.eltetrefort.hu\/index.php?rest_route=\/wp\/v2\/pages"}],"about":[{"href":"https:\/\/termtud.eltetrefort.hu\/index.php?rest_route=\/wp\/v2\/types\/page"}],"author":[{"embeddable":true,"href":"https:\/\/termtud.eltetrefort.hu\/index.php?rest_route=\/wp\/v2\/users\/1"}],"replies":[{"embeddable":true,"href":"https:\/\/termtud.eltetrefort.hu\/index.php?rest_route=%2Fwp%2Fv2%2Fcomments&post=655"}],"version-history":[{"count":47,"href":"https:\/\/termtud.eltetrefort.hu\/index.php?rest_route=\/wp\/v2\/pages\/655\/revisions"}],"predecessor-version":[{"id":1368,"href":"https:\/\/termtud.eltetrefort.hu\/index.php?rest_route=\/wp\/v2\/pages\/655\/revisions\/1368"}],"wp:attachment":[{"href":"https:\/\/termtud.eltetrefort.hu\/index.php?rest_route=%2Fwp%2Fv2%2Fmedia&parent=655"}],"curies":[{"name":"wp","href":"https:\/\/api.w.org\/{rel}","templated":true}]}}