{"id":749,"date":"2026-01-13T18:04:36","date_gmt":"2026-01-13T17:04:36","guid":{"rendered":"https:\/\/termtud.eltetrefort.hu\/?page_id=749"},"modified":"2026-01-17T21:03:06","modified_gmt":"2026-01-17T20:03:06","slug":"szakkorok-kemia","status":"publish","type":"page","link":"https:\/\/termtud.eltetrefort.hu\/?page_id=749","title":{"rendered":"Szakk\u00f6r\u00f6k &#8211; k\u00e9mia"},"content":{"rendered":"\n<div class=\"wp-block-media-text is-stacked-on-mobile is-image-fill-element\" style=\"margin-right:var(--wp--preset--spacing--50);margin-left:var(--wp--preset--spacing--50);grid-template-columns:33% auto\"><figure class=\"wp-block-media-text__media\"><img loading=\"lazy\" decoding=\"async\" width=\"1024\" height=\"837\" src=\"http:\/\/termtud.eltetrefort.hu\/wp-content\/uploads\/2026\/01\/IMG_0971-scaled-e1768680140690-1024x837.jpg\" alt=\"\" class=\"wp-image-763 size-full\" style=\"object-position:50% 50%\" srcset=\"https:\/\/termtud.eltetrefort.hu\/wp-content\/uploads\/2026\/01\/IMG_0971-scaled-e1768680140690-1024x837.jpg 1024w, https:\/\/termtud.eltetrefort.hu\/wp-content\/uploads\/2026\/01\/IMG_0971-scaled-e1768680140690-300x245.jpg 300w, https:\/\/termtud.eltetrefort.hu\/wp-content\/uploads\/2026\/01\/IMG_0971-scaled-e1768680140690-768x628.jpg 768w, https:\/\/termtud.eltetrefort.hu\/wp-content\/uploads\/2026\/01\/IMG_0971-scaled-e1768680140690-1536x1256.jpg 1536w, https:\/\/termtud.eltetrefort.hu\/wp-content\/uploads\/2026\/01\/IMG_0971-scaled-e1768680140690.jpg 1920w\" sizes=\"auto, (max-width: 1024px) 100vw, 1024px\" \/><\/figure><div class=\"wp-block-media-text__content\">\n<p class=\"sorkizart has-contrast-color has-text-color has-link-color has-medium-font-size wp-elements-017853b9aba517bcef57ba1ea8d330f4\">Munkak\u00f6z\u00f6ss\u00e9g\u00fcnk arra t\u00f6rekszik, hogy minden \u00e9vfolyamon, minden tan\u00e9vben biztos\u00edtson a di\u00e1koknak tan\u00f3r\u00e1n k\u00edv\u00fcli foglalkoz\u00e1sokat. Az als\u00f3bb \u00e9vfolyamokon a szakk\u00f6reink els\u0151dleges c\u00e9lja a motiv\u00e1l\u00e1s, az alapvet\u0151 term\u00e9szettudom\u00e1nyos kompetenci\u00e1k fejleszt\u00e9se. Ez\u00e9rt az alkalmak els\u0151sorban a k\u00eds\u00e9rletez\u00e9sr\u0151l sz\u00f3lnak, de egyszer\u0171bb feladatokat, sz\u00e1mol\u00e1sokat is elv\u00e9gz\u00fcnk. A magasabb \u00e9vfolyamokon a laborfoglalkoz\u00e1sok mellett m\u00e1r nagyobb hangs\u00falyt kap a versenyekre \u00e9s az \u00e9retts\u00e9gire val\u00f3 felk\u00e9sz\u00fcl\u00e9s.<\/p>\n<\/div><\/div>\n\n\n\n<p class=\"has-text-align-center has-contrast-color has-accent-2-background-color has-text-color has-background has-link-color has-large-font-size wp-elements-ce57449e7c4ef3f4877902dc33742b8a\"><strong>Szakk\u00f6reink a 2025\/26-os tan\u00e9vben<\/strong><\/p>\n\n\n\n<ul class=\"wp-block-list kozepre\">\n<li class=\"has-medium-font-size\">7. \u00e9vfolyam: K\u00e9miai \u00e9rdekess\u00e9gek (Csikor Katalin)<\/li>\n\n\n\n<li class=\"has-medium-font-size\">8. \u00e9vfolyam: K\u00e9miai \u00e9rdekess\u00e9gek (Csikor Katalin)<\/li>\n\n\n\n<li class=\"has-medium-font-size\">9. \u00e9vfolyam: Tehets\u00e9ggondoz\u00e1s (Farkas Ferenc)<\/li>\n\n\n\n<li class=\"has-medium-font-size\">10. \u00e9vfolyam: Versenyfelk\u00e9sz\u00edt\u00e9s (Kutrov\u00e1cz L\u00e1szl\u00f3)<\/li>\n\n\n\n<li class=\"has-medium-font-size\">11. \u00e9vfolyam: Versenyfelk\u00e9sz\u00edt\u00e9s (Farkas Ferenc)<\/li>\n\n\n\n<li class=\"has-link-color has-medium-font-size wp-elements-f613fa4d12e4c5ae82fba2043c5ef3bd\">12. \u00e9vfolyam: Versenyfelk\u00e9sz\u00edt\u0151 (Kutrov\u00e1cz L\u00e1szl\u00f3)<\/li>\n<\/ul>\n\n\n\n<p><\/p>\n","protected":false},"excerpt":{"rendered":"<p>Munkak\u00f6z\u00f6ss\u00e9g\u00fcnk arra t\u00f6rekszik, hogy minden \u00e9vfolyamon, minden tan\u00e9vben biztos\u00edtson a di\u00e1koknak tan\u00f3r\u00e1n k\u00edv\u00fcli foglalkoz\u00e1sokat. Az als\u00f3bb \u00e9vfolyamokon a szakk\u00f6reink els\u0151dleges c\u00e9lja a motiv\u00e1l\u00e1s, az alapvet\u0151 term\u00e9szettudom\u00e1nyos kompetenci\u00e1k fejleszt\u00e9se. Ez\u00e9rt az alkalmak els\u0151sorban a k\u00eds\u00e9rletez\u00e9sr\u0151l sz\u00f3lnak, de egyszer\u0171bb feladatokat, sz\u00e1mol\u00e1sokat is elv\u00e9gz\u00fcnk. A magasabb \u00e9vfolyamokon a laborfoglalkoz\u00e1sok mellett m\u00e1r nagyobb hangs\u00falyt kap a versenyekre \u00e9s az [&hellip;]<\/p>\n","protected":false},"author":1,"featured_media":0,"parent":0,"menu_order":0,"comment_status":"closed","ping_status":"closed","template":"c-mlap","meta":{"footnotes":""},"class_list":["post-749","page","type-page","status-publish","hentry"],"_links":{"self":[{"href":"https:\/\/termtud.eltetrefort.hu\/index.php?rest_route=\/wp\/v2\/pages\/749","targetHints":{"allow":["GET"]}}],"collection":[{"href":"https:\/\/termtud.eltetrefort.hu\/index.php?rest_route=\/wp\/v2\/pages"}],"about":[{"href":"https:\/\/termtud.eltetrefort.hu\/index.php?rest_route=\/wp\/v2\/types\/page"}],"author":[{"embeddable":true,"href":"https:\/\/termtud.eltetrefort.hu\/index.php?rest_route=\/wp\/v2\/users\/1"}],"replies":[{"embeddable":true,"href":"https:\/\/termtud.eltetrefort.hu\/index.php?rest_route=%2Fwp%2Fv2%2Fcomments&post=749"}],"version-history":[{"count":13,"href":"https:\/\/termtud.eltetrefort.hu\/index.php?rest_route=\/wp\/v2\/pages\/749\/revisions"}],"predecessor-version":[{"id":1330,"href":"https:\/\/termtud.eltetrefort.hu\/index.php?rest_route=\/wp\/v2\/pages\/749\/revisions\/1330"}],"wp:attachment":[{"href":"https:\/\/termtud.eltetrefort.hu\/index.php?rest_route=%2Fwp%2Fv2%2Fmedia&parent=749"}],"curies":[{"name":"wp","href":"https:\/\/api.w.org\/{rel}","templated":true}]}}