{"id":751,"date":"2026-01-13T18:05:07","date_gmt":"2026-01-13T17:05:07","guid":{"rendered":"https:\/\/termtud.eltetrefort.hu\/?page_id=751"},"modified":"2026-01-17T21:34:01","modified_gmt":"2026-01-17T20:34:01","slug":"versenyek-kemia","status":"publish","type":"page","link":"https:\/\/termtud.eltetrefort.hu\/?page_id=751","title":{"rendered":"Versenyek &#8211; k\u00e9mia"},"content":{"rendered":"\n<div class=\"wp-block-media-text is-stacked-on-mobile is-image-fill-element\" style=\"margin-right:var(--wp--preset--spacing--50);margin-left:var(--wp--preset--spacing--50);grid-template-columns:30% auto\"><figure class=\"wp-block-media-text__media\"><img loading=\"lazy\" decoding=\"async\" width=\"871\" height=\"1024\" src=\"http:\/\/termtud.eltetrefort.hu\/wp-content\/uploads\/2026\/01\/Vecsenyi-Kiss_Andras-1-scaled-e1768327723808-871x1024.jpg\" alt=\"\" class=\"wp-image-706 size-full\" style=\"object-position:50% 50%\" srcset=\"https:\/\/termtud.eltetrefort.hu\/wp-content\/uploads\/2026\/01\/Vecsenyi-Kiss_Andras-1-scaled-e1768327723808-871x1024.jpg 871w, https:\/\/termtud.eltetrefort.hu\/wp-content\/uploads\/2026\/01\/Vecsenyi-Kiss_Andras-1-scaled-e1768327723808-255x300.jpg 255w, https:\/\/termtud.eltetrefort.hu\/wp-content\/uploads\/2026\/01\/Vecsenyi-Kiss_Andras-1-scaled-e1768327723808-768x903.jpg 768w, https:\/\/termtud.eltetrefort.hu\/wp-content\/uploads\/2026\/01\/Vecsenyi-Kiss_Andras-1-scaled-e1768327723808-1307x1536.jpg 1307w, https:\/\/termtud.eltetrefort.hu\/wp-content\/uploads\/2026\/01\/Vecsenyi-Kiss_Andras-1-scaled-e1768327723808-1742x2048.jpg 1742w, https:\/\/termtud.eltetrefort.hu\/wp-content\/uploads\/2026\/01\/Vecsenyi-Kiss_Andras-1-scaled-e1768327723808.jpg 1920w\" sizes=\"auto, (max-width: 871px) 100vw, 871px\" \/><\/figure><div class=\"wp-block-media-text__content\">\n<p class=\"has-text-align-left has-contrast-color has-text-color has-link-color has-medium-font-size wp-elements-944ac8222cb01107e2fb0e8be406c436\" style=\"text-decoration:none\"><strong><em>Amelyeken indulni szoktunk:<\/em><\/strong><br><br><a href=\"https:\/\/szantayverseny.szasz.bme.hu\" target=\"_blank\" rel=\"noreferrer noopener\">Id. Sz\u00e1ntay Csaba Orsz\u00e1gos \u00c1ltal\u00e1nos Iskolai K\u00e9miaverseny (7-8. \u00e9vfolyam, 4 f\u0151s csapatverseny)<\/a><br><br><a href=\"http:\/\/curiealapitvany.hu\/\" target=\"_blank\" rel=\"noreferrer noopener\">Curie K\u00e9mia Eml\u00e9kverseny (7-12. \u00e9vfolyam)<\/a><br><br><a href=\"https:\/\/www.irinyiverseny.mke.org.hu\" target=\"_blank\" rel=\"noreferrer noopener\">Irinyi Orsz\u00e1gos K\u00f6z\u00e9piskolai K\u00e9miaverseny (9-10. \u00e9vfolyam)<br><\/a><br><a href=\"https:\/\/olahverseny.szasz.bme.hu\" target=\"_blank\" rel=\"noreferrer noopener\">Ol\u00e1h Gy\u00f6rgy Orsz\u00e1gos K\u00f6z\u00e9piskolai K\u00e9miaverseny (9-12. \u00e9vfolyam)<br><\/a><br><a href=\"https:\/\/durerinfo.hu\" target=\"_blank\" rel=\"noreferrer noopener\">D\u00fcrer K\u00e9miaverseny (9-12. \u00e9vfolyam, 3 f\u0151s csapatverseny)<br><\/a><br><a href=\"https:\/\/kjokv.tudasert.hu\" target=\"_blank\" rel=\"noreferrer noopener\">Kontra J\u00f3zsef Orsz\u00e1gos K\u00e9mia Verseny (8-12. \u00e9vfolyam)<\/a><br><br><a href=\"https:\/\/www.oktatas.hu\/pub_bin\/dload\/kozoktatas\/tanulmanyi_versenyek\/oktv\/oktv2025_2026_vk\/15_kemia_2526.pdf\" target=\"_blank\" rel=\"noreferrer noopener\">Orsz\u00e1gos K\u00f6z\u00e9piskolai Tanulm\u00e1nyi Verseny (11-12. \u00e9vfolyam)<\/a><\/p>\n<\/div><\/div>\n\n\n\n<p class=\"has-text-align-center has-contrast-color has-accent-2-background-color has-text-color has-background has-link-color has-large-font-size wp-elements-7aba8529b4fce6889307331eae59ceea\"><strong>Versenyeredm\u00e9nyek<\/strong> 2024\/25<\/p>\n\n\n\n<div class=\"wp-block-group has-global-padding is-layout-constrained wp-container-core-group-is-layout-c9115f92 wp-block-group-is-layout-constrained\" style=\"padding-right:var(--wp--preset--spacing--20);padding-left:var(--wp--preset--spacing--20)\">\n<ul class=\"wp-block-list kozepre\">\n<li class=\"has-accent-4-color has-text-color has-link-color has-medium-font-size wp-elements-f922be353c986e2345ed76190a8ca951\">D\u00fcrer csapatverseny: <br>K kateg\u00f3ria: <strong>Magyar Borb\u00e1la, Boross Kamilla, Heged\u00fcs Gergely<\/strong> 5.hely<br>(felk\u00e9sz\u00edt\u0151 tan\u00e1r: Csikor Katalin, Kutrov\u00e1cz L\u00e1szl\u00f3)<\/li>\n\n\n\n<li class=\"has-accent-4-color has-text-color has-link-color has-medium-font-size wp-elements-c6564452f55810ebdc7013311a7397b2\">Curie K\u00e9mia Eml\u00e9kverseny: <br><strong>Fazekas Gergely <\/strong>4.hely <br>(felk\u00e9sz\u00edt\u0151 tan\u00e1r: Farkas Ferenc, Kutrov\u00e1cz L\u00e1szl\u00f3)<\/li>\n<\/ul>\n<\/div>\n\n\n\n<p class=\"has-text-align-center has-accent-2-color has-accent-4-background-color has-text-color has-background has-link-color has-large-font-size wp-elements-382f690698325ec97bc47975411a0d1d\"><strong>Versenyeredm\u00e9nyek<\/strong> 2023\/24<\/p>\n\n\n\n<div class=\"wp-block-group has-global-padding is-layout-constrained wp-container-core-group-is-layout-c9115f92 wp-block-group-is-layout-constrained\" style=\"padding-right:var(--wp--preset--spacing--20);padding-left:var(--wp--preset--spacing--20)\">\n<ul class=\"wp-block-list kozepre\">\n<li class=\"has-accent-4-color has-text-color has-link-color has-medium-font-size wp-elements-3b80b0acc02deb538d72eb209f03762d\">D\u00fcrer csapatverseny:<br>K3 kateg\u00f3ria: 3.hely <strong>\u00c1goston M\u00e1t\u00e9, F\u00e1bry Kinga<\/strong><br>(felk\u00e9sz\u00edt\u0151 tan\u00e1r: Kutrov\u00e1cz L\u00e1szl\u00f3) <br><strong>Fazekas Gergely<\/strong> (felk\u00e9sz\u00edt\u0151 tan\u00e1r: Farkas Ferenc, Kutrov\u00e1cz L\u00e1szl\u00f3)<\/li>\n\n\n\n<li class=\"has-link-color has-medium-font-size wp-elements-6474e5d3ca18cc05dfd7d8b5417a9c52\">Curie K\u00e9mia Eml\u00e9kverseny: <br><strong>Heged\u0171s M\u00e1rton<\/strong> 10.hely, (felk\u00e9sz\u00edt\u0151 tan\u00e1r: Csikor Katalin)<br><strong>Orosz T\u00edmea<\/strong> 10. hely (felk\u00e9sz\u00edt\u0151 tan\u00e1r: Kutrov\u00e1cz L\u00e1szl\u00f3)<br><strong>Wiener M\u00e1rton<\/strong> 12. hely (felk\u00e9sz\u00edt\u0151 tan\u00e1r: Kutrov\u00e1cz L\u00e1szl\u00f3)<br><strong>Nagy J\u00e1zmin <\/strong>23. hely (felk\u00e9sz\u00edt\u0151 tan\u00e1r: Kutrov\u00e1cz L\u00e1szl\u00f3)<br><strong>Vida Bori<\/strong> 25.hely (felk\u00e9sz\u00edt\u0151 tan\u00e1r: Kutrov\u00e1cz L\u00e1szl\u00f3)<\/li>\n<\/ul>\n<\/div>\n","protected":false},"excerpt":{"rendered":"<p>Amelyeken indulni szoktunk: Id. Sz\u00e1ntay Csaba Orsz\u00e1gos \u00c1ltal\u00e1nos Iskolai K\u00e9miaverseny (7-8. \u00e9vfolyam, 4 f\u0151s csapatverseny) Curie K\u00e9mia Eml\u00e9kverseny (7-12. \u00e9vfolyam) Irinyi Orsz\u00e1gos K\u00f6z\u00e9piskolai K\u00e9miaverseny (9-10. \u00e9vfolyam)Ol\u00e1h Gy\u00f6rgy Orsz\u00e1gos K\u00f6z\u00e9piskolai K\u00e9miaverseny (9-12. \u00e9vfolyam)D\u00fcrer K\u00e9miaverseny (9-12. \u00e9vfolyam, 3 f\u0151s csapatverseny)Kontra J\u00f3zsef Orsz\u00e1gos K\u00e9mia Verseny (8-12. \u00e9vfolyam) Orsz\u00e1gos K\u00f6z\u00e9piskolai Tanulm\u00e1nyi Verseny (11-12. \u00e9vfolyam) Versenyeredm\u00e9nyek 2024\/25 Versenyeredm\u00e9nyek 2023\/24<\/p>\n","protected":false},"author":1,"featured_media":0,"parent":0,"menu_order":0,"comment_status":"closed","ping_status":"closed","template":"c-mlap","meta":{"footnotes":""},"class_list":["post-751","page","type-page","status-publish","hentry"],"_links":{"self":[{"href":"https:\/\/termtud.eltetrefort.hu\/index.php?rest_route=\/wp\/v2\/pages\/751","targetHints":{"allow":["GET"]}}],"collection":[{"href":"https:\/\/termtud.eltetrefort.hu\/index.php?rest_route=\/wp\/v2\/pages"}],"about":[{"href":"https:\/\/termtud.eltetrefort.hu\/index.php?rest_route=\/wp\/v2\/types\/page"}],"author":[{"embeddable":true,"href":"https:\/\/termtud.eltetrefort.hu\/index.php?rest_route=\/wp\/v2\/users\/1"}],"replies":[{"embeddable":true,"href":"https:\/\/termtud.eltetrefort.hu\/index.php?rest_route=%2Fwp%2Fv2%2Fcomments&post=751"}],"version-history":[{"count":37,"href":"https:\/\/termtud.eltetrefort.hu\/index.php?rest_route=\/wp\/v2\/pages\/751\/revisions"}],"predecessor-version":[{"id":1347,"href":"https:\/\/termtud.eltetrefort.hu\/index.php?rest_route=\/wp\/v2\/pages\/751\/revisions\/1347"}],"wp:attachment":[{"href":"https:\/\/termtud.eltetrefort.hu\/index.php?rest_route=%2Fwp%2Fv2%2Fmedia&parent=751"}],"curies":[{"name":"wp","href":"https:\/\/api.w.org\/{rel}","templated":true}]}}