{"id":87,"date":"2025-12-28T12:08:28","date_gmt":"2025-12-28T11:08:28","guid":{"rendered":"https:\/\/termtud.eltetrefort.hu\/?page_id=87"},"modified":"2026-03-01T21:23:36","modified_gmt":"2026-03-01T20:23:36","slug":"trefort-3ik-emelet","status":"publish","type":"page","link":"https:\/\/termtud.eltetrefort.hu\/","title":{"rendered":"TERM\u00c9SZETTUDOM\u00c1NY"},"content":{"rendered":"\n<p class=\"has-text-align-center\">ELTE Trefort \u00c1goston Gyakorl\u00f3 Gimn\u00e1zium<\/p>\n\n\n\n<h2 class=\"wp-block-heading has-text-align-center\">BIOL\u00d3GIA, F\u00d6LDRAJZ, K\u00c9MIA TANT\u00c1RGYAK K\u00d6Z\u00d6S OLDALA<\/h2>\n\n\n\n<figure class=\"wp-block-gallery aligncenter has-nested-images columns-default is-cropped wp-block-gallery-1 is-layout-flex wp-block-gallery-is-layout-flex\">\n<figure class=\"wp-block-image size-full is-style-default\" style=\"margin-top:var(--wp--preset--spacing--30);margin-right:var(--wp--preset--spacing--60);margin-bottom:var(--wp--preset--spacing--30);margin-left:var(--wp--preset--spacing--60)\"><img loading=\"lazy\" decoding=\"async\" width=\"1920\" height=\"726\" data-id=\"1499\" src=\"http:\/\/termtud.eltetrefort.hu\/wp-content\/uploads\/2026\/03\/hZhQMRWk-scaled-e1772396609850.jpg\" alt=\"\" class=\"wp-image-1499\" srcset=\"https:\/\/termtud.eltetrefort.hu\/wp-content\/uploads\/2026\/03\/hZhQMRWk-scaled-e1772396609850.jpg 1920w, https:\/\/termtud.eltetrefort.hu\/wp-content\/uploads\/2026\/03\/hZhQMRWk-scaled-e1772396609850-300x113.jpg 300w, https:\/\/termtud.eltetrefort.hu\/wp-content\/uploads\/2026\/03\/hZhQMRWk-scaled-e1772396609850-1024x387.jpg 1024w, https:\/\/termtud.eltetrefort.hu\/wp-content\/uploads\/2026\/03\/hZhQMRWk-scaled-e1772396609850-768x290.jpg 768w, https:\/\/termtud.eltetrefort.hu\/wp-content\/uploads\/2026\/03\/hZhQMRWk-scaled-e1772396609850-1536x581.jpg 1536w\" sizes=\"auto, (max-width: 1920px) 100vw, 1920px\" \/><\/figure>\n<\/figure>\n\n\n\n<div class=\"wp-block-group has-accent-2-background-color has-background is-layout-flow wp-container-core-group-is-layout-a77db08e wp-block-group-is-layout-flow\" style=\"border-width:2px\">\n<p class=\"has-text-align-center is-style-default has-contrast-color has-text-color has-link-color has-large-font-size wp-elements-e9747023dfb7234e16fc99c1ae060154\"><strong>AKTU\u00c1LIS H\u00cdREK<\/strong><\/p>\n\n\n\n<div class=\"wp-block-group kozepre is-nowrap is-layout-flex wp-container-core-group-is-layout-6c531013 wp-block-group-is-layout-flex\"><ul style=\"border-style:none;border-width:0px; padding-right:var(--wp--preset--spacing--40);padding-left:var(--wp--preset--spacing--40);margin-right:var(--wp--preset--spacing--60);margin-left:var(--wp--preset--spacing--60);\" class=\"wp-block-latest-posts__list has-link-color kozepre wp-elements-642cabcd57cf56568a0fb77c13ef58b1 wp-block-latest-posts has-text-color has-contrast-color has-background has-accent-2-background-color has-medium-font-size\"><li><a class=\"wp-block-latest-posts__post-title\" href=\"https:\/\/termtud.eltetrefort.hu\/?p=1411\">Term\u00e9szettudom\u00e1nyos H\u00e9t<\/a><div class=\"wp-block-latest-posts__post-excerpt\">Febru\u00e1r 16-20-ig 5. alkalommal ker\u00fclt megrendez\u00e9sre iskol\u00e1nkban a Term\u00e9szettudom\u00e1nyos&nbsp;H\u00e9t, melynek\u2026 <a class=\"wp-block-latest-posts__read-more\" href=\"https:\/\/termtud.eltetrefort.hu\/?p=1411\" rel=\"noopener noreferrer\">Tov\u00e1bbi inform\u00e1ci\u00f3<span class=\"screen-reader-text\">: Term\u00e9szettudom\u00e1nyos H\u00e9t <\/span><\/a><\/div><\/li>\n<li><a class=\"wp-block-latest-posts__post-title\" href=\"https:\/\/termtud.eltetrefort.hu\/?p=354\">Fot\u00f3ki\u00e1ll\u00edt\u00e1s<\/a><div class=\"wp-block-latest-posts__post-excerpt\">Ki\u00e1ll\u00edt\u00e1s ny\u00edlt a Trefort nap alkalm\u00e1b\u00f3l, a k\u00e9sz\u00fcl\u0151 biol\u00f3gia-f\u00f6ldrajz-k\u00e9mia honlaphoz\u2026 <a class=\"wp-block-latest-posts__read-more\" href=\"https:\/\/termtud.eltetrefort.hu\/?p=354\" rel=\"noopener noreferrer\">Tov\u00e1bbi inform\u00e1ci\u00f3<span class=\"screen-reader-text\">: Fot\u00f3ki\u00e1ll\u00edt\u00e1s <\/span><\/a><\/div><\/li>\n<\/ul><\/div>\n<\/div>\n\n\n\n<div class=\"wp-block-columns is-layout-flex wp-container-core-columns-is-layout-28f84493 wp-block-columns-is-layout-flex\">\n<div class=\"wp-block-column has-global-padding is-layout-constrained wp-block-column-is-layout-constrained\" style=\"flex-basis:550px\">\n<h2 class=\"wp-block-heading has-text-align-center has-small-font-size\"><figure><a href=\"https:\/\/termtud.eltetrefort.hu\/?page_id=95\"><img loading=\"lazy\" decoding=\"async\" width=\"150\" height=\"150\" class=\"alignnone wp-image-231 size-thumbnail\" src=\"http:\/\/termtud.eltetrefort.hu\/wp-content\/uploads\/2026\/01\/biologialogojo-150x150.jpg\" alt=\"\" srcset=\"https:\/\/termtud.eltetrefort.hu\/wp-content\/uploads\/2026\/01\/biologialogojo-150x150.jpg 150w, https:\/\/termtud.eltetrefort.hu\/wp-content\/uploads\/2026\/01\/biologialogojo-300x300.jpg 300w, https:\/\/termtud.eltetrefort.hu\/wp-content\/uploads\/2026\/01\/biologialogojo.jpg 459w\" sizes=\"auto, (max-width: 150px) 100vw, 150px\" \/><\/a><\/figure><a href=\"https:\/\/termtud.eltetrefort.hu\/?page_id=95\">A TANT\u00c1RGY SAJ\u00c1T OLDALA<\/a><\/h2>\n<\/div>\n\n\n\n<div class=\"wp-block-column has-global-padding is-layout-constrained wp-block-column-is-layout-constrained\" style=\"flex-basis:550px\">\n<h2 class=\"wp-block-heading has-text-align-center has-small-font-size\"><figure><a href=\"https:\/\/termtud.eltetrefort.hu\/?page_id=283\" data-type=\"page\" data-id=\"283\"><img loading=\"lazy\" decoding=\"async\" width=\"150\" height=\"150\" class=\"alignnone wp-image-232 size-thumbnail\" src=\"http:\/\/termtud.eltetrefort.hu\/wp-content\/uploads\/2026\/01\/Foldrajzlogojo-150x150.jpg\" alt=\"\" srcset=\"https:\/\/termtud.eltetrefort.hu\/wp-content\/uploads\/2026\/01\/Foldrajzlogojo-150x150.jpg 150w, https:\/\/termtud.eltetrefort.hu\/wp-content\/uploads\/2026\/01\/Foldrajzlogojo-300x300.jpg 300w, https:\/\/termtud.eltetrefort.hu\/wp-content\/uploads\/2026\/01\/Foldrajzlogojo.jpg 459w\" sizes=\"auto, (max-width: 150px) 100vw, 150px\" \/><\/a><\/figure><a href=\"https:\/\/termtud.eltetrefort.hu\/?page_id=283\" data-type=\"page\" data-id=\"283\">A TANT\u00c1RGY SAJ\u00c1T OLDALA<\/a><\/h2>\n<\/div>\n\n\n\n<div class=\"wp-block-column has-global-padding is-layout-constrained wp-block-column-is-layout-constrained\" style=\"flex-basis:550px\">\n<h2 class=\"wp-block-heading has-text-align-center has-small-font-size\"><figure><a href=\"https:\/\/termtud.eltetrefort.hu\/?page_id=292\" data-type=\"page\" data-id=\"292\"><img loading=\"lazy\" decoding=\"async\" width=\"150\" height=\"150\" class=\"alignnone wp-image-233 size-thumbnail\" src=\"http:\/\/termtud.eltetrefort.hu\/wp-content\/uploads\/2026\/01\/kemialogojo-150x150.jpg\" alt=\"\" srcset=\"https:\/\/termtud.eltetrefort.hu\/wp-content\/uploads\/2026\/01\/kemialogojo-150x150.jpg 150w, https:\/\/termtud.eltetrefort.hu\/wp-content\/uploads\/2026\/01\/kemialogojo-300x300.jpg 300w, https:\/\/termtud.eltetrefort.hu\/wp-content\/uploads\/2026\/01\/kemialogojo.jpg 459w\" sizes=\"auto, (max-width: 150px) 100vw, 150px\" \/><\/a><\/figure><a href=\"https:\/\/termtud.eltetrefort.hu\/?page_id=292\" data-type=\"page\" data-id=\"292\">A TANT\u00c1RGY SAJ\u00c1T OLDALA<\/a><br><\/h2>\n<\/div>\n<\/div>\n\n\n\n<h4 class=\"wp-block-heading has-text-align-center has-accent-2-color has-accent-4-background-color has-text-color has-background has-link-color wp-elements-96bdc48e2560d0921faa52d74b3041e4\"><strong>TAN\u00c1ROK<\/strong><\/h4>\n\n\n\n<h4 class=\"wp-block-heading has-text-align-center kozepre\"><strong>Boronkai-Horv\u00e1th Zs\u00f3fia:<\/strong> f\u00f6ldrajz, biol\u00f3gia <br><span style=\"color: #008080;\"><em>boronkai.horvath.zsofia@trefort.elte.hu<\/em><br><\/span><strong>Csikor Katalin<\/strong>: k\u00e9mia, biol\u00f3gia <br><span style=\"color: #008080;\"><em>csikor.katalin@trefort.elte.hu<\/em><br><\/span><strong>Er\u0151s-Honti Julianna<\/strong>: biol\u00f3gia<br><em><span style=\"color: #008080;\">eros-honti.julianna@trefort.elte.hu<\/span><\/em><br><strong>Farag\u00f3 Norbert<\/strong>: biol\u00f3gia, k\u00e9mia <br><em><span style=\"color: #008080;\">farago.norbert@trefort.elte.hu<\/span><\/em><br><strong>Farkas Ferenc<\/strong>: k\u00e9mia, matematika <br><em><span style=\"color: #008080;\">farkas.ferenc@trefort.elte.hu<\/span><\/em><br><strong>Fernengel Andr\u00e1s<\/strong>: biol\u00f3gia, k\u00e9mia <br><span style=\"color: #008080;\"><em>fernengel.andras@trefort.elte.hu<\/em><br><\/span><strong>Gedeon G\u00e1bor<\/strong>: biol\u00f3gia<br><em><span style=\"color: #008080;\">gedeon.gabor@trefort.elte.hu<\/span><\/em><br><strong>K\u00e9ri M\u00e1t\u00e9<\/strong>: matematika, k\u00e9mia<br><em><span style=\"color: #008080;\">keri.mate@trefort.elte.hu<\/span><\/em><br><strong>Kis Kelemen \u00c9va<\/strong>: f\u00f6ldrajz<br><em><span style=\"color: #008080;\">kelemen.eva@trefort.elte.hu<\/span><\/em><br><strong>Kutrov\u00e1cz L\u00e1szl\u00f3<\/strong>: k\u00e9mia, biol\u00f3gia <br><em><span style=\"color: #008080;\">kutrovacz.laszlo@trefort.elte.hu<\/span><\/em><br><strong>Koll\u00e1th Ilona: <\/strong>labor\u00e1ns<\/h4>\n\n\n\n<p class=\"has-text-align-center kozepre has-small-font-size\">A honlapunkon szerepl\u0151 fot\u00f3k k\u00e9sz\u00edt\u0151i: Barab\u00e1s Borb\u00e1la, Csorba Zita, Finta Gergely, Jiang Ailin, M\u00e1di-N\u00e1tor Lili, Raza Katarina, Tak\u00e1ts D. Emma, Vecsenyi-Kiss Andr\u00e1s<\/p>\n","protected":false},"excerpt":{"rendered":"<p>ELTE Trefort \u00c1goston Gyakorl\u00f3 Gimn\u00e1zium BIOL\u00d3GIA, F\u00d6LDRAJZ, K\u00c9MIA TANT\u00c1RGYAK K\u00d6Z\u00d6S OLDALA AKTU\u00c1LIS H\u00cdREK A TANT\u00c1RGY SAJ\u00c1T OLDALA A TANT\u00c1RGY SAJ\u00c1T OLDALA A TANT\u00c1RGY SAJ\u00c1T OLDALA TAN\u00c1ROK Boronkai-Horv\u00e1th Zs\u00f3fia: f\u00f6ldrajz, biol\u00f3gia boronkai.horvath.zsofia@trefort.elte.huCsikor Katalin: k\u00e9mia, biol\u00f3gia csikor.katalin@trefort.elte.huEr\u0151s-Honti Julianna: biol\u00f3giaeros-honti.julianna@trefort.elte.huFarag\u00f3 Norbert: biol\u00f3gia, k\u00e9mia farago.norbert@trefort.elte.huFarkas Ferenc: k\u00e9mia, matematika farkas.ferenc@trefort.elte.huFernengel Andr\u00e1s: biol\u00f3gia, k\u00e9mia fernengel.andras@trefort.elte.huGedeon G\u00e1bor: biol\u00f3giagedeon.gabor@trefort.elte.huK\u00e9ri M\u00e1t\u00e9: matematika, k\u00e9miakeri.mate@trefort.elte.huKis Kelemen [&hellip;]<\/p>\n","protected":false},"author":1,"featured_media":89,"parent":0,"menu_order":0,"comment_status":"closed","ping_status":"closed","template":"c-mlap","meta":{"footnotes":""},"class_list":["post-87","page","type-page","status-publish","has-post-thumbnail","hentry"],"_links":{"self":[{"href":"https:\/\/termtud.eltetrefort.hu\/index.php?rest_route=\/wp\/v2\/pages\/87","targetHints":{"allow":["GET"]}}],"collection":[{"href":"https:\/\/termtud.eltetrefort.hu\/index.php?rest_route=\/wp\/v2\/pages"}],"about":[{"href":"https:\/\/termtud.eltetrefort.hu\/index.php?rest_route=\/wp\/v2\/types\/page"}],"author":[{"embeddable":true,"href":"https:\/\/termtud.eltetrefort.hu\/index.php?rest_route=\/wp\/v2\/users\/1"}],"replies":[{"embeddable":true,"href":"https:\/\/termtud.eltetrefort.hu\/index.php?rest_route=%2Fwp%2Fv2%2Fcomments&post=87"}],"version-history":[{"count":141,"href":"https:\/\/termtud.eltetrefort.hu\/index.php?rest_route=\/wp\/v2\/pages\/87\/revisions"}],"predecessor-version":[{"id":1504,"href":"https:\/\/termtud.eltetrefort.hu\/index.php?rest_route=\/wp\/v2\/pages\/87\/revisions\/1504"}],"wp:featuredmedia":[{"embeddable":true,"href":"https:\/\/termtud.eltetrefort.hu\/index.php?rest_route=\/wp\/v2\/media\/89"}],"wp:attachment":[{"href":"https:\/\/termtud.eltetrefort.hu\/index.php?rest_route=%2Fwp%2Fv2%2Fmedia&parent=87"}],"curies":[{"name":"wp","href":"https:\/\/api.w.org\/{rel}","templated":true}]}}