{"id":95,"date":"2025-12-29T21:04:31","date_gmt":"2025-12-29T20:04:31","guid":{"rendered":"https:\/\/termtud.eltetrefort.hu\/?page_id=95"},"modified":"2026-01-21T16:03:51","modified_gmt":"2026-01-21T15:03:51","slug":"biologia","status":"publish","type":"page","link":"https:\/\/termtud.eltetrefort.hu\/?page_id=95","title":{"rendered":"Biol\u00f3gia"},"content":{"rendered":"\n<p class=\"has-text-align-center\">ELTE Trefort \u00c1goston Gyakorl\u00f3 Gimn\u00e1zium<\/p>\n\n\n\n<figure class=\"wp-block-image aligncenter size-large\"><img loading=\"lazy\" decoding=\"async\" width=\"1024\" height=\"343\" src=\"http:\/\/termtud.eltetrefort.hu\/wp-content\/uploads\/2026\/01\/3Raza-Katarina-scaled-e1768246476271-1024x343.jpg\" alt=\"\" class=\"wp-image-257\" srcset=\"https:\/\/termtud.eltetrefort.hu\/wp-content\/uploads\/2026\/01\/3Raza-Katarina-scaled-e1768246476271-1024x343.jpg 1024w, https:\/\/termtud.eltetrefort.hu\/wp-content\/uploads\/2026\/01\/3Raza-Katarina-scaled-e1768246476271-300x101.jpg 300w, https:\/\/termtud.eltetrefort.hu\/wp-content\/uploads\/2026\/01\/3Raza-Katarina-scaled-e1768246476271-768x257.jpg 768w, https:\/\/termtud.eltetrefort.hu\/wp-content\/uploads\/2026\/01\/3Raza-Katarina-scaled-e1768246476271-1536x515.jpg 1536w, https:\/\/termtud.eltetrefort.hu\/wp-content\/uploads\/2026\/01\/3Raza-Katarina-scaled-e1768246476271-2048x686.jpg 2048w\" sizes=\"auto, (max-width: 1024px) 100vw, 1024px\" \/><\/figure>\n\n\n<nav class=\"has-text-color has-accent-2-color has-background has-contrast-background-color is-responsive items-justified-center wp-block-navigation is-content-justification-center is-layout-flex wp-container-core-navigation-is-layout-a89b3969 wp-block-navigation-is-layout-flex\" aria-label=\"Biol\u00f3gia\" \n\t\t data-wp-interactive=\"core\/navigation\" data-wp-context='{\"overlayOpenedBy\":{\"click\":false,\"hover\":false,\"focus\":false},\"type\":\"overlay\",\"roleAttribute\":\"\",\"ariaLabel\":\"Men\\u00fc\"}'><button aria-haspopup=\"dialog\" aria-label=\"Men\u00fc megnyit\u00e1sa\" class=\"wp-block-navigation__responsive-container-open\" \n\t\t\t\tdata-wp-on--click=\"actions.openMenuOnClick\"\n\t\t\t\tdata-wp-on--keydown=\"actions.handleMenuKeydown\"\n\t\t\t><svg width=\"24\" height=\"24\" xmlns=\"http:\/\/www.w3.org\/2000\/svg\" viewBox=\"0 0 24 24\" aria-hidden=\"true\" focusable=\"false\"><path d=\"M4 7.5h16v1.5H4z\"><\/path><path d=\"M4 15h16v1.5H4z\"><\/path><\/svg><\/button>\n\t\t\t\t<div class=\"wp-block-navigation__responsive-container\"  id=\"modal-1\" \n\t\t\t\tdata-wp-class--has-modal-open=\"state.isMenuOpen\"\n\t\t\t\tdata-wp-class--is-menu-open=\"state.isMenuOpen\"\n\t\t\t\tdata-wp-watch=\"callbacks.initMenu\"\n\t\t\t\tdata-wp-on--keydown=\"actions.handleMenuKeydown\"\n\t\t\t\tdata-wp-on--focusout=\"actions.handleMenuFocusout\"\n\t\t\t\ttabindex=\"-1\"\n\t\t\t>\n\t\t\t\t\t<div class=\"wp-block-navigation__responsive-close\" tabindex=\"-1\">\n\t\t\t\t\t\t<div class=\"wp-block-navigation__responsive-dialog\" \n\t\t\t\tdata-wp-bind--aria-modal=\"state.ariaModal\"\n\t\t\t\tdata-wp-bind--aria-label=\"state.ariaLabel\"\n\t\t\t\tdata-wp-bind--role=\"state.roleAttribute\"\n\t\t\t>\n\t\t\t\t\t\t\t<button aria-label=\"Men\u00fc bez\u00e1r\u00e1sa\" class=\"wp-block-navigation__responsive-container-close\" \n\t\t\t\tdata-wp-on--click=\"actions.closeMenuOnClick\"\n\t\t\t><svg xmlns=\"http:\/\/www.w3.org\/2000\/svg\" viewBox=\"0 0 24 24\" width=\"24\" height=\"24\" aria-hidden=\"true\" focusable=\"false\"><path d=\"m13.06 12 6.47-6.47-1.06-1.06L12 10.94 5.53 4.47 4.47 5.53 10.94 12l-6.47 6.47 1.06 1.06L12 13.06l6.47 6.47 1.06-1.06L13.06 12Z\"><\/path><\/svg><\/button>\n\t\t\t\t\t\t\t<div class=\"wp-block-navigation__responsive-container-content\" \n\t\t\t\tdata-wp-watch=\"callbacks.focusFirstElement\"\n\t\t\t id=\"modal-1-content\">\n\t\t\t\t\t\t\t\t<ul class=\"wp-block-navigation__container has-text-color has-accent-2-color has-background has-contrast-background-color is-responsive items-justified-center wp-block-navigation\"><li class=\" wp-block-navigation-item wp-block-navigation-link\"><a class=\"wp-block-navigation-item__content\"  href=\"https:\/\/termtud.eltetrefort.hu\/?page_id=370\"><span class=\"wp-block-navigation-item__label\">Szakk\u00f6r\u00f6k<\/span><\/a><\/li><li class=\" wp-block-navigation-item wp-block-navigation-link\"><a class=\"wp-block-navigation-item__content\"  href=\"https:\/\/termtud.eltetrefort.hu\/?page_id=558\"><span class=\"wp-block-navigation-item__label\">Fajismeret<\/span><\/a><\/li><li class=\" wp-block-navigation-item wp-block-navigation-link\"><a class=\"wp-block-navigation-item__content\"  href=\"https:\/\/termtud.eltetrefort.hu\/?page_id=640\"><span class=\"wp-block-navigation-item__label\">Versenyek<\/span><\/a><\/li><li class=\" wp-block-navigation-item wp-block-navigation-link\"><a class=\"wp-block-navigation-item__content\"  href=\"https:\/\/termtud.eltetrefort.hu\/?page_id=536\"><span class=\"wp-block-navigation-item__label\">Tan\u00e1rk\u00e9pz\u00e9s<\/span><\/a><\/li><li class=\" wp-block-navigation-item wp-block-navigation-link\"><a class=\"wp-block-navigation-item__content\"  href=\"https:\/\/termtud.eltetrefort.hu\/?page_id=655\"><span class=\"wp-block-navigation-item__label\">Nom\u00e1d t\u00e1bor<\/span><\/a><\/li><li class=\" wp-block-navigation-item wp-block-navigation-link\"><a class=\"wp-block-navigation-item__content\"  href=\"https:\/\/termtud.eltetrefort.hu\/?page_id=922\"><span class=\"wp-block-navigation-item__label\">Nemzeti Tud\u00f3sk\u00e9pz\u0151 Akad\u00e9ma<\/span><\/a><\/li><\/ul>\n\t\t\t\t\t\t\t<\/div>\n\t\t\t\t\t\t<\/div>\n\t\t\t\t\t<\/div>\n\t\t\t\t<\/div><\/nav>\n\n\n<p class=\"has-text-align-center has-contrast-color has-accent-2-background-color has-text-color has-background has-link-color has-medium-font-size wp-elements-fd9b5d0e39ed4fbac0b0ba2b18b3fedb\" style=\"border-style:none;border-width:0px\"><strong>\u00dcdv\u00f6z\u00f6lj\u00fck a biol\u00f3gia tant\u00e1rgy oldal\u00e1n!<\/strong><\/p>\n\n\n\n<p class=\"sorkizart has-contrast-color has-text-color has-link-color has-medium-font-size wp-elements-e51f7aca7af83187479185b1b32aa79e\" style=\"margin-right:var(--wp--preset--spacing--60);margin-left:var(--wp--preset--spacing--60)\">Gimn\u00e1ziumunkban hat \u00e9vfolyamos rendszerben, line\u00e1ris tanterv szerint, \u00e1ltal\u00e1nos tanterv\u0171 oszt\u00e1lyokban tan\u00edtjuk a biol\u00f3gi\u00e1t. Ez 7-10. oszt\u00e1lyig heti k\u00e9t \u00f3r\u00e1t jelent. Akik nem szeretn\u00e9nek term\u00e9szettudom\u00e1nyos t\u00e1rgyakb\u00f3l \u00e9retts\u00e9gizni, a 11. \u00e9vfolyamon term\u00e9szettudom\u00e1ny t\u00e1rgyat v\u00e1lasztanak, mely a h\u00e9tk\u00f6znapi \u00e9letben hasznos ismeretekre, k\u00eds\u00e9rletekre, gyakorlati foglalkoz\u00e1sokra f\u00f3kusz\u00e1l. <br>A 11. \u00e9s 12. \u00e9vfolyamokon a t\u00e1rgyat emelt szinten v\u00e1laszt\u00f3 di\u00e1kok heti n\u00e9gy-n\u00e9gy \u00f3r\u00e1ban tanulhatnak n\u00e1lunk biol\u00f3gi\u00e1t. Minden \u00e9vben nagy l\u00e9tsz\u00e1m\u00fa a fakult\u00e1ci\u00f3s csoport, a legt\u00f6bben az orvosi egyetemeken tanulnak tov\u00e1bb, de n\u00e9pszer\u0171 a pszichol\u00f3gia szak is.<br>A k\u00f6rnyezettudatoss\u00e1g fejleszt\u00e9s\u00e9ben fontos szerepet j\u00e1tszik a 9. \u00e9vfolyam nom\u00e1d t\u00e1bora.<br>Iskol\u00e1nkban \u00d6veges-labor m\u0171k\u00f6dik, ami lehet\u0151s\u00e9get biztos\u00edt arra, hogy a tananyag elsaj\u00e1t\u00edt\u00e1sa sor\u00e1n k\u00eds\u00e9rleteket, mikroszk\u00f3pi vizsg\u00e1latokat v\u00e9gezz\u00fcnk. A labor fontos helysz\u00edne a biol\u00f3gia szakk\u00f6r\u00f6knek, \u00e9s kiemelked\u0151 szerepe van a di\u00e1kok motiv\u00e1l\u00e1s\u00e1ban, a term\u00e9szettudom\u00e1nyos kompetenci\u00e1ik fejleszt\u00e9s\u00e9ben, \u00e9s az \u00e9retts\u00e9gire \u00e9s versenyekre val\u00f3 felk\u00e9sz\u00fcl\u00e9sben. T\u00e1rgyunk ir\u00e1nti \u00e9rdekl\u0151d\u00e9st, lelkesed\u00e9st a k\u00e9t\u00e9vente megrendezett, &#8222;<em>Term\u00e9szettudom\u00e1nyos h\u00e9t<\/em>&#8221; elnevez\u00e9s\u0171, sz\u00ednes programokban gazdag  rendezv\u00e9ny\u00fcnkkel is igyeksz\u00fcnk fokozni.<\/p>\n\n\n\n<p class=\"has-contrast-color has-text-color has-link-color has-small-font-size wp-elements-96493bb4ab7e899b0a525f80d28ee695\" style=\"margin-right:var(--wp--preset--spacing--60);margin-left:var(--wp--preset--spacing--60)\">&#8222;Mondd el \u00e9s elfelejtem; mutasd meg \u00e9s megjegyzem; engedd, hogy csin\u00e1ljam \u00e9s meg\u00e9rtem. &#8221; \/Konfuciusz\/<\/p>\n\n\n\n<figure class=\"wp-block-gallery has-nested-images columns-3 is-cropped wp-block-gallery-2 is-layout-flex wp-block-gallery-is-layout-flex\" style=\"margin-right:var(--wp--preset--spacing--50);margin-left:var(--wp--preset--spacing--50)\">\n<figure class=\"wp-block-image size-large\"><img loading=\"lazy\" decoding=\"async\" width=\"768\" height=\"1024\" data-id=\"321\" src=\"https:\/\/termtud.eltetrefort.hu\/wp-content\/uploads\/2026\/01\/DSC02463-finta-geri-768x1024.jpg\" alt=\"\" class=\"wp-image-321\" srcset=\"https:\/\/termtud.eltetrefort.hu\/wp-content\/uploads\/2026\/01\/DSC02463-finta-geri-768x1024.jpg 768w, https:\/\/termtud.eltetrefort.hu\/wp-content\/uploads\/2026\/01\/DSC02463-finta-geri-225x300.jpg 225w, https:\/\/termtud.eltetrefort.hu\/wp-content\/uploads\/2026\/01\/DSC02463-finta-geri-1152x1536.jpg 1152w, https:\/\/termtud.eltetrefort.hu\/wp-content\/uploads\/2026\/01\/DSC02463-finta-geri-1536x2048.jpg 1536w, https:\/\/termtud.eltetrefort.hu\/wp-content\/uploads\/2026\/01\/DSC02463-finta-geri-scaled.jpg 1920w\" sizes=\"auto, (max-width: 768px) 100vw, 768px\" \/><figcaption class=\"wp-element-caption\">biol\u00f3gia tan\u00e1ri (Finta Gergely)<\/figcaption><\/figure>\n\n\n\n<figure class=\"wp-block-image size-large\"><img loading=\"lazy\" decoding=\"async\" width=\"1024\" height=\"768\" data-id=\"322\" src=\"https:\/\/termtud.eltetrefort.hu\/wp-content\/uploads\/2026\/01\/DSC02467-finta-geri-1024x768.jpg\" alt=\"\" class=\"wp-image-322\" srcset=\"https:\/\/termtud.eltetrefort.hu\/wp-content\/uploads\/2026\/01\/DSC02467-finta-geri-1024x768.jpg 1024w, https:\/\/termtud.eltetrefort.hu\/wp-content\/uploads\/2026\/01\/DSC02467-finta-geri-300x225.jpg 300w, https:\/\/termtud.eltetrefort.hu\/wp-content\/uploads\/2026\/01\/DSC02467-finta-geri-768x576.jpg 768w, https:\/\/termtud.eltetrefort.hu\/wp-content\/uploads\/2026\/01\/DSC02467-finta-geri-1536x1152.jpg 1536w, https:\/\/termtud.eltetrefort.hu\/wp-content\/uploads\/2026\/01\/DSC02467-finta-geri-2048x1536.jpg 2048w\" sizes=\"auto, (max-width: 1024px) 100vw, 1024px\" \/><figcaption class=\"wp-element-caption\">z\u00f6ld kupola (Finta Gergely)<\/figcaption><\/figure>\n\n\n\n<figure class=\"wp-block-image size-large\"><img loading=\"lazy\" decoding=\"async\" width=\"1024\" height=\"768\" data-id=\"323\" src=\"https:\/\/termtud.eltetrefort.hu\/wp-content\/uploads\/2026\/01\/DSC02483-finta-geri-1024x768.jpg\" alt=\"\" class=\"wp-image-323\" srcset=\"https:\/\/termtud.eltetrefort.hu\/wp-content\/uploads\/2026\/01\/DSC02483-finta-geri-1024x768.jpg 1024w, https:\/\/termtud.eltetrefort.hu\/wp-content\/uploads\/2026\/01\/DSC02483-finta-geri-300x225.jpg 300w, https:\/\/termtud.eltetrefort.hu\/wp-content\/uploads\/2026\/01\/DSC02483-finta-geri-768x576.jpg 768w, https:\/\/termtud.eltetrefort.hu\/wp-content\/uploads\/2026\/01\/DSC02483-finta-geri-1536x1152.jpg 1536w, https:\/\/termtud.eltetrefort.hu\/wp-content\/uploads\/2026\/01\/DSC02483-finta-geri-2048x1536.jpg 2048w\" sizes=\"auto, (max-width: 1024px) 100vw, 1024px\" \/><figcaption class=\"wp-element-caption\">Heim P\u00e1l labor (Finta Gergely)<\/figcaption><\/figure>\n\n\n\n<figure class=\"wp-block-image size-large\"><img loading=\"lazy\" decoding=\"async\" width=\"1024\" height=\"768\" data-id=\"324\" src=\"https:\/\/termtud.eltetrefort.hu\/wp-content\/uploads\/2026\/01\/DSC02497-Finta-geri-1024x768.jpg\" alt=\"\" class=\"wp-image-324\" srcset=\"https:\/\/termtud.eltetrefort.hu\/wp-content\/uploads\/2026\/01\/DSC02497-Finta-geri-1024x768.jpg 1024w, https:\/\/termtud.eltetrefort.hu\/wp-content\/uploads\/2026\/01\/DSC02497-Finta-geri-300x225.jpg 300w, https:\/\/termtud.eltetrefort.hu\/wp-content\/uploads\/2026\/01\/DSC02497-Finta-geri-768x576.jpg 768w, https:\/\/termtud.eltetrefort.hu\/wp-content\/uploads\/2026\/01\/DSC02497-Finta-geri-1536x1152.jpg 1536w, https:\/\/termtud.eltetrefort.hu\/wp-content\/uploads\/2026\/01\/DSC02497-Finta-geri-2048x1536.jpg 2048w\" sizes=\"auto, (max-width: 1024px) 100vw, 1024px\" \/><figcaption class=\"wp-element-caption\">biol\u00f3gia el\u0151ad\u00f3 (Finta Gergely)<\/figcaption><\/figure>\n\n\n\n<figure class=\"wp-block-image size-large\"><img loading=\"lazy\" decoding=\"async\" width=\"1024\" height=\"768\" data-id=\"325\" src=\"https:\/\/termtud.eltetrefort.hu\/wp-content\/uploads\/2026\/01\/DSC02498-finta-geri-1024x768.jpg\" alt=\"\" class=\"wp-image-325\" srcset=\"https:\/\/termtud.eltetrefort.hu\/wp-content\/uploads\/2026\/01\/DSC02498-finta-geri-1024x768.jpg 1024w, https:\/\/termtud.eltetrefort.hu\/wp-content\/uploads\/2026\/01\/DSC02498-finta-geri-300x225.jpg 300w, https:\/\/termtud.eltetrefort.hu\/wp-content\/uploads\/2026\/01\/DSC02498-finta-geri-768x576.jpg 768w, https:\/\/termtud.eltetrefort.hu\/wp-content\/uploads\/2026\/01\/DSC02498-finta-geri-1536x1152.jpg 1536w, https:\/\/termtud.eltetrefort.hu\/wp-content\/uploads\/2026\/01\/DSC02498-finta-geri-2048x1536.jpg 2048w\" sizes=\"auto, (max-width: 1024px) 100vw, 1024px\" \/><figcaption class=\"wp-element-caption\">muze\u00e1lis \u00e9rt\u00e9keink (Finta Gergely)<\/figcaption><\/figure>\n<\/figure>\n\n\n\n<div class=\"wp-block-group has-global-padding is-layout-constrained wp-block-group-is-layout-constrained\">\n<p><\/p>\n<\/div>\n","protected":false},"excerpt":{"rendered":"<p>ELTE Trefort \u00c1goston Gyakorl\u00f3 Gimn\u00e1zium \u00dcdv\u00f6z\u00f6lj\u00fck a biol\u00f3gia tant\u00e1rgy oldal\u00e1n! Gimn\u00e1ziumunkban hat \u00e9vfolyamos rendszerben, line\u00e1ris tanterv szerint, \u00e1ltal\u00e1nos tanterv\u0171 oszt\u00e1lyokban tan\u00edtjuk a biol\u00f3gi\u00e1t. Ez 7-10. oszt\u00e1lyig heti k\u00e9t \u00f3r\u00e1t jelent. Akik nem szeretn\u00e9nek term\u00e9szettudom\u00e1nyos t\u00e1rgyakb\u00f3l \u00e9retts\u00e9gizni, a 11. \u00e9vfolyamon term\u00e9szettudom\u00e1ny t\u00e1rgyat v\u00e1lasztanak, mely a h\u00e9tk\u00f6znapi \u00e9letben hasznos ismeretekre, k\u00eds\u00e9rletekre, gyakorlati foglalkoz\u00e1sokra f\u00f3kusz\u00e1l. A 11. \u00e9s [&hellip;]<\/p>\n","protected":false},"author":1,"featured_media":257,"parent":0,"menu_order":0,"comment_status":"closed","ping_status":"closed","template":"c-mlap","meta":{"footnotes":""},"class_list":["post-95","page","type-page","status-publish","has-post-thumbnail","hentry"],"_links":{"self":[{"href":"https:\/\/termtud.eltetrefort.hu\/index.php?rest_route=\/wp\/v2\/pages\/95","targetHints":{"allow":["GET"]}}],"collection":[{"href":"https:\/\/termtud.eltetrefort.hu\/index.php?rest_route=\/wp\/v2\/pages"}],"about":[{"href":"https:\/\/termtud.eltetrefort.hu\/index.php?rest_route=\/wp\/v2\/types\/page"}],"author":[{"embeddable":true,"href":"https:\/\/termtud.eltetrefort.hu\/index.php?rest_route=\/wp\/v2\/users\/1"}],"replies":[{"embeddable":true,"href":"https:\/\/termtud.eltetrefort.hu\/index.php?rest_route=%2Fwp%2Fv2%2Fcomments&post=95"}],"version-history":[{"count":49,"href":"https:\/\/termtud.eltetrefort.hu\/index.php?rest_route=\/wp\/v2\/pages\/95\/revisions"}],"predecessor-version":[{"id":1381,"href":"https:\/\/termtud.eltetrefort.hu\/index.php?rest_route=\/wp\/v2\/pages\/95\/revisions\/1381"}],"wp:featuredmedia":[{"embeddable":true,"href":"https:\/\/termtud.eltetrefort.hu\/index.php?rest_route=\/wp\/v2\/media\/257"}],"wp:attachment":[{"href":"https:\/\/termtud.eltetrefort.hu\/index.php?rest_route=%2Fwp%2Fv2%2Fmedia&parent=95"}],"curies":[{"name":"wp","href":"https:\/\/api.w.org\/{rel}","templated":true}]}}